{"id":5266,"date":"2024-02-13T19:41:55","date_gmt":"2024-02-13T18:41:55","guid":{"rendered":"https:\/\/sportyheaven.pl\/?post_type=product&#038;p=5266"},"modified":"2024-02-13T19:45:39","modified_gmt":"2024-02-13T18:45:39","slug":"trofeum-szklane-pilka-nozna-czarny-postument-vl1-soc1","status":"publish","type":"product","link":"https:\/\/sportyheaven.pl\/en\/sklep\/trofeum-szklane-pilka-nozna-czarny-postument-vl1-soc1\/","title":{"rendered":"Trofeum szklane Pi\u0142ka no\u017cna czarny postument VL1\/SOC1"},"content":{"rendered":"<p>Na wybranych przez Pa\u0144stwa trofeach oferujemy us\u0142ug\u0119 personalizacji napis\u00f3w.<\/p>\n<p>Prosimy o dodanie odpowiedniej ilo\u015bci napis\u00f3w do koszyka oraz podanie ich tre\u015bci w sekcji \u201eUwagi do produktu\u201d.<\/p>\n<p>Mo\u017cna r\u00f3wnie\u017c doda\u0107 napis klikaj\u0105c:<\/p>\n<h4><a href=\"https:\/\/sportyheaven.pl\/en\/product-category\/tablets\/trophy-plaques\/\"><em><strong>TABLICZKI<\/strong><\/em><\/a><\/h4>\n<p>&nbsp;<\/p>\n","protected":false},"excerpt":{"rendered":"<p>Materia\u0142 wykonania: szk\u0142o, marmur<br \/>\nGrubo\u015b\u0107 szk\u0142a: 1 cm<br \/>\nWysoko\u015b\u0107:<br \/>\nVL1-A &#8211; 22,5 cm<br \/>\nVL1-B &#8211; 20,5 cm<br \/>\nVL1-C &#8211; 17,5 cm<br \/>\nVL1-D &#8211; 15 cm<br \/>\nGwarancja &#8211; Tak<br \/>\nStan &#8211; Nowy<\/p>\n","protected":false},"featured_media":5268,"template":"","meta":{"_acf_changed":false},"marka":[421],"product_cat":[190,191],"product_tag":[440,422,437,443,438,423,444,436],"class_list":{"0":"post-5266","1":"product","2":"type-product","3":"status-publish","4":"has-post-thumbnail","6":"marka-tryumf","7":"product_cat-dyscypliny-sportowe","8":"product_cat-trofea-pilka-nozna","9":"product_tag-puchar","10":"product_tag-puchary","11":"product_tag-puchary-pilka-nozna","12":"product_tag-puchary-pilkarskie","13":"product_tag-statuetka","14":"product_tag-trofea","15":"product_tag-trofea-dla-szkol","16":"product_tag-trofea-pilkarskie","18":"first","19":"instock","20":"taxable","21":"shipping-taxable","22":"product-type-simple"},"acf":[],"_links":{"self":[{"href":"https:\/\/sportyheaven.pl\/en\/wp-json\/wp\/v2\/product\/5266","targetHints":{"allow":["GET"]}}],"collection":[{"href":"https:\/\/sportyheaven.pl\/en\/wp-json\/wp\/v2\/product"}],"about":[{"href":"https:\/\/sportyheaven.pl\/en\/wp-json\/wp\/v2\/types\/product"}],"version-history":[{"count":4,"href":"https:\/\/sportyheaven.pl\/en\/wp-json\/wp\/v2\/product\/5266\/revisions"}],"predecessor-version":[{"id":5273,"href":"https:\/\/sportyheaven.pl\/en\/wp-json\/wp\/v2\/product\/5266\/revisions\/5273"}],"wp:featuredmedia":[{"embeddable":true,"href":"https:\/\/sportyheaven.pl\/en\/wp-json\/wp\/v2\/media\/5268"}],"wp:attachment":[{"href":"https:\/\/sportyheaven.pl\/en\/wp-json\/wp\/v2\/media?parent=5266"}],"wp:term":[{"taxonomy":"marka","embeddable":true,"href":"https:\/\/sportyheaven.pl\/en\/wp-json\/wp\/v2\/marka?post=5266"},{"taxonomy":"product_cat","embeddable":true,"href":"https:\/\/sportyheaven.pl\/en\/wp-json\/wp\/v2\/product_cat?post=5266"},{"taxonomy":"product_tag","embeddable":true,"href":"https:\/\/sportyheaven.pl\/en\/wp-json\/wp\/v2\/product_tag?post=5266"}],"curies":[{"name":"wp","href":"https:\/\/api.w.org\/{rel}","templated":true}]}}