{"id":5261,"date":"2024-02-13T19:35:21","date_gmt":"2024-02-13T18:35:21","guid":{"rendered":"https:\/\/sportyheaven.pl\/?post_type=product&#038;p=5261"},"modified":"2024-02-13T19:35:22","modified_gmt":"2024-02-13T18:35:22","slug":"trofeum-szklane-pilka-nozna-czarny-postument-vl1-soc2","status":"publish","type":"product","link":"https:\/\/sportyheaven.pl\/en\/sklep\/trofeum-szklane-pilka-nozna-czarny-postument-vl1-soc2\/","title":{"rendered":"Trofeum szklane Pi\u0142ka No\u017cna czarny postument VL1\/SOC2"},"content":{"rendered":"<p>Na wybranych przez Pa\u0144stwa trofeach oferujemy us\u0142ug\u0119 personalizacji napis\u00f3w.<\/p>\n<p>Prosimy o dodanie odpowiedniej ilo\u015bci napis\u00f3w do koszyka oraz podanie ich tre\u015bci w sekcji \u201eUwagi do produktu\u201d.<\/p>\n<p>Mo\u017cna r\u00f3wnie\u017c doda\u0107 napis klikaj\u0105c:<\/p>\n<h4><a href=\"https:\/\/sportyheaven.pl\/en\/product-category\/tablets\/trophy-plaques\/\"><em><strong>TABLICZKI<\/strong><\/em><\/a><\/h4>\n<p>&nbsp;<\/p>\n","protected":false},"excerpt":{"rendered":"<p>Materia\u0142 wykonania: szk\u0142o, marmur<\/p>\n<p>Grubo\u015b\u0107 szk\u0142a: 1 cm<\/p>\n<p><span class=\"dictionary__name_txt\">Marka &#8211;\u00a0<\/span>Tryumf<\/p>\n<p>Symbol &#8211; VL1-D\/SOC2\/BK<\/p>\n<p><span class=\"dictionary__name_txt\">Gearancja &#8211; <\/span>Tak<\/p>\n<div class=\"dictionary__param mb-4\">\n<div class=\"dictionary__name mr-1\"><span class=\"dictionary__name_txt\">Stan &#8211; <\/span>Nowy<\/div>\n<div class=\"dictionary__name mr-1\">Wysoko\u015b\u0107:<\/div>\n<div class=\"dictionary__name mr-1\">VL1-A &#8211; 22,5 cm<\/div>\n<div class=\"dictionary__name mr-1\">VL1-B &#8211; 20,5 cm<\/div>\n<div class=\"dictionary__name mr-1\">VL1-C &#8211; 17,5 cm<\/div>\n<div class=\"dictionary__name mr-1\">VL1-D &#8211; 15 cm<\/div>\n<div class=\"dictionary__name mr-1\">Wysoko\u015b\u0107 &#8211; B<\/div>\n<\/div>\n","protected":false},"featured_media":5263,"template":"","meta":{"_acf_changed":false},"marka":[421],"product_cat":[191],"product_tag":[440,422,441,437,443,423,442],"class_list":{"0":"post-5261","1":"product","2":"type-product","3":"status-publish","4":"has-post-thumbnail","6":"marka-tryumf","7":"product_cat-trofea-pilka-nozna","8":"product_tag-puchar","9":"product_tag-puchary","10":"product_tag-puchary-dla-szkol","11":"product_tag-puchary-pilka-nozna","12":"product_tag-puchary-pilkarskie","13":"product_tag-trofea","14":"product_tag-trofea-pilka-nozna","16":"first","17":"instock","18":"sale","19":"taxable","20":"shipping-taxable","21":"purchasable","22":"product-type-simple"},"acf":[],"_links":{"self":[{"href":"https:\/\/sportyheaven.pl\/en\/wp-json\/wp\/v2\/product\/5261","targetHints":{"allow":["GET"]}}],"collection":[{"href":"https:\/\/sportyheaven.pl\/en\/wp-json\/wp\/v2\/product"}],"about":[{"href":"https:\/\/sportyheaven.pl\/en\/wp-json\/wp\/v2\/types\/product"}],"version-history":[{"count":1,"href":"https:\/\/sportyheaven.pl\/en\/wp-json\/wp\/v2\/product\/5261\/revisions"}],"predecessor-version":[{"id":5265,"href":"https:\/\/sportyheaven.pl\/en\/wp-json\/wp\/v2\/product\/5261\/revisions\/5265"}],"wp:featuredmedia":[{"embeddable":true,"href":"https:\/\/sportyheaven.pl\/en\/wp-json\/wp\/v2\/media\/5263"}],"wp:attachment":[{"href":"https:\/\/sportyheaven.pl\/en\/wp-json\/wp\/v2\/media?parent=5261"}],"wp:term":[{"taxonomy":"marka","embeddable":true,"href":"https:\/\/sportyheaven.pl\/en\/wp-json\/wp\/v2\/marka?post=5261"},{"taxonomy":"product_cat","embeddable":true,"href":"https:\/\/sportyheaven.pl\/en\/wp-json\/wp\/v2\/product_cat?post=5261"},{"taxonomy":"product_tag","embeddable":true,"href":"https:\/\/sportyheaven.pl\/en\/wp-json\/wp\/v2\/product_tag?post=5261"}],"curies":[{"name":"wp","href":"https:\/\/api.w.org\/{rel}","templated":true}]}}