{"id":5247,"date":"2024-01-31T22:30:40","date_gmt":"2024-01-31T21:30:40","guid":{"rendered":"https:\/\/sportyheaven.pl\/?post_type=product&#038;p=5247"},"modified":"2024-01-31T22:32:13","modified_gmt":"2024-01-31T21:32:13","slug":"5247","status":"publish","type":"product","link":"https:\/\/sportyheaven.pl\/en\/sklep\/5247\/","title":{"rendered":"Trofeum szklane Pi\u0142ka no\u017cna czarny postument VL1\/SOC3"},"content":{"rendered":"<p>Na wybranych przez Pa\u0144stwa trofeach oferujemy us\u0142ug\u0119 personalizacji napis\u00f3w.<\/p>\n<p>Prosimy o dodanie odpowiedniej ilo\u015bci napis\u00f3w do koszyka oraz podanie ich tre\u015bci w sekcji &#8220;Uwagi do produktu&#8221;.<\/p>\n<p>Mo\u017cna r\u00f3wnie\u017c doda\u0107 napis klikaj\u0105c:<\/p>\n<h4><a href=\"https:\/\/sportyheaven.pl\/en\/product-category\/tablets\/trophy-plaques\/\"><em><strong>TABLICZKI<\/strong><\/em><\/a><\/h4>\n","protected":false},"excerpt":{"rendered":"<ul>\n<li>Materia\u0142 wykonania: szk\u0142o, marmur<\/li>\n<li>Grubo\u015b\u0107 szk\u0142a: 1 cm<\/li>\n<li>Wysoko\u015b\u0107:\u00a0 VL1-D &#8211; 15 cm<\/li>\n<li>\n<div class=\"dictionary__name mr-1\"><span class=\"dictionary__name_txt\">Symbol: <\/span>VL1-D\/SOC3\/BK<\/div>\n<\/li>\n<\/ul>\n","protected":false},"featured_media":5248,"template":"","meta":{"_acf_changed":false},"marka":[421],"product_cat":[252],"product_tag":[422,437,438,439,423,436],"class_list":{"0":"post-5247","1":"product","2":"type-product","3":"status-publish","4":"has-post-thumbnail","6":"marka-tryumf","7":"product_cat-trophies-football","8":"product_tag-puchary","9":"product_tag-puchary-pilka-nozna","10":"product_tag-statuetka","11":"product_tag-statuetki","12":"product_tag-trofea","13":"product_tag-trofea-pilkarskie","15":"first","16":"instock","17":"sale","18":"taxable","19":"shipping-taxable","20":"purchasable","21":"product-type-simple"},"acf":[],"_links":{"self":[{"href":"https:\/\/sportyheaven.pl\/en\/wp-json\/wp\/v2\/product\/5247","targetHints":{"allow":["GET"]}}],"collection":[{"href":"https:\/\/sportyheaven.pl\/en\/wp-json\/wp\/v2\/product"}],"about":[{"href":"https:\/\/sportyheaven.pl\/en\/wp-json\/wp\/v2\/types\/product"}],"version-history":[{"count":1,"href":"https:\/\/sportyheaven.pl\/en\/wp-json\/wp\/v2\/product\/5247\/revisions"}],"predecessor-version":[{"id":5262,"href":"https:\/\/sportyheaven.pl\/en\/wp-json\/wp\/v2\/product\/5247\/revisions\/5262"}],"wp:featuredmedia":[{"embeddable":true,"href":"https:\/\/sportyheaven.pl\/en\/wp-json\/wp\/v2\/media\/5248"}],"wp:attachment":[{"href":"https:\/\/sportyheaven.pl\/en\/wp-json\/wp\/v2\/media?parent=5247"}],"wp:term":[{"taxonomy":"marka","embeddable":true,"href":"https:\/\/sportyheaven.pl\/en\/wp-json\/wp\/v2\/marka?post=5247"},{"taxonomy":"product_cat","embeddable":true,"href":"https:\/\/sportyheaven.pl\/en\/wp-json\/wp\/v2\/product_cat?post=5247"},{"taxonomy":"product_tag","embeddable":true,"href":"https:\/\/sportyheaven.pl\/en\/wp-json\/wp\/v2\/product_tag?post=5247"}],"curies":[{"name":"wp","href":"https:\/\/api.w.org\/{rel}","templated":true}]}}