{"id":5239,"date":"2024-01-31T22:24:32","date_gmt":"2024-01-31T21:24:32","guid":{"rendered":"https:\/\/sportyheaven.pl\/?post_type=product&#038;p=5239"},"modified":"2024-01-31T22:24:32","modified_gmt":"2024-01-31T21:24:32","slug":"tabliczka-uv-na-trofea-puchary-statuetki","status":"publish","type":"product","link":"https:\/\/sportyheaven.pl\/en\/sklep\/tabliczka-uv-na-trofea-puchary-statuetki\/","title":{"rendered":"Tabliczka UV na trofea \/ puchary \/ statuetki"},"content":{"rendered":"<p>W naszej firmie oferujemy r\u00f3wnie\u017c us\u0142ugi personalizacji za pomoc\u0105 technologii UV. Proces ten obejmuje precyzyjne nanoszenie profesjonalnych napis\u00f3w atramentem drukarskim na specjalnie przygotowan\u0105 tabliczk\u0119 metalow\u0105. Po wykonaniu nadruku, tabliczka z napisem jest poddana procesowi termicznego utwardzania. Napisy stworzone przy u\u017cyciu tej technologii s\u0105 por\u00f3wnywalne pod wzgl\u0119dem parametr\u00f3w do tych wykonanych za pomoc\u0105 technologii laserowej.<\/p>\n<p>Tabliczki w technologii UV dost\u0119pne s\u0105 w r\u00f3\u017cnych wymiarach: 5 x 2 cm, 6 x 2 cm, 7 x 3 cm, 8 x 4 cm oraz 10 x 5 cm. Wyb\u00f3r rozmiaru tabliczki jest indywidualnie dostosowywany przez naszych pracownik\u00f3w w zale\u017cno\u015bci od zakupionego produktu i dost\u0119pnej przestrzeni na personalizacj\u0119.<\/p>\n<p>Zamieszczone zdj\u0119cia przedstawiaj\u0105 przyk\u0142adowe realizacje.<\/p>\n","protected":false},"excerpt":{"rendered":"<ul>\n<li>Wykonanie tabliczki na trofea z wybran\u0105 dedykacj\u0105 w technologii UV<\/li>\n<\/ul>\n","protected":false},"featured_media":5240,"template":"","meta":{"_acf_changed":false},"marka":[428],"product_cat":[218],"product_tag":[422,425,434,435,433],"class_list":{"0":"post-5239","1":"product","2":"type-product","3":"status-publish","4":"has-post-thumbnail","6":"marka-kaja-trofea","7":"product_cat-tabliczki-na-trofea","8":"product_tag-puchary","9":"product_tag-tabliczki","10":"product_tag-tabliczki-na-medale","11":"product_tag-tabliczki-na-statuetki","12":"product_tag-tabliczki-na-trofea","14":"first","15":"instock","16":"taxable","17":"shipping-taxable","18":"purchasable","19":"product-type-simple"},"acf":[],"_links":{"self":[{"href":"https:\/\/sportyheaven.pl\/en\/wp-json\/wp\/v2\/product\/5239","targetHints":{"allow":["GET"]}}],"collection":[{"href":"https:\/\/sportyheaven.pl\/en\/wp-json\/wp\/v2\/product"}],"about":[{"href":"https:\/\/sportyheaven.pl\/en\/wp-json\/wp\/v2\/types\/product"}],"version-history":[{"count":0,"href":"https:\/\/sportyheaven.pl\/en\/wp-json\/wp\/v2\/product\/5239\/revisions"}],"wp:featuredmedia":[{"embeddable":true,"href":"https:\/\/sportyheaven.pl\/en\/wp-json\/wp\/v2\/media\/5240"}],"wp:attachment":[{"href":"https:\/\/sportyheaven.pl\/en\/wp-json\/wp\/v2\/media?parent=5239"}],"wp:term":[{"taxonomy":"marka","embeddable":true,"href":"https:\/\/sportyheaven.pl\/en\/wp-json\/wp\/v2\/marka?post=5239"},{"taxonomy":"product_cat","embeddable":true,"href":"https:\/\/sportyheaven.pl\/en\/wp-json\/wp\/v2\/product_cat?post=5239"},{"taxonomy":"product_tag","embeddable":true,"href":"https:\/\/sportyheaven.pl\/en\/wp-json\/wp\/v2\/product_tag?post=5239"}],"curies":[{"name":"wp","href":"https:\/\/api.w.org\/{rel}","templated":true}]}}