{"id":5183,"date":"2023-12-13T13:21:15","date_gmt":"2023-12-13T12:21:15","guid":{"rendered":"https:\/\/sportyheaven.pl\/shop\/lizard-boxing-gloves\/"},"modified":"2024-01-25T14:30:21","modified_gmt":"2024-01-25T13:30:21","slug":"rekawice-bokserskie-lizard","status":"publish","type":"product","link":"https:\/\/sportyheaven.pl\/en\/shop\/rekawice-bokserskie-lizard\/","title":{"rendered":"LIZARD boxing gloves"},"content":{"rendered":"<p>&nbsp;<\/p>\n<pre id=\"tw-target-text\" dir=\"ltr\" style=\"text-align: left;\"><span style=\"font-size: 11pt;\"><span style=\"font-size: 11pt;\"><span style=\"font-family: 'Open Sans', sans-serif; font-size: 10pt;\"><strong>R\u0119kawica bokserska LIZARD<\/strong><\/span>\r\n\r\n<span style=\"font-family: 'Open Sans', sans-serif; font-size: 10pt;\">- R\u0119kawice bokserskie z innowacyjnym podw\u00f3jnym k\u0105tem V-Strap <\/span>\r\n<span style=\"font-family: 'Open Sans', sans-serif; font-size: 10pt;\">- Wrist-Lock 2 System, kt\u00f3ry zapewnia lepsze podparcie nadgarstka i d\u0142oni, ni\u017c wi\u0119kszo\u015b\u0107 dost\u0119pnych obecnie r\u0119kawic.<\/span>\r\n<\/span><\/span>\r\n<\/pre>\n<p><span style=\"font-family: 'Open Sans', sans-serif; font-size: 10pt;\">\u2022 Wzmocniona w stosunku do tradycyjnej sk\u00f3ry, pow\u0142oka z mikrofibry dla niebywa\u0142ej wytrzyma\u0142o\u015bci<\/span><br \/>\n<span style=\"font-family: 'Open Sans', sans-serif; font-size: 10pt;\">\u2022 System zapi\u0119cia V-Strap<\/span><br \/>\n<span style=\"font-family: 'Open Sans', sans-serif; font-size: 10pt;\">\u2022 System AirFlow Control wentyluje d\u0142o\u0144 <\/span><br \/>\n<span style=\"font-family: 'Open Sans', sans-serif; font-size: 10pt;\">\u2022 Zapi\u0119cie pod k\u0105tem 15\u00b0 dla anatomicznego dopasowania<\/span><br \/>\n<span style=\"font-family: 'Open Sans', sans-serif; font-size: 10pt;\">\u2022 Laminowana, oddychaj\u0105ca podszewka <\/span><br \/>\n<span style=\"font-family: 'Open Sans', sans-serif; font-size: 10pt;\">\u2022 Gruby na 5cm wk\u0142ad z my\u015bl\u0105 o najintensywniejszych sparingach<\/span><\/p>\n<p><span style=\"font-size: 11pt;\"><br \/>\n<span style=\"font-family: 'Open Sans', sans-serif; font-size: 10pt;\"><strong>Dane techniczne:<\/strong><\/span><br \/>\n<span style=\"font-family: 'Open Sans', sans-serif; font-size: 10pt;\">&#8211; Lepsze dopasowanie<\/span><br \/>\n<span style=\"font-family: 'Open Sans', sans-serif; font-size: 10pt;\">&#8211; Ulepszona podszewka<\/span><br \/>\n<span style=\"font-family: 'Open Sans', sans-serif; font-size: 10pt;\">&#8211; Wykonane ze sk\u00f3ry naturalnej<\/span><br \/>\n<span style=\"font-family: 'Open Sans', sans-serif; font-size: 10pt;\">&#8211; System AirFlow przeciwdzia\u0142a poceniu si\u0119 d\u0142oni<\/span><\/p>\n<p><span style=\"font-family: 'Open Sans', sans-serif; font-size: 10pt;\">kod: 100400<\/span><\/span><\/p>\n","protected":false},"excerpt":{"rendered":"<p>YAKIMASPORT<br \/>\nEAN: 5903796711110<\/p>\n","protected":false},"featured_media":3607,"template":"","meta":{"_acf_changed":false},"marka":[],"product_cat":[338,339,367],"product_tag":[],"class_list":{"0":"post-5183","1":"product","2":"type-product","3":"status-publish","4":"has-post-thumbnail","6":"product_cat-combat-sports","7":"product_cat-combat-sports-accessories","8":"product_cat-yakimasport-en","10":"first","11":"instock","12":"taxable","13":"shipping-taxable","14":"purchasable","15":"product-type-simple"},"acf":{"informacje_o_zakupach":"Safe shopping, 12-month guarantee!","informacje_o_dostawie_ys":"Quick order processing and delivery","informacje_o_zwrocie":"14-day return policy!"},"_links":{"self":[{"href":"https:\/\/sportyheaven.pl\/en\/wp-json\/wp\/v2\/product\/5183","targetHints":{"allow":["GET"]}}],"collection":[{"href":"https:\/\/sportyheaven.pl\/en\/wp-json\/wp\/v2\/product"}],"about":[{"href":"https:\/\/sportyheaven.pl\/en\/wp-json\/wp\/v2\/types\/product"}],"version-history":[{"count":0,"href":"https:\/\/sportyheaven.pl\/en\/wp-json\/wp\/v2\/product\/5183\/revisions"}],"wp:featuredmedia":[{"embeddable":true,"href":"https:\/\/sportyheaven.pl\/en\/wp-json\/wp\/v2\/media\/3607"}],"wp:attachment":[{"href":"https:\/\/sportyheaven.pl\/en\/wp-json\/wp\/v2\/media?parent=5183"}],"wp:term":[{"taxonomy":"marka","embeddable":true,"href":"https:\/\/sportyheaven.pl\/en\/wp-json\/wp\/v2\/marka?post=5183"},{"taxonomy":"product_cat","embeddable":true,"href":"https:\/\/sportyheaven.pl\/en\/wp-json\/wp\/v2\/product_cat?post=5183"},{"taxonomy":"product_tag","embeddable":true,"href":"https:\/\/sportyheaven.pl\/en\/wp-json\/wp\/v2\/product_tag?post=5183"}],"curies":[{"name":"wp","href":"https:\/\/api.w.org\/{rel}","templated":true}]}}