{"id":5181,"date":"2023-12-13T13:21:17","date_gmt":"2023-12-13T12:21:17","guid":{"rendered":"https:\/\/sportyheaven.pl\/shop\/bellona-boxing-gloves\/"},"modified":"2024-01-25T14:14:42","modified_gmt":"2024-01-25T13:14:42","slug":"rekawice-bokserskie-bellona","status":"publish","type":"product","link":"https:\/\/sportyheaven.pl\/en\/shop\/rekawice-bokserskie-bellona\/","title":{"rendered":"BELLONA boxing gloves"},"content":{"rendered":"<p><span style=\"font-family:'Open Sans', sans-serif;font-size:10pt;\"><\/span><\/p>\n<div class=\"tw-data-text tw-text-large XcVN5d tw-ta\" style=\"text-align:justify;\" dir=\"ltr\">\n<div dir=\"ltr\" style=\"text-align:justify;\"><span style=\"font-size:10pt;font-family:'Open Sans', sans-serif;\"><strong>BELLONA boxing gloves<\/strong><\/p>\n<p>A model dedicated to women. Je\u015bli chcesz czu\u0107 si\u0119 kobieco bez wzgl\u0119du na form\u0119 aktywno\u015bci, mo\u017cesz si\u0119gn\u0105\u0107 po linie przeznaczone specjalnie dla pa\u0144.<br \/>R\u0119kawice s\u0105 produkowane z uwzgl\u0119dnieniem budowy damskiej d\u0142oni (kszta\u0142t i gabaryty) oraz wzgl\u0119d\u00f3w estetycznych (kolor\u00f3w).<br \/>Na pewno b\u0119dziesz si\u0119 w nich wyr\u00f3\u017cnia\u0107 na ringu.<\/p>\n<p><\/span><\/div>\n<div style=\"text-align:justify;\"><span style=\"font-family:'Open Sans', sans-serif;font-size:10pt;\">Model BELLONA ma wy\u015bci\u00f3\u0142k\u0119 z g\u0119stej pianki , najwy\u017cszej jako\u015bci ochrona d\u0142oni oraz du\u017cy pasek\/rzep na nadgarstku, aby utrzyma\u0107 i zablokowa\u0107 je w miejscu podczas treningu. Oddychaj\u0105ce wn\u0119trze. Bardzo silna konstrukcja oraz trwa\u0142o\u015b\u0107 w atrakcyjnej cenie. R\u0119kawice zapewniaj\u0105 d\u0142oni\u0105 poprawn\u0105, prawid\u0142ow\u0105 pozycj\u0119 podczas treningu.<\/p>\n<p><\/span><\/div>\n<p><span style=\"font-family:'Open Sans', sans-serif;\"><span style=\"font-size:10pt;\"><strong>Dane techniczne:<br \/><\/strong><\/span><span style=\"font-size:10pt;\">&#8211; Wysokiej jako\u015bci sk\u00f3ra syntetyczna.<br \/><\/span><span style=\"font-size:10pt;\">&#8211; Pianka wielu g\u0119sto\u015bci o doskona\u0142ej absorpcji wstrz\u0105s\u00f3w.<br \/><\/span><span style=\"font-size:10pt;\">&#8211; Du\u017ce zapi\u0119cie na rzep<br \/><\/span><span style=\"font-size:10pt;\">&#8211; Pe\u0142ny do\u0142\u0105czony kciuk, aby zminimalizowa\u0107 ryzyko skr\u0119cania.<br \/><\/span><span style=\"font-size:10pt;\">&#8211; Oddychaj\u0105ce wn\u0119trze<br \/><\/span><span style=\"font-size:11pt;\"><br \/><span style=\"font-size:10pt;\">kod: 100401<\/span><\/span><\/span><\/p>\n<\/div>\n","protected":false},"excerpt":{"rendered":"<p>YAKIMASPORT<br \/>\nEAN: 5903796711981<\/p>\n","protected":false},"featured_media":3610,"template":"","meta":{"_acf_changed":false},"marka":[],"product_cat":[338,339,367],"product_tag":[],"class_list":{"0":"post-5181","1":"product","2":"type-product","3":"status-publish","4":"has-post-thumbnail","6":"product_cat-combat-sports","7":"product_cat-combat-sports-accessories","8":"product_cat-yakimasport-en","10":"first","11":"instock","12":"taxable","13":"shipping-taxable","14":"purchasable","15":"product-type-simple"},"acf":{"informacje_o_zakupach":"Safe shopping, 12-month guarantee!","informacje_o_dostawie_ys":"Quick order processing and delivery","informacje_o_zwrocie":"14-day return policy!"},"_links":{"self":[{"href":"https:\/\/sportyheaven.pl\/en\/wp-json\/wp\/v2\/product\/5181","targetHints":{"allow":["GET"]}}],"collection":[{"href":"https:\/\/sportyheaven.pl\/en\/wp-json\/wp\/v2\/product"}],"about":[{"href":"https:\/\/sportyheaven.pl\/en\/wp-json\/wp\/v2\/types\/product"}],"version-history":[{"count":0,"href":"https:\/\/sportyheaven.pl\/en\/wp-json\/wp\/v2\/product\/5181\/revisions"}],"wp:featuredmedia":[{"embeddable":true,"href":"https:\/\/sportyheaven.pl\/en\/wp-json\/wp\/v2\/media\/3610"}],"wp:attachment":[{"href":"https:\/\/sportyheaven.pl\/en\/wp-json\/wp\/v2\/media?parent=5181"}],"wp:term":[{"taxonomy":"marka","embeddable":true,"href":"https:\/\/sportyheaven.pl\/en\/wp-json\/wp\/v2\/marka?post=5181"},{"taxonomy":"product_cat","embeddable":true,"href":"https:\/\/sportyheaven.pl\/en\/wp-json\/wp\/v2\/product_cat?post=5181"},{"taxonomy":"product_tag","embeddable":true,"href":"https:\/\/sportyheaven.pl\/en\/wp-json\/wp\/v2\/product_tag?post=5181"}],"curies":[{"name":"wp","href":"https:\/\/api.w.org\/{rel}","templated":true}]}}