{"id":3596,"date":"2023-12-13T13:21:12","date_gmt":"2023-12-13T12:21:12","guid":{"rendered":"https:\/\/sportyheaven.pl\/produkty\/worek-bokserski-treningowy-150x40-cm\/"},"modified":"2025-04-29T10:20:02","modified_gmt":"2025-04-29T08:20:02","slug":"worek-bokserski-treningowy-150x40-cm","status":"publish","type":"product","link":"https:\/\/sportyheaven.pl\/en\/sklep\/worek-bokserski-treningowy-150x40-cm\/","title":{"rendered":"Worek bokserski treningowy 150&#215;40 cm"},"content":{"rendered":"<div style=\"text-align:justify;\">\n<div style=\"text-align:justify;\"><span style=\"font-family:'Open Sans', sans-serif;font-size:10pt;\"><strong>Worek bokserski 150x40cm<\/strong><strong><br \/><\/strong><strong><br \/><\/strong>Uniwersalny worek techniczny przeznaczony dla klub\u00f3w sport\u00f3w walki oraz zastosowa\u0144 domowych. Rozmiary dobrane pod k\u0105tem treningu technicznego oraz treningu si\u0142y cios\u00f3w.<\/span><\/div>\n<div style=\"text-align:justify;\"><span style=\"font-family:'Open Sans', sans-serif;font-size:10pt;\">Wysoko\u015b\u0107 i waga worka zosta\u0142a dobrana pod z my\u015bl\u0105 o treningu rekreacyjnym i wydolno\u015bciowym.\u00a0Jego waga i rozmiar zapewniaj\u0105 odpowiedni komfort treningu a jednocze\u015bnie nie przyt\u0142aczaj\u0105 gabarytami dlatego worki te s\u0105 szczeg\u00f3lnie ch\u0119tnie wybierane przez osoby wieszaj\u0105ce je w mieszkaniach lub niewielkich si\u0142owniach domowych.<\/span><\/div>\n<div style=\"text-align:justify;\"><span style=\"text-align:left;font-family:'Open Sans', sans-serif;font-size:10pt;\"><\/span><\/div>\n<div style=\"text-align:justify;\">\n<div><\/div>\n<div><span style=\"font-family:'Open Sans', sans-serif;font-size:10pt;\">Podstawowy atrybut ka\u017cdego klubu sport\u00f3w walki, niezb\u0119dny zar\u00f3wno w treningu amatorskim, jak i zawodowym. Worek bokserski \u2013 bo rzecz jasna o nim mowa \u2013 to gwarancja udanej, a co najwa\u017cniejsze rozwojowej sesji treningowej. W Yakimasport doskonale o tym wiemy, dlatego przygotowali\u015bmy wysokiej jako\u015bci worek do boksu \u2013 wype\u0142niony, gotowy do monta\u017cu.<\/span><\/div>\n<div><\/div>\n<div><span style=\"font-family:'Open Sans', sans-serif;font-size:10pt;\">Projektuj\u0105c akcesoria marki Yakimasport, skupiamy si\u0119 m.in. na ich jako\u015bci oraz uniwersalnym charakterze. Nie inaczej by\u0142o w przypadku proponowanego worka bokserskiego. Sprawdzi si\u0119 on zar\u00f3wno na sali treningowej, si\u0142owni, jak i w domowym zaciszu np. podczas prywatnych trening\u00f3w. Jego jako\u015b\u0107 wybija si\u0119 na tle konkurencyjnych produkt\u00f3w \u2013 zadbali\u015bmy o ka\u017cdy detal. Niczego nie zostawili\u015bmy przypadkowi.<\/span><\/div>\n<div><\/div>\n<div><span style=\"font-family:'Open Sans', sans-serif;font-size:10pt;\">G\u0142\u00f3wne zastosowanie oferowanego worka do boksu to trening techniczny i trening si\u0142y cios\u00f3w. Nie ma jednak \u017cadnych przeszk\u00f3d, aby wykorzysta\u0107 go w innych jednostkach treningowych. Co istotne, jest wiele sport\u00f3w, do kt\u00f3rych treningu nadaje si\u0119 nasz worek \u2013 do boksu, kick-boxingu czy MMA.\u00a0<\/span><\/div>\n<div><\/div>\n<div><span style=\"font-family:'Open Sans', sans-serif;font-size:10pt;\">Kupujesz wype\u0142niony worek do boksowania \u2013 w \u015brodku umie\u015bcili\u015bmy \u015bcinki tekstylne oraz specjalny granulat, dzi\u0119ki czemu uzyskali\u015bmy optymaln\u0105 twardo\u015b\u0107 worka;<\/span><\/div>\n<div><span style=\"font-family:'Open Sans', sans-serif;font-size:10pt;\">w cenie pe\u0142ny zestaw do monta\u017cu \u2013 wraz z kompletem \u0142a\u0144cuch\u00f3w;<\/span><\/div>\n<div>\n<p><span style=\"font-family:'Open Sans', sans-serif;font-size:10pt;\">wysoko\u015b\u0107 worka \u2013 150 cm; wraz z \u0142a\u0144cuchem \u2013 190 cm; \u015brednica \u2013 ok. 40 cm; obw\u00f3d ok. 120cm<\/span><\/p>\n<\/div>\n<div>\n<p><span style=\"font-family:'Open Sans', sans-serif;font-size:10pt;\">waga wraz z wype\u0142nieniem \u2013 ok. 40-50 kg.<\/span><\/p>\n<\/div>\n<div><span style=\"font-family:'Open Sans', sans-serif;font-size:10pt;\">Jako Yakimasport nieustannie rozwijamy nasz\u0105 ofert\u0119 work\u00f3w bokserskich i pozosta\u0142ych akcesori\u00f3w do sport\u00f3w walki. Jeste\u015bmy dumni z tego, \u017ce znajduje ona uznanie zar\u00f3wno w oczach amator\u00f3w, jak i profesjonalnych zawodnik\u00f3w. Z pe\u0142nym asortymentem zapoznasz si\u0119 tutaj. Gor\u0105co zach\u0119camy do zakup\u00f3w.<\/span><\/div>\n<div><\/div>\n<div><span style=\"font-family:'Open Sans', sans-serif;font-size:10pt;\">Istnieje mo\u017cliwo\u015b\u0107 zakupu worka bez wype\u0142nienia.<\/span><\/div>\n<div>\n<p><span style=\"font-family:'Open Sans', sans-serif;font-size:10pt;\">kod: 100472<\/span><\/p>\n<\/div>\n<div><\/div>\n<p><span style=\"font-size:11pt;font-family:sans-serif;\"><\/p>\n<p><\/span><\/div>\n<\/div>\n","protected":false},"excerpt":{"rendered":"<p>Yakima<br \/>\nEAN: 5903796711288<\/p>\n","protected":false},"featured_media":3594,"template":"","meta":{"_acf_changed":false},"marka":[],"product_cat":[118,121,123],"product_tag":[],"class_list":{"0":"post-3596","1":"product","2":"type-product","3":"status-publish","4":"has-post-thumbnail","6":"product_cat-sporty-walki","7":"product_cat-worki-treningowe","8":"product_cat-yakimasport","10":"first","11":"instock","12":"taxable","13":"shipping-taxable","14":"purchasable","15":"product-type-simple"},"acf":[],"_links":{"self":[{"href":"https:\/\/sportyheaven.pl\/en\/wp-json\/wp\/v2\/product\/3596","targetHints":{"allow":["GET"]}}],"collection":[{"href":"https:\/\/sportyheaven.pl\/en\/wp-json\/wp\/v2\/product"}],"about":[{"href":"https:\/\/sportyheaven.pl\/en\/wp-json\/wp\/v2\/types\/product"}],"version-history":[{"count":0,"href":"https:\/\/sportyheaven.pl\/en\/wp-json\/wp\/v2\/product\/3596\/revisions"}],"wp:featuredmedia":[{"embeddable":true,"href":"https:\/\/sportyheaven.pl\/en\/wp-json\/wp\/v2\/media\/3594"}],"wp:attachment":[{"href":"https:\/\/sportyheaven.pl\/en\/wp-json\/wp\/v2\/media?parent=3596"}],"wp:term":[{"taxonomy":"marka","embeddable":true,"href":"https:\/\/sportyheaven.pl\/en\/wp-json\/wp\/v2\/marka?post=3596"},{"taxonomy":"product_cat","embeddable":true,"href":"https:\/\/sportyheaven.pl\/en\/wp-json\/wp\/v2\/product_cat?post=3596"},{"taxonomy":"product_tag","embeddable":true,"href":"https:\/\/sportyheaven.pl\/en\/wp-json\/wp\/v2\/product_tag?post=3596"}],"curies":[{"name":"wp","href":"https:\/\/api.w.org\/{rel}","templated":true}]}}