{"id":3584,"date":"2023-12-13T13:21:08","date_gmt":"2023-12-13T12:21:08","guid":{"rendered":"https:\/\/sportyheaven.pl\/produkty\/gruszka-szybkosciowa-bokserska-refleksowa-skora-naturalna\/"},"modified":"2025-04-29T10:16:12","modified_gmt":"2025-04-29T08:16:12","slug":"gruszka-szybkosciowa-bokserska-refleksowa-skora-naturalna","status":"publish","type":"product","link":"https:\/\/sportyheaven.pl\/en\/sklep\/gruszka-szybkosciowa-bokserska-refleksowa-skora-naturalna\/","title":{"rendered":"Gruszka szybko\u015bciowa &#8211; bokserska &#8211; refleksowa &#8211; sk\u00f3ra naturalna"},"content":{"rendered":"<p style=\"text-align: left;\"><span style=\"font-size: 10pt; font-family: 'Open Sans', sans-serif;\"><strong><video width=\"300\" height=\"200\" controls=\"controls\"><source src=\"\/img\/cms\/Gruszka bokserska szybko\u015bciowa Yakimasport.mp4\" type=\"video\/mp4\" \/><\/video><\/p>\n<p>Gruszka bokserska<\/strong>\u00a0przeznaczona na platformy bokserskie idealnie nadaje si\u0119 do treningu bokserskiego wzmacniaj\u0105cego g\u00f3rne partie cia\u0142a, celno\u015b\u0107 oraz p\u0142ynno\u015b\u0107 uderze\u0144.<\/span><\/p>\n<p style=\"text-align: left;\"><span style=\"font-family: 'Open Sans', sans-serif; font-size: 10pt;\">Gruszka zosta\u0142a wykonana z mocnej naturalnej sk\u00f3ry podszytej podk\u0142adem bawe\u0142nianym w celu lepszego zabezpieczenia d\u0119tki.<br \/><\/span><\/p>\n<p style=\"text-align: left;\"><span style=\"font-size: 10pt; font-family: 'Open Sans', sans-serif;\"><strong>Parametry techniczne:<br \/><\/strong><\/span><span style=\"font-family: 'Open Sans', sans-serif; font-size: 10pt;\">&#8211; Wysoko\u015b\u0107: ok.\u00a0<\/span><strong style=\"font-family: 'Open Sans', sans-serif; font-size: 10pt;\">27 cm<br \/><\/strong><span style=\"font-family: 'Open Sans', sans-serif; font-size: 10pt;\">&#8211; Szeroko\u015b\u0107: ok.\u00a0<\/span><strong style=\"font-family: 'Open Sans', sans-serif; font-size: 10pt;\">18 cm<br \/><\/strong><span style=\"font-family: 'Open Sans', sans-serif; font-size: 10pt;\">&#8211; Obw\u00f3d: ok. 61<\/span><strong style=\"font-family: 'Open Sans', sans-serif; font-size: 10pt;\">\u00a0cm<br \/><\/strong><span style=\"font-size: 10pt; font-family: 'Open Sans', sans-serif;\">&#8211; Materia\u0142:\u00a0<\/span><strong style=\"font-size: 12pt;\"><span style=\"font-size: 10pt; font-family: 'Open Sans', sans-serif;\">sk\u00f3ra naturalna<\/span><\/strong><\/p>\n<p><span style=\"font-family: 'Open Sans', sans-serif; font-size: 10pt;\">kod: 100408<\/span><\/p>\n<p><\/p>\n<p style=\"text-align: center;\">\n<p style=\"text-align: left;\"><span style=\"font-family: tahoma, arial, helvetica, sans-serif; font-size: 11pt;\">\u00a0<\/span><\/p>\n","protected":false},"excerpt":{"rendered":"<p>YAKIMASPORT<br \/>\nEAN: 5903796711165<\/p>\n","protected":false},"featured_media":5812,"template":"","meta":{"_acf_changed":false},"marka":[],"product_cat":[118,121,123],"product_tag":[],"class_list":{"0":"post-3584","1":"product","2":"type-product","3":"status-publish","4":"has-post-thumbnail","6":"product_cat-sporty-walki","7":"product_cat-worki-treningowe","8":"product_cat-yakimasport","10":"first","11":"instock","12":"taxable","13":"shipping-taxable","14":"purchasable","15":"product-type-simple"},"acf":[],"_links":{"self":[{"href":"https:\/\/sportyheaven.pl\/en\/wp-json\/wp\/v2\/product\/3584","targetHints":{"allow":["GET"]}}],"collection":[{"href":"https:\/\/sportyheaven.pl\/en\/wp-json\/wp\/v2\/product"}],"about":[{"href":"https:\/\/sportyheaven.pl\/en\/wp-json\/wp\/v2\/types\/product"}],"version-history":[{"count":2,"href":"https:\/\/sportyheaven.pl\/en\/wp-json\/wp\/v2\/product\/3584\/revisions"}],"predecessor-version":[{"id":5946,"href":"https:\/\/sportyheaven.pl\/en\/wp-json\/wp\/v2\/product\/3584\/revisions\/5946"}],"wp:featuredmedia":[{"embeddable":true,"href":"https:\/\/sportyheaven.pl\/en\/wp-json\/wp\/v2\/media\/5812"}],"wp:attachment":[{"href":"https:\/\/sportyheaven.pl\/en\/wp-json\/wp\/v2\/media?parent=3584"}],"wp:term":[{"taxonomy":"marka","embeddable":true,"href":"https:\/\/sportyheaven.pl\/en\/wp-json\/wp\/v2\/marka?post=3584"},{"taxonomy":"product_cat","embeddable":true,"href":"https:\/\/sportyheaven.pl\/en\/wp-json\/wp\/v2\/product_cat?post=3584"},{"taxonomy":"product_tag","embeddable":true,"href":"https:\/\/sportyheaven.pl\/en\/wp-json\/wp\/v2\/product_tag?post=3584"}],"curies":[{"name":"wp","href":"https:\/\/api.w.org\/{rel}","templated":true}]}}