{"id":3581,"date":"2023-12-13T13:21:06","date_gmt":"2023-12-13T12:21:06","guid":{"rendered":"https:\/\/sportyheaven.pl\/produkty\/ochraniacz-tulowia-pro\/"},"modified":"2025-04-29T10:09:03","modified_gmt":"2025-04-29T08:09:03","slug":"ochraniacz-tulowia-pro","status":"publish","type":"product","link":"https:\/\/sportyheaven.pl\/en\/sklep\/ochraniacz-tulowia-pro\/","title":{"rendered":"Ochraniacz tu\u0142owia PRO"},"content":{"rendered":"<p><span style=\"font-size:10pt;\"><strong><span style=\"font-family:'Open Sans', sans-serif;\">Ochraniacz tu\u0142owia PRO<\/span><\/strong><\/span><\/p>\n<p><span style=\"font-size:10pt;font-family:'Open Sans', sans-serif;\">Wykonany z wysokiej jako\u015bci syntetycznego materia\u0142u PU, aby wytrzyma\u0107 najbardziej intensywne treningi.<\/span><br \/><span style=\"font-size:10pt;font-family:'Open Sans', sans-serif;\">Ponad 7 centymetr\u00f3w wy\u015bci\u00f3\u0142ki z poliuretanu, pianki EVA i pianki o du\u017cej g\u0119sto\u015bci na\u0142o\u017conej wok\u00f3\u0142 arkusza plastiku o grubo\u015bci 2,5 mm, aby wytrzyma\u0107 najmocniejsze uderzenia.<\/span><br \/><span style=\"font-size:10pt;font-family:'Open Sans', sans-serif;\">Idealnie wywa\u017cony, dzi\u0119ki dopasowanym pasom na ramiona. <br \/>Mo\u017cliwo\u015b\u0107 regulacji rozmiaru pas\u00f3w od S do XL.<\/span><br \/><span style=\"font-size:10pt;font-family:'Open Sans', sans-serif;\">Ochraniacz umo\u017cliwia swobodne poruszania si\u0119 w pracy z tarczami.<\/span><\/p>\n<p>Kod produktu: 100514 <br \/><span style=\"font-size:10pt;font-family:'Open Sans', sans-serif;\"><\/span><\/p>\n","protected":false},"excerpt":{"rendered":"<p>YAKIMASPORT<br \/>\nEAN: 5903796713534<\/p>\n","protected":false},"featured_media":3579,"template":"","meta":{"_acf_changed":false},"marka":[],"product_cat":[119,118,123],"product_tag":[],"class_list":{"0":"post-3581","1":"product","2":"type-product","3":"status-publish","4":"has-post-thumbnail","6":"product_cat-akcesoria-do-sportow-walki","7":"product_cat-sporty-walki","8":"product_cat-yakimasport","10":"first","11":"instock","12":"taxable","13":"shipping-taxable","14":"purchasable","15":"product-type-simple"},"acf":[],"_links":{"self":[{"href":"https:\/\/sportyheaven.pl\/en\/wp-json\/wp\/v2\/product\/3581","targetHints":{"allow":["GET"]}}],"collection":[{"href":"https:\/\/sportyheaven.pl\/en\/wp-json\/wp\/v2\/product"}],"about":[{"href":"https:\/\/sportyheaven.pl\/en\/wp-json\/wp\/v2\/types\/product"}],"version-history":[{"count":0,"href":"https:\/\/sportyheaven.pl\/en\/wp-json\/wp\/v2\/product\/3581\/revisions"}],"wp:featuredmedia":[{"embeddable":true,"href":"https:\/\/sportyheaven.pl\/en\/wp-json\/wp\/v2\/media\/3579"}],"wp:attachment":[{"href":"https:\/\/sportyheaven.pl\/en\/wp-json\/wp\/v2\/media?parent=3581"}],"wp:term":[{"taxonomy":"marka","embeddable":true,"href":"https:\/\/sportyheaven.pl\/en\/wp-json\/wp\/v2\/marka?post=3581"},{"taxonomy":"product_cat","embeddable":true,"href":"https:\/\/sportyheaven.pl\/en\/wp-json\/wp\/v2\/product_cat?post=3581"},{"taxonomy":"product_tag","embeddable":true,"href":"https:\/\/sportyheaven.pl\/en\/wp-json\/wp\/v2\/product_tag?post=3581"}],"curies":[{"name":"wp","href":"https:\/\/api.w.org\/{rel}","templated":true}]}}