{"id":3572,"date":"2023-12-13T13:21:01","date_gmt":"2023-12-13T12:21:01","guid":{"rendered":"https:\/\/sportyheaven.pl\/produkty\/kask-bokserski-z-maska\/"},"modified":"2025-04-29T10:07:24","modified_gmt":"2025-04-29T08:07:24","slug":"kask-bokserski-z-maska","status":"publish","type":"product","link":"https:\/\/sportyheaven.pl\/en\/sklep\/kask-bokserski-z-maska\/","title":{"rendered":"Kask bokserski z mask\u0105"},"content":{"rendered":"<div class=\"description\">\n<div class=\"item item-12\">\n<div class=\"description\">\n<div class=\"item item-12\">\n<div class=\"description\">\n<div class=\"item item-12\">\n<div>\n<div>\n<div>\n<div>\n<div>\n<div>\n<p><span style=\"font-size: 10pt; font-family: 'Open Sans', sans-serif;\"><strong>Kask bokserski z mask\u0105<\/strong><\/span><\/p>\n<p><span style=\"font-size: 10pt; font-family: 'Open Sans', sans-serif;\">&#8211; Model kasku w ca\u0142o\u015bci wykonany z wysokiej jako\u015bci sk\u00f3ry ekologicznej.<br \/><\/span><span style=\"font-size: 10pt; font-family: 'Open Sans', sans-serif;\">&#8211; Zabudowany, z ochron\u0105 brody i g\u00f3rnej cz\u0119\u015bci g\u0142owy &#8211; z dodatkow\u0105 odpinan\u0105 (na 8 rzep\u00f3w) mask\u0105 wykonan\u0105 z tworzywa sztucznego. Maska zapobiega kontuzjom nosa, oczu i reszty twarzy.<br \/><\/span><span style=\"font-size: 10pt; font-family: 'Open Sans', sans-serif;\">&#8211; Dzi\u0119ki technologii MULTI LAYER kask nie zatrzymuje potu w sobie dzi\u0119ki czemu zachowuje higien\u0119.<br \/><\/span><span style=\"font-size: 10pt; font-family: 'Open Sans', sans-serif;\">&#8211; Zapi\u0119cie z ty\u0142u g\u0142owy na szeroki rzep.<br \/><\/span><span style=\"font-size: 10pt; font-family: 'Open Sans', sans-serif;\">&#8211; Od g\u00f3ry ca\u0142kowicie zabudowany czubek g\u0142owy, tzw. TOP.<br \/><\/span><span style=\"font-size: 10pt; font-family: 'Open Sans', sans-serif;\">&#8211; Du\u017ce otwory wok\u00f3\u0142 oczu nie ograniczaj\u0105 widoczno\u015bci.<br \/><\/span><span style=\"font-size: 10pt; font-family: 'Open Sans', sans-serif;\">&#8211; Idealny do treningu kontaktowego w r\u00f3\u017cnych dyscyplinach sztuk i sport\u00f3w walki.<br \/>&#8211; Mo\u017cliwo\u015b\u0107 odpi\u0119cia maski, dzi\u0119ki czemu mamy do dyspozycji klasyczny kas z os\u0142on\u0105 ko\u015bci policzkowych oraz podbr\u00f3dka.<br \/><\/span><span style=\"font-size: 10pt; font-family: 'Open Sans', sans-serif;\">&#8211; Kolor: czarny.<br \/><\/span><span style=\"font-size: 10pt; font-family: 'Open Sans', sans-serif;\">&#8211; Dost\u0119pny rozmiar L lub S<br \/>&#8211; Obw\u00f3d: <br \/><\/span><span style=\"font-size: 10pt; font-family: 'Open Sans', sans-serif;\">ok.57-64cm (rozmiar L)<br \/>ok. 50cm (rozmiar S)<\/span><\/p>\n<p><span style=\"font-size: 10pt; font-family: 'Open Sans', sans-serif;\">KOD: 100348<\/span><\/p>\n<\/div>\n<\/div>\n<\/div>\n<\/div>\n<\/div>\n<\/div>\n<p><\/p>\n<p><span style=\"font-size: 10pt; font-family: 'Open Sans', sans-serif;\">\u00a0<\/span><\/p>\n<\/div>\n<\/div>\n<\/div>\n<\/div>\n<\/div>\n<\/div>\n","protected":false},"excerpt":{"rendered":"<p>YAKIMASPORT<br \/>\nEAN: 5903796710809<\/p>\n","protected":false},"featured_media":3570,"template":"","meta":{"_acf_changed":false},"marka":[],"product_cat":[119,118,123],"product_tag":[],"class_list":{"0":"post-3572","1":"product","2":"type-product","3":"status-publish","4":"has-post-thumbnail","6":"product_cat-akcesoria-do-sportow-walki","7":"product_cat-sporty-walki","8":"product_cat-yakimasport","10":"first","11":"instock","12":"featured","13":"taxable","14":"shipping-taxable","15":"purchasable","16":"product-type-simple"},"acf":[],"_links":{"self":[{"href":"https:\/\/sportyheaven.pl\/en\/wp-json\/wp\/v2\/product\/3572","targetHints":{"allow":["GET"]}}],"collection":[{"href":"https:\/\/sportyheaven.pl\/en\/wp-json\/wp\/v2\/product"}],"about":[{"href":"https:\/\/sportyheaven.pl\/en\/wp-json\/wp\/v2\/types\/product"}],"version-history":[{"count":1,"href":"https:\/\/sportyheaven.pl\/en\/wp-json\/wp\/v2\/product\/3572\/revisions"}],"predecessor-version":[{"id":5776,"href":"https:\/\/sportyheaven.pl\/en\/wp-json\/wp\/v2\/product\/3572\/revisions\/5776"}],"wp:featuredmedia":[{"embeddable":true,"href":"https:\/\/sportyheaven.pl\/en\/wp-json\/wp\/v2\/media\/3570"}],"wp:attachment":[{"href":"https:\/\/sportyheaven.pl\/en\/wp-json\/wp\/v2\/media?parent=3572"}],"wp:term":[{"taxonomy":"marka","embeddable":true,"href":"https:\/\/sportyheaven.pl\/en\/wp-json\/wp\/v2\/marka?post=3572"},{"taxonomy":"product_cat","embeddable":true,"href":"https:\/\/sportyheaven.pl\/en\/wp-json\/wp\/v2\/product_cat?post=3572"},{"taxonomy":"product_tag","embeddable":true,"href":"https:\/\/sportyheaven.pl\/en\/wp-json\/wp\/v2\/product_tag?post=3572"}],"curies":[{"name":"wp","href":"https:\/\/api.w.org\/{rel}","templated":true}]}}