{"id":3566,"date":"2023-12-13T13:21:00","date_gmt":"2023-12-13T12:21:00","guid":{"rendered":"https:\/\/sportyheaven.pl\/produkty\/kask-bokserski-turniejowy\/"},"modified":"2024-01-30T14:42:43","modified_gmt":"2024-01-30T13:42:43","slug":"kask-bokserski-turniejowy","status":"publish","type":"product","link":"https:\/\/sportyheaven.pl\/en\/sklep\/kask-bokserski-turniejowy\/","title":{"rendered":"Kask bokserski turniejowy"},"content":{"rendered":"<div class=\"description\">\n<div class=\"item item-12\">\n<div>\n<div>\n<p><span style=\"font-size:10pt;font-family:'Open Sans', sans-serif;\"><strong>Kask bokserski turniejowy<\/strong><\/span><\/p>\n<p><span style=\"font-size:10pt;font-family:'Open Sans', sans-serif;\">&#8211; Kask\u00a0ochronny turniejowy, wykonany ze sk\u00f3ry syntetycznej, ochrona g\u00f3rnej cz\u0119\u015bci g\u0142owy, dopuszczany do zawod\u00f3w w r\u00f3\u017cnych sportach walki, zapi\u0119cie na rzep.<br \/><\/span><span style=\"font-size:10pt;font-family:'Open Sans', sans-serif;\">&#8211; Pod brod\u0105 zapi\u0119cie poprzez klamerk\u0119 metalow\u0105 i sk\u00f3rzan\u0105.<br \/><\/span><span style=\"font-size:10pt;font-family:'Open Sans', sans-serif;\">&#8211; Rozmiar L<\/span><\/p>\n<p><span style=\"font-size:10pt;font-family:'Open Sans', sans-serif;\">kod: 100345<\/span><\/p>\n<\/div>\n<\/div>\n<p><\/p>\n<p><span style=\"font-size:10pt;font-family:'Open Sans', sans-serif;\">\u00a0<\/span><\/p>\n<\/div>\n<\/div>\n","protected":false},"excerpt":{"rendered":"<p>YAKIMASPORT<br \/>\nEAN: 5903796710779<\/p>\n","protected":false},"featured_media":3564,"template":"","meta":{"_acf_changed":false},"marka":[],"product_cat":[119,118,123],"product_tag":[],"class_list":{"0":"post-3566","1":"product","2":"type-product","3":"status-publish","4":"has-post-thumbnail","6":"product_cat-akcesoria-do-sportow-walki","7":"product_cat-sporty-walki","8":"product_cat-yakimasport","10":"first","11":"instock","12":"taxable","13":"shipping-taxable","14":"purchasable","15":"product-type-simple"},"acf":[],"_links":{"self":[{"href":"https:\/\/sportyheaven.pl\/en\/wp-json\/wp\/v2\/product\/3566","targetHints":{"allow":["GET"]}}],"collection":[{"href":"https:\/\/sportyheaven.pl\/en\/wp-json\/wp\/v2\/product"}],"about":[{"href":"https:\/\/sportyheaven.pl\/en\/wp-json\/wp\/v2\/types\/product"}],"version-history":[{"count":0,"href":"https:\/\/sportyheaven.pl\/en\/wp-json\/wp\/v2\/product\/3566\/revisions"}],"wp:featuredmedia":[{"embeddable":true,"href":"https:\/\/sportyheaven.pl\/en\/wp-json\/wp\/v2\/media\/3564"}],"wp:attachment":[{"href":"https:\/\/sportyheaven.pl\/en\/wp-json\/wp\/v2\/media?parent=3566"}],"wp:term":[{"taxonomy":"marka","embeddable":true,"href":"https:\/\/sportyheaven.pl\/en\/wp-json\/wp\/v2\/marka?post=3566"},{"taxonomy":"product_cat","embeddable":true,"href":"https:\/\/sportyheaven.pl\/en\/wp-json\/wp\/v2\/product_cat?post=3566"},{"taxonomy":"product_tag","embeddable":true,"href":"https:\/\/sportyheaven.pl\/en\/wp-json\/wp\/v2\/product_tag?post=3566"}],"curies":[{"name":"wp","href":"https:\/\/api.w.org\/{rel}","templated":true}]}}