{"id":3563,"date":"2023-12-13T13:20:58","date_gmt":"2023-12-13T12:20:58","guid":{"rendered":"https:\/\/sportyheaven.pl\/produkty\/kask-bokserski-pro\/"},"modified":"2025-04-29T09:56:43","modified_gmt":"2025-04-29T07:56:43","slug":"kask-bokserski-pro","status":"publish","type":"product","link":"https:\/\/sportyheaven.pl\/en\/sklep\/kask-bokserski-pro\/","title":{"rendered":"Kask bokserski PRO"},"content":{"rendered":"<p><span style=\"font-size:10pt;\"><strong><span style=\"font-family:'Open Sans', sans-serif;\">Kask bokserski PRO<br \/><\/span><\/strong><\/span><br \/><span style=\"font-family:'Open Sans', sans-serif;font-size:10pt;\">Lekki i wytrzyma\u0142 kask YAKIMA oferuje wi\u0119ksze pole widzenia, jednocze\u015bnie chroni\u0105c g\u0142ow\u0119.<\/span><br \/><span style=\"font-family:'Open Sans', sans-serif;font-size:10pt;\">Kask dopasowuje si\u0119 do kszta\u0142tu g\u0142owy dzi\u0119ki czemu nie przesuwa si\u0119 nawet podczas otrzymywanych mocnych uderze\u0144.<\/span><br \/><span style=\"font-family:'Open Sans', sans-serif;font-size:10pt;\">Wykorzystywany na co dzie\u0144 w sesjach sparingowych przez zawodowych zawodnik\u00f3w.<\/p>\n<p>Mo\u017cliwo\u015b\u0107 regulacji poprzez dopasowanie tylnej cz\u0119\u015bci kasku do g\u0142owy.<br \/><\/span><\/p>\n","protected":false},"excerpt":{"rendered":"<p>YAKIMASPORT<br \/>\nEAN: 5903796713527<\/p>\n","protected":false},"featured_media":3561,"template":"","meta":{"_acf_changed":false},"marka":[],"product_cat":[119,118,123],"product_tag":[],"class_list":{"0":"post-3563","1":"product","2":"type-product","3":"status-publish","4":"has-post-thumbnail","6":"product_cat-akcesoria-do-sportow-walki","7":"product_cat-sporty-walki","8":"product_cat-yakimasport","10":"first","11":"instock","12":"taxable","13":"shipping-taxable","14":"purchasable","15":"product-type-simple"},"acf":[],"_links":{"self":[{"href":"https:\/\/sportyheaven.pl\/en\/wp-json\/wp\/v2\/product\/3563","targetHints":{"allow":["GET"]}}],"collection":[{"href":"https:\/\/sportyheaven.pl\/en\/wp-json\/wp\/v2\/product"}],"about":[{"href":"https:\/\/sportyheaven.pl\/en\/wp-json\/wp\/v2\/types\/product"}],"version-history":[{"count":0,"href":"https:\/\/sportyheaven.pl\/en\/wp-json\/wp\/v2\/product\/3563\/revisions"}],"wp:featuredmedia":[{"embeddable":true,"href":"https:\/\/sportyheaven.pl\/en\/wp-json\/wp\/v2\/media\/3561"}],"wp:attachment":[{"href":"https:\/\/sportyheaven.pl\/en\/wp-json\/wp\/v2\/media?parent=3563"}],"wp:term":[{"taxonomy":"marka","embeddable":true,"href":"https:\/\/sportyheaven.pl\/en\/wp-json\/wp\/v2\/marka?post=3563"},{"taxonomy":"product_cat","embeddable":true,"href":"https:\/\/sportyheaven.pl\/en\/wp-json\/wp\/v2\/product_cat?post=3563"},{"taxonomy":"product_tag","embeddable":true,"href":"https:\/\/sportyheaven.pl\/en\/wp-json\/wp\/v2\/product_tag?post=3563"}],"curies":[{"name":"wp","href":"https:\/\/api.w.org\/{rel}","templated":true}]}}