{"id":3560,"date":"2023-12-13T13:20:57","date_gmt":"2023-12-13T12:20:57","guid":{"rendered":"https:\/\/sportyheaven.pl\/produkty\/bandaz-bokserski-owijki-4-m\/"},"modified":"2025-04-29T09:56:42","modified_gmt":"2025-04-29T07:56:42","slug":"bandaz-bokserski-owijki-4-m","status":"publish","type":"product","link":"https:\/\/sportyheaven.pl\/en\/sklep\/bandaz-bokserski-owijki-4-m\/","title":{"rendered":"Banda\u017c bokserski, owijki 4,5 m"},"content":{"rendered":"<div class=\"description\">\n<div class=\"item item-12\">\n<div class=\"description\">\n<div class=\"item item-12\">\n<p><strong>Banda\u017c bokserski\u00a0<\/strong><\/p>\n<p>Banda\u017ce chroni\u0105 przed kontuzjami i zapewni\u0105 stabilizacj\u0119 d\u0142oni i nadgarstka. Doskonale ch\u0142on\u0105 wilgo\u0107 i pomagaj\u0105 utrzyma\u0107 czysto\u015b\u0107 r\u0119kawic.\u00a0<\/p>\n<ul>\n<li>Kolor: niebieski lub czarny<\/li>\n<li>W komplecie dwa banda\u017ce bokserskie zapinane na rzep o d\u0142ugo\u015bci\u00a04,5 m i szeroko\u015bci 5 cm.<\/li>\n<\/ul>\n<p><b>Kod: 100360<\/b><\/p>\n<\/div>\n<\/div>\n<\/div>\n<\/div>\n","protected":false},"excerpt":{"rendered":"<p>YAKIMASPORT<br \/>\nEAN: 5903796710601<\/p>\n","protected":false},"featured_media":3558,"template":"","meta":{"_acf_changed":false},"marka":[],"product_cat":[119,118,123],"product_tag":[],"class_list":{"0":"post-3560","1":"product","2":"type-product","3":"status-publish","4":"has-post-thumbnail","6":"product_cat-akcesoria-do-sportow-walki","7":"product_cat-sporty-walki","8":"product_cat-yakimasport","10":"first","11":"instock","12":"taxable","13":"shipping-taxable","14":"purchasable","15":"product-type-simple"},"acf":[],"_links":{"self":[{"href":"https:\/\/sportyheaven.pl\/en\/wp-json\/wp\/v2\/product\/3560","targetHints":{"allow":["GET"]}}],"collection":[{"href":"https:\/\/sportyheaven.pl\/en\/wp-json\/wp\/v2\/product"}],"about":[{"href":"https:\/\/sportyheaven.pl\/en\/wp-json\/wp\/v2\/types\/product"}],"version-history":[{"count":1,"href":"https:\/\/sportyheaven.pl\/en\/wp-json\/wp\/v2\/product\/3560\/revisions"}],"predecessor-version":[{"id":5937,"href":"https:\/\/sportyheaven.pl\/en\/wp-json\/wp\/v2\/product\/3560\/revisions\/5937"}],"wp:featuredmedia":[{"embeddable":true,"href":"https:\/\/sportyheaven.pl\/en\/wp-json\/wp\/v2\/media\/3558"}],"wp:attachment":[{"href":"https:\/\/sportyheaven.pl\/en\/wp-json\/wp\/v2\/media?parent=3560"}],"wp:term":[{"taxonomy":"marka","embeddable":true,"href":"https:\/\/sportyheaven.pl\/en\/wp-json\/wp\/v2\/marka?post=3560"},{"taxonomy":"product_cat","embeddable":true,"href":"https:\/\/sportyheaven.pl\/en\/wp-json\/wp\/v2\/product_cat?post=3560"},{"taxonomy":"product_tag","embeddable":true,"href":"https:\/\/sportyheaven.pl\/en\/wp-json\/wp\/v2\/product_tag?post=3560"}],"curies":[{"name":"wp","href":"https:\/\/api.w.org\/{rel}","templated":true}]}}