{"id":3557,"date":"2023-12-13T13:20:57","date_gmt":"2023-12-13T12:20:57","guid":{"rendered":"https:\/\/sportyheaven.pl\/produkty\/rekawice-bokserskie-shark\/"},"modified":"2025-04-29T09:56:42","modified_gmt":"2025-04-29T07:56:42","slug":"rekawice-bokserskie-shark","status":"publish","type":"product","link":"https:\/\/sportyheaven.pl\/en\/sklep\/rekawice-bokserskie-shark\/","title":{"rendered":"R\u0119kawice bokserskie SHARK"},"content":{"rendered":"<p><span style=\"font-size: 10pt; font-family: 'Open Sans', sans-serif;\"><strong>R\u0119kawice bokserskie treningowe SHARK<\/strong><\/span><\/p>\n<p><span style=\"font-size: 10pt; font-family: 'Open Sans', sans-serif;\"><strong>&#8211; R\u0119kawice SHARK to doskona\u0142y wyb\u00f3r dla os\u00f3b, kt\u00f3re zaczynaj\u0105 swoj\u0105 przygod\u0119 ze sportami walki. Idealny stosunek jako\u015bci do ceny.<br \/><\/strong><\/span><span style=\"font-size: 10pt; font-family: 'Open Sans', sans-serif;\">&#8211; Rozmiary 6oz oraz 8oz przeznaczone s\u0105 dla junior\u00f3w, rozmiary 10oz oraz 12oz s\u0105 dedykowane dla os\u00f3b doros\u0142ych.<br \/><\/span><span style=\"font-size: 10pt; font-family: 'Open Sans', sans-serif;\">&#8211; R\u0119kawice SHARK w odpocznieniu od zwyk\u0142ych r\u0119kawic wykonanych ze sk\u00f3ry syntetycznej zosta\u0142y dodatkowo podszyte od wewn\u0105trz specjaln\u0105 tkanin\u0105\u00a0 podnosz\u0105c\u0105 odporno\u015b\u0107 materia\u0142u na uszkodzenia.<br \/>&#8211; Idealne do rozpocz\u0119cia swojej przygody ze sportami walki<br \/><\/span><span style=\"font-size: 10pt; font-family: 'Open Sans', sans-serif;\">&#8211; Doskona\u0142a amortyzacja<br \/><\/span><span style=\"font-size: 10pt; font-family: 'Open Sans', sans-serif;\">&#8211; R\u0119kawice zosta\u0142y wype\u0142nione\u00a0 specjaln\u0105 odmian\u0105 pianki\u00a0 zapewniaj\u0105cej\u00a0<strong>doskona\u0142\u0105 amortyzacj\u0119 uderze\u0144<\/strong>\u00a0oraz\u00a0<strong>odporno\u015b\u0107 na zbijanie si\u0119.<br \/><\/strong><\/span><span style=\"font-size: 10pt; font-family: 'Open Sans', sans-serif;\">&#8211; R\u0119kawice zapewniaj\u0105 doskona\u0142\u0105 absorpcj\u0119 uderze\u0144 nawet podczas intensywnego i d\u0142ugotrwa\u0142ego treningu, dzi\u0119ki czemu mo\u017cna je z powodzeniem stosowa\u0107\u00a0 podczas codziennego treningu na przyrz\u0105dach\u00a0 (na worku bokserskim lub\u00a0 tarczach treningowych).<br \/><\/span><span style=\"font-size: 10pt; font-family: 'Open Sans', sans-serif;\"><strong>&#8211; Szeroki i mocny rzep<\/strong>\u00a0zapewnia w\u0142a\u015bciwe usztywnienie nadgarstk\u00f3w gwarantuj\u0105c bezpiecze\u0144stwo podczas treningu<br \/><\/span><span style=\"font-size: 10pt; font-family: 'Open Sans', sans-serif;\">&#8211; Zabezpieczenie kciuka<br \/><\/span><span style=\"font-size: 10pt; font-family: 'Open Sans', sans-serif;\">&#8211; W celu poprawienia bezpiecze\u0144stwa kciuk r\u0119kawicy zosta\u0142 przymocowany ta\u015bm\u0105 do r\u0119kawicy. Rozwi\u0105zanie to zapobiega wybiciu kciuka podczas silnych uderze\u0144.<\/span><\/p>\n<p><span style=\"font-size: 10pt; font-family: 'Open Sans', sans-serif;\">kod: 100343<\/span><\/p>\n<p><\/p>\n<p><span style=\"font-size: 10pt; font-family: 'Open Sans', sans-serif;\">\u00a0<\/span><\/p>\n","protected":false},"excerpt":{"rendered":"<p>YAKIMASPORT<br \/>\nEAN: 5903796710755<\/p>\n","protected":false},"featured_media":3555,"template":"","meta":{"_acf_changed":false},"marka":[],"product_cat":[119,118,123],"product_tag":[],"class_list":{"0":"post-3557","1":"product","2":"type-product","3":"status-publish","4":"has-post-thumbnail","6":"product_cat-akcesoria-do-sportow-walki","7":"product_cat-sporty-walki","8":"product_cat-yakimasport","10":"first","11":"instock","12":"taxable","13":"shipping-taxable","14":"purchasable","15":"product-type-simple"},"acf":[],"_links":{"self":[{"href":"https:\/\/sportyheaven.pl\/en\/wp-json\/wp\/v2\/product\/3557","targetHints":{"allow":["GET"]}}],"collection":[{"href":"https:\/\/sportyheaven.pl\/en\/wp-json\/wp\/v2\/product"}],"about":[{"href":"https:\/\/sportyheaven.pl\/en\/wp-json\/wp\/v2\/types\/product"}],"version-history":[{"count":1,"href":"https:\/\/sportyheaven.pl\/en\/wp-json\/wp\/v2\/product\/3557\/revisions"}],"predecessor-version":[{"id":5791,"href":"https:\/\/sportyheaven.pl\/en\/wp-json\/wp\/v2\/product\/3557\/revisions\/5791"}],"wp:featuredmedia":[{"embeddable":true,"href":"https:\/\/sportyheaven.pl\/en\/wp-json\/wp\/v2\/media\/3555"}],"wp:attachment":[{"href":"https:\/\/sportyheaven.pl\/en\/wp-json\/wp\/v2\/media?parent=3557"}],"wp:term":[{"taxonomy":"marka","embeddable":true,"href":"https:\/\/sportyheaven.pl\/en\/wp-json\/wp\/v2\/marka?post=3557"},{"taxonomy":"product_cat","embeddable":true,"href":"https:\/\/sportyheaven.pl\/en\/wp-json\/wp\/v2\/product_cat?post=3557"},{"taxonomy":"product_tag","embeddable":true,"href":"https:\/\/sportyheaven.pl\/en\/wp-json\/wp\/v2\/product_tag?post=3557"}],"curies":[{"name":"wp","href":"https:\/\/api.w.org\/{rel}","templated":true}]}}