{"id":3548,"date":"2023-12-13T13:20:53","date_gmt":"2023-12-13T12:20:53","guid":{"rendered":"https:\/\/sportyheaven.pl\/produkty\/rekawice-bokserskie-lion\/"},"modified":"2025-04-29T09:55:45","modified_gmt":"2025-04-29T07:55:45","slug":"rekawice-bokserskie-lion","status":"publish","type":"product","link":"https:\/\/sportyheaven.pl\/en\/sklep\/rekawice-bokserskie-lion\/","title":{"rendered":"R\u0119kawice bokserskie LION"},"content":{"rendered":"<p style=\"text-align:justify;\"><span style=\"font-size:10pt;font-family:'Open Sans', sans-serif;\"><strong>R\u0119kawice bokserskie LION<\/strong><\/span><\/p>\n<p><span style=\"font-size:10pt;\"><span style=\"font-family:'Open Sans', sans-serif;\">&#8211; R\u0119kawice bokserskie LION to doskona\u0142y sprz\u0119t do trening\u00f3w sport\u00f3w walki. Sprawdz\u0105 si\u0119 zar\u00f3wno podczas\u00a0<\/span><span style=\"font-family:'Open Sans', sans-serif;\">sparing\u00f3w jak i treningu na worku czy trenerem na tarczy.<\/span><\/span><br \/><span style=\"font-size:10pt;\"><span style=\"font-family:'Open Sans', sans-serif;\">&#8211; R\u0119kawice zosta\u0142y uszyte ze sk\u00f3ry syntetycznej. Wn\u0119trze wype\u0142nia trzywarstwowa, \u017celowa g\u0105bka o odpowiedniej\u00a0<\/span><span style=\"font-family:'Open Sans', sans-serif;\">g\u0119sto\u015bci, amortyzuj\u0105ca silne uderzenia. Kciuk zosta\u0142 anatomicznie, \u0142ukowato uformowany i przyszyty do\u00a0<\/span><span style=\"font-family:'Open Sans', sans-serif;\">korpusu r\u0119kawicy za pomoc\u0105 sk\u00f3rzanego paska. Wk\u0142ad amortyzuj\u0105cy jest odpowiednio zamkni\u0119ty i ukszta\u0142towany\u00a0<\/span><span style=\"font-family:'Open Sans', sans-serif;\">do d\u0142oni, co pozwala na komfortowy trening.<\/span><\/span><br \/><span style=\"font-size:10pt;font-family:'Open Sans', sans-serif;\">&#8211; Technologia CARBON zapewnia dodatkow\u0105 os\u0142on\u0119 i stabilizacj\u0119 nadgarstka, zabezpiecza d\u0142o\u0144 przed kontuzjami.<\/span><br \/><span style=\"font-size:10pt;font-family:'Open Sans', sans-serif;\">&#8211; Wn\u0119trze wy\u015bciela nylonowa, mi\u0142a w dotyku podszewka.<\/span><br \/><span style=\"font-size:10pt;font-family:'Open Sans', sans-serif;\"><br \/><strong>Opis:<\/strong><\/span><br \/><span style=\"font-size:10pt;font-family:'Open Sans', sans-serif;\">&#8211; 100% sk\u00f3ra syntetyczna<\/span><br \/><span style=\"font-size:10pt;font-family:'Open Sans', sans-serif;\">&#8211; Technologia CARBON umieszczony przy nadgarstkach- os\u0142ona i stabilizacja nadgarstka\u00a0 \u00a0<img decoding=\"async\" src=\"\/\/yakimasport.pl\/images\/carbon.jpg\" alt=\"\" width=\"93\" height=\"50\" \/><br \/><\/span><br \/><span style=\"font-size:10pt;font-family:'Open Sans', sans-serif;\">&#8211; Wodoodporna podszewka zapobiega wchodzeniu wilgoci do wn\u0119trza i utrzymuje r\u0119kawice w czysto\u015bci<\/span><br \/><span style=\"font-size:10pt;font-family:'Open Sans', sans-serif;\">&#8211; Doskona\u0142e dla trenuj\u0105cych rekreacyjnie r\u00f3\u017cne sporty walki<\/span><\/p>\n<p><span style=\"font-size:10pt;\"><strong><span style=\"font-family:'Open Sans', sans-serif;\">Opinie zawodowych pi\u0119\u015bciarzy o r\u0119kawicy LION:<\/span><\/strong><\/span><br \/><span style=\"font-family:'Open Sans', sans-serif;font-size:10pt;\"><em>&#8220;Zastosowana technologia CARBON doskonale zabezpiecza nadgarstki przed urazami podczas treningu mocnych\u00a0uderze\u0144&#8221;<\/em><\/span><br \/><span style=\"font-family:'Open Sans', sans-serif;font-size:10pt;\"><em>&#8220;Doskona\u0142y stosunek jako\u015bci do ceny.&#8221;<\/em><\/span><br \/><span style=\"font-family:'Open Sans', sans-serif;font-size:10pt;\"><em>&#8220;Doskona\u0142e dla lubi\u0105cych r\u0119kawice dopasowane do d\u0142oni&#8221;<\/em><\/span><br \/><span style=\"font-family:'Open Sans', sans-serif;font-size:10pt;\"><em>&#8220;Solidnie wykonana, wygl\u0105da jak r\u0119kawica za kilkaset z\u0142otych&#8221;<\/em><\/span><\/p>\n<p><span style=\"font-size:11pt;font-family:'Open Sans', sans-serif;\"><span style=\"font-size:10pt;\"><strong>Zastosowanie:<\/strong> Sparingi, trening na tarczach, trening na worku.<\/span><\/p>\n<p><iframe width=\"425\" height=\"350\" src=\"\/\/www.youtube.com\/embed\/6Z81qOmmVrI\"><\/iframe><\/span><\/p><\/p>\n","protected":false},"excerpt":{"rendered":"<p>YAKIMASPORT<br \/>\nEAN: 5906718236654<\/p>\n","protected":false},"featured_media":3546,"template":"","meta":{"_acf_changed":false},"marka":[],"product_cat":[119,118,123],"product_tag":[],"class_list":{"0":"post-3548","1":"product","2":"type-product","3":"status-publish","4":"has-post-thumbnail","6":"product_cat-akcesoria-do-sportow-walki","7":"product_cat-sporty-walki","8":"product_cat-yakimasport","10":"first","11":"instock","12":"taxable","13":"shipping-taxable","14":"purchasable","15":"product-type-simple"},"acf":[],"_links":{"self":[{"href":"https:\/\/sportyheaven.pl\/en\/wp-json\/wp\/v2\/product\/3548","targetHints":{"allow":["GET"]}}],"collection":[{"href":"https:\/\/sportyheaven.pl\/en\/wp-json\/wp\/v2\/product"}],"about":[{"href":"https:\/\/sportyheaven.pl\/en\/wp-json\/wp\/v2\/types\/product"}],"version-history":[{"count":1,"href":"https:\/\/sportyheaven.pl\/en\/wp-json\/wp\/v2\/product\/3548\/revisions"}],"predecessor-version":[{"id":5353,"href":"https:\/\/sportyheaven.pl\/en\/wp-json\/wp\/v2\/product\/3548\/revisions\/5353"}],"wp:featuredmedia":[{"embeddable":true,"href":"https:\/\/sportyheaven.pl\/en\/wp-json\/wp\/v2\/media\/3546"}],"wp:attachment":[{"href":"https:\/\/sportyheaven.pl\/en\/wp-json\/wp\/v2\/media?parent=3548"}],"wp:term":[{"taxonomy":"marka","embeddable":true,"href":"https:\/\/sportyheaven.pl\/en\/wp-json\/wp\/v2\/marka?post=3548"},{"taxonomy":"product_cat","embeddable":true,"href":"https:\/\/sportyheaven.pl\/en\/wp-json\/wp\/v2\/product_cat?post=3548"},{"taxonomy":"product_tag","embeddable":true,"href":"https:\/\/sportyheaven.pl\/en\/wp-json\/wp\/v2\/product_tag?post=3548"}],"curies":[{"name":"wp","href":"https:\/\/api.w.org\/{rel}","templated":true}]}}