{"id":3545,"date":"2023-12-13T13:20:52","date_gmt":"2023-12-13T12:20:52","guid":{"rendered":"https:\/\/sportyheaven.pl\/produkty\/rekawice-bokserskie-high-tech-viper\/"},"modified":"2025-04-29T09:55:44","modified_gmt":"2025-04-29T07:55:44","slug":"rekawice-bokserskie-high-tech-viper","status":"publish","type":"product","link":"https:\/\/sportyheaven.pl\/en\/sklep\/rekawice-bokserskie-high-tech-viper\/","title":{"rendered":"R\u0119kawice bokserskie HIGH TECH VIPER"},"content":{"rendered":"<p><span style=\"font-size: 10pt; font-family: 'Open Sans', sans-serif;\"><strong>R\u0119kawice bokserskie HIGH TECH VIPER<\/strong><\/span><\/p>\n<p><span style=\"font-size: 10pt; font-family: 'Open Sans', sans-serif;\">W r\u0119kawicach zastosowano piank\u0119 o ergonomicznym kszta\u0142cie kt\u00f3ra powoduje naturalne po\u0142o\u017cenie pi\u0119\u015bci sk\u0142ada si\u0119 ona a\u017c z 5 warstw. Mocniejszy profil r\u0119kawicy pozwala na \u0142atwe zamykanie pi\u0119\u015bci, zapewniaj\u0105c jednocze\u015bnie pot\u0119\u017cne uderzenie. R\u0119kawice zosta\u0142y wykonane z bardzo wytrzyma\u0142ej sk\u00f3ry syntetycznej. Szeroki rzep powoduje dobre usztywnienie nadgarstka zmniejszaj\u0105c mo\u017cliwo\u015b\u0107 kontuzji.<\/span><\/p>\n<p><span style=\"font-size: 10pt; font-family: 'Open Sans', sans-serif;\"><strong>Posiadaj\u0105 odporna na pot podszewk\u0119. System do napowietrzania zapobiega zapachowi potu.<\/strong><\/span><\/p>\n<p><span style=\"font-size: 10pt; font-family: 'Open Sans', sans-serif;\"><strong>Technologia HIGH TECH zapewnia kciukom prawid\u0142owe u\u0142o\u017cenie w r\u0119kawicach.<\/strong><\/span><\/p>\n<p><span style=\"font-size: 10pt; font-family: 'Open Sans', sans-serif;\">kod: 100341<br \/><iframe width=\"425\" height=\"350\" src=\"http:\/\/www.youtube.com\/embed\/B9_hAFtLHlo\"><\/iframe><br \/><\/span><\/p>\n","protected":false},"excerpt":{"rendered":"<p>YAKIMASPORT<br \/>\nEAN: 5906718236685<\/p>\n","protected":false},"featured_media":3543,"template":"","meta":{"_acf_changed":false},"marka":[],"product_cat":[119,118,123],"product_tag":[],"class_list":{"0":"post-3545","1":"product","2":"type-product","3":"status-publish","4":"has-post-thumbnail","6":"product_cat-akcesoria-do-sportow-walki","7":"product_cat-sporty-walki","8":"product_cat-yakimasport","10":"first","11":"instock","12":"taxable","13":"shipping-taxable","14":"purchasable","15":"product-type-simple"},"acf":[],"_links":{"self":[{"href":"https:\/\/sportyheaven.pl\/en\/wp-json\/wp\/v2\/product\/3545","targetHints":{"allow":["GET"]}}],"collection":[{"href":"https:\/\/sportyheaven.pl\/en\/wp-json\/wp\/v2\/product"}],"about":[{"href":"https:\/\/sportyheaven.pl\/en\/wp-json\/wp\/v2\/types\/product"}],"version-history":[{"count":1,"href":"https:\/\/sportyheaven.pl\/en\/wp-json\/wp\/v2\/product\/3545\/revisions"}],"predecessor-version":[{"id":5811,"href":"https:\/\/sportyheaven.pl\/en\/wp-json\/wp\/v2\/product\/3545\/revisions\/5811"}],"wp:featuredmedia":[{"embeddable":true,"href":"https:\/\/sportyheaven.pl\/en\/wp-json\/wp\/v2\/media\/3543"}],"wp:attachment":[{"href":"https:\/\/sportyheaven.pl\/en\/wp-json\/wp\/v2\/media?parent=3545"}],"wp:term":[{"taxonomy":"marka","embeddable":true,"href":"https:\/\/sportyheaven.pl\/en\/wp-json\/wp\/v2\/marka?post=3545"},{"taxonomy":"product_cat","embeddable":true,"href":"https:\/\/sportyheaven.pl\/en\/wp-json\/wp\/v2\/product_cat?post=3545"},{"taxonomy":"product_tag","embeddable":true,"href":"https:\/\/sportyheaven.pl\/en\/wp-json\/wp\/v2\/product_tag?post=3545"}],"curies":[{"name":"wp","href":"https:\/\/api.w.org\/{rel}","templated":true}]}}