{"id":3542,"date":"2023-12-13T13:20:51","date_gmt":"2023-12-13T12:20:51","guid":{"rendered":"https:\/\/sportyheaven.pl\/produkty\/rekawice-bokserskie-matrix\/"},"modified":"2024-10-30T22:17:23","modified_gmt":"2024-10-30T21:17:23","slug":"rekawice-bokserskie-matrix","status":"publish","type":"product","link":"https:\/\/sportyheaven.pl\/en\/sklep\/rekawice-bokserskie-matrix\/","title":{"rendered":"R\u0119kawice bokserskie MATRIX"},"content":{"rendered":"<p><span style=\"font-family:'Open Sans', sans-serif;font-size:10pt;\"><strong>R\u0119kawice MATRIX<br \/><\/strong><\/span><br \/><span style=\"font-family:'Open Sans', sans-serif;font-size:10pt;\">Dzi\u0119ki nowoczesnemu wzornictwu r\u0119kawice bokserskie MATRIX oferuj\u0105 idealne po\u0142\u0105czenie jako\u015bci i ceny.<\/span><br \/><span style=\"font-family:'Open Sans', sans-serif;font-size:10pt;\">Dzi\u0119ki nowej wy\u015bci\u00f3\u0142ce i lepszemu wyko\u0144czeniu r\u0119kawice MATRIX dodadz\u0105 Ci pewno\u015bci siebie i poprawi\u0105 Twoje wyniki.<\/span><br \/><span style=\"font-family:'Open Sans', sans-serif;font-size:10pt;\">Siateczkowy panel na wewn\u0119trznej stronie r\u0119kawic u\u0142atwia odprowadzanie wilgoci.<br \/><\/span><br \/><span style=\"font-size:10pt;\"><strong><span style=\"font-family:'Open Sans', sans-serif;\">Parametry techniczne:<\/span><\/strong><\/span><br \/><span style=\"font-family:'Open Sans', sans-serif;font-size:10pt;\">&#8211; Pianka wtryskiwana o du\u017cej g\u0119sto\u015bci. <\/span><br \/><span style=\"font-family:'Open Sans', sans-serif;font-size:10pt;\">&#8211; Trzykrotnie bardziej ochronne ni\u017c r\u0119kawice dla pocz\u0105tkuj\u0105cych zawodnik\u00f3w.<\/span><br \/><span style=\"font-family:'Open Sans', sans-serif;font-size:10pt;\">&#8211; Wysokiej jako\u015bci sk\u00f3ra PU<\/span><br \/><span style=\"font-family:'Open Sans', sans-serif;font-size:10pt;\">&#8211; Du\u017ca obudowa na rzep dla lepszej ochrony nadgarstk\u00f3w.<\/span><br \/><span style=\"font-family:'Open Sans', sans-serif;font-size:10pt;\">&#8211; Ulepszone dopasowanie dla wi\u0119kszego komfortu.<\/p>\n<p>kod: 100530<\/span><\/p>\n","protected":false},"excerpt":{"rendered":"<p>YAKIMASPORT<br \/>\nEAN: 5903796713251<\/p>\n","protected":false},"featured_media":3540,"template":"","meta":{"_acf_changed":false},"marka":[],"product_cat":[119,118,123],"product_tag":[],"class_list":{"0":"post-3542","1":"product","2":"type-product","3":"status-publish","4":"has-post-thumbnail","6":"product_cat-akcesoria-do-sportow-walki","7":"product_cat-sporty-walki","8":"product_cat-yakimasport","10":"first","11":"instock","12":"taxable","13":"shipping-taxable","14":"purchasable","15":"product-type-simple"},"acf":[],"_links":{"self":[{"href":"https:\/\/sportyheaven.pl\/en\/wp-json\/wp\/v2\/product\/3542","targetHints":{"allow":["GET"]}}],"collection":[{"href":"https:\/\/sportyheaven.pl\/en\/wp-json\/wp\/v2\/product"}],"about":[{"href":"https:\/\/sportyheaven.pl\/en\/wp-json\/wp\/v2\/types\/product"}],"version-history":[{"count":0,"href":"https:\/\/sportyheaven.pl\/en\/wp-json\/wp\/v2\/product\/3542\/revisions"}],"wp:featuredmedia":[{"embeddable":true,"href":"https:\/\/sportyheaven.pl\/en\/wp-json\/wp\/v2\/media\/3540"}],"wp:attachment":[{"href":"https:\/\/sportyheaven.pl\/en\/wp-json\/wp\/v2\/media?parent=3542"}],"wp:term":[{"taxonomy":"marka","embeddable":true,"href":"https:\/\/sportyheaven.pl\/en\/wp-json\/wp\/v2\/marka?post=3542"},{"taxonomy":"product_cat","embeddable":true,"href":"https:\/\/sportyheaven.pl\/en\/wp-json\/wp\/v2\/product_cat?post=3542"},{"taxonomy":"product_tag","embeddable":true,"href":"https:\/\/sportyheaven.pl\/en\/wp-json\/wp\/v2\/product_tag?post=3542"}],"curies":[{"name":"wp","href":"https:\/\/api.w.org\/{rel}","templated":true}]}}