{"id":3533,"date":"2023-12-13T13:20:48","date_gmt":"2023-12-13T12:20:48","guid":{"rendered":"https:\/\/sportyheaven.pl\/produkty\/rekawice-kobiece-mandala-white-blue\/"},"modified":"2025-04-29T09:47:36","modified_gmt":"2025-04-29T07:47:36","slug":"rekawice-kobiece-mandala-white-blue","status":"publish","type":"product","link":"https:\/\/sportyheaven.pl\/en\/sklep\/rekawice-kobiece-mandala-white-blue\/","title":{"rendered":"R\u0119kawice kobiece MANDALA WHITE\/BLUE"},"content":{"rendered":"<pre id=\"tw-target-text\" dir=\"ltr\"><span style=\"font-family: 'Open Sans', sans-serif; font-size: 10pt;\"><strong>R\u0119kawice MANDALA marki YAKIMASPORT wyr\u00f3\u017cniaj\u0105 si\u0119 niepowtarzalnymi grafikami kt\u00f3re je zdobi\u0105.<\/strong> <\/span><br \/><br \/><span style=\"font-family: 'Open Sans', sans-serif; font-size: 10pt;\">Mandale, to harmonijne po\u0142\u0105czenie ko\u0142a i kwadratu, gdzie ko\u0142o jest symbolem nieba, zewn\u0119trzno\u015bci i niesko\u0144czono\u015bci, natomiast kwadrat przedstawia sfer\u0119 wewn\u0119trzno\u015bci, tego co jest zwi\u0105zane z cz\u0142owiekiem i ziemi\u0105.<\/span><br \/><span style=\"font-family: 'Open Sans', sans-serif; font-size: 10pt;\">Obie figury \u0142\u0105czy punkt centralny, kt\u00f3ry jest zar\u00f3wno pocz\u0105tkiem, jak i ko\u0144cem ca\u0142ego uk\u0142adu. <\/span><br \/><span style=\"font-family: 'Open Sans', sans-serif; font-size: 10pt;\">R\u0119kawice wyposa\u017cone s\u0105 w wy\u015bci\u00f3\u0142k\u0119 przeciwwstrz\u0105sow\u0105, kt\u00f3ra w po\u0142\u0105czeniu z wysokiej jako\u015bci sk\u00f3r\u0105 naturaln\u0105 gwarantuje maksymaln\u0105 ochron\u0119 oraz wysok\u0105 skuteczno\u015b\u0107. <\/span><br \/><span style=\"font-family: 'Open Sans', sans-serif; font-size: 10pt;\">S\u0105 idealnym wyborem\u00a0 do treningu jak r\u00f3wnie\u017c sparing\u00f3w.<\/span><br \/><br \/><span style=\"font-family: 'Open Sans', sans-serif; font-size: 10pt;\">Model MANDALA jest dedykowany dla kobiet. Je\u015bli chcesz czu\u0107 si\u0119 kobieco bez wzgl\u0119du na form\u0119 aktywno\u015bci, mo\u017cesz si\u0119gn\u0105\u0107 po linie przeznaczone specjalnie dla pa\u0144.<\/span><br \/><span style=\"font-family: 'Open Sans', sans-serif; font-size: 10pt;\">R\u0119kawice s\u0105 produkowane z uwzgl\u0119dnieniem budowy damskiej d\u0142oni (kszta\u0142t i gabaryty) oraz wzgl\u0119d\u00f3w estetycznych (kolor\u00f3w).<\/span><br \/><span style=\"font-family: 'Open Sans', sans-serif; font-size: 10pt;\">Na pewno b\u0119dziesz si\u0119 w nich wyr\u00f3\u017cnia\u0107 na ringu. <\/span><br \/><br \/><span style=\"font-size: 10pt;\"><strong><span style=\"font-family: 'Open Sans', sans-serif;\">Dane techniczne:<\/span><\/strong><\/span><br \/><span style=\"font-family: 'Open Sans', sans-serif; font-size: 10pt;\">- Wysokiej jako\u015bci sk\u00f3ra naturalna.<\/span><br \/><span style=\"font-family: 'Open Sans', sans-serif; font-size: 10pt;\">- Pianka wielu g\u0119sto\u015bci o doskona\u0142ej absorpcji wstrz\u0105s\u00f3w.<\/span><br \/><span style=\"font-family: 'Open Sans', sans-serif; font-size: 10pt;\">- Du\u017ce zapi\u0119cie na rzep<\/span><br \/><span style=\"font-family: 'Open Sans', sans-serif; font-size: 10pt;\">- Pe\u0142ny do\u0142\u0105czony kciuk, aby zminimalizowa\u0107 ryzyko skr\u0119cania.<\/span><br \/><span style=\"font-family: 'Open Sans', sans-serif; font-size: 10pt;\">- Oddychaj\u0105ce wn\u0119trze<br \/><br \/>kod: 100551<\/span><\/pre>\n","protected":false},"excerpt":{"rendered":"<p>YAKIMASPORT<br \/>\nEAN: 5903796713084<\/p>\n","protected":false},"featured_media":3531,"template":"","meta":{"_acf_changed":false},"marka":[],"product_cat":[119,118,123],"product_tag":[],"class_list":{"0":"post-3533","1":"product","2":"type-product","3":"status-publish","4":"has-post-thumbnail","6":"product_cat-akcesoria-do-sportow-walki","7":"product_cat-sporty-walki","8":"product_cat-yakimasport","10":"first","11":"instock","12":"taxable","13":"shipping-taxable","14":"purchasable","15":"product-type-simple"},"acf":[],"_links":{"self":[{"href":"https:\/\/sportyheaven.pl\/en\/wp-json\/wp\/v2\/product\/3533","targetHints":{"allow":["GET"]}}],"collection":[{"href":"https:\/\/sportyheaven.pl\/en\/wp-json\/wp\/v2\/product"}],"about":[{"href":"https:\/\/sportyheaven.pl\/en\/wp-json\/wp\/v2\/types\/product"}],"version-history":[{"count":1,"href":"https:\/\/sportyheaven.pl\/en\/wp-json\/wp\/v2\/product\/3533\/revisions"}],"predecessor-version":[{"id":5839,"href":"https:\/\/sportyheaven.pl\/en\/wp-json\/wp\/v2\/product\/3533\/revisions\/5839"}],"wp:featuredmedia":[{"embeddable":true,"href":"https:\/\/sportyheaven.pl\/en\/wp-json\/wp\/v2\/media\/3531"}],"wp:attachment":[{"href":"https:\/\/sportyheaven.pl\/en\/wp-json\/wp\/v2\/media?parent=3533"}],"wp:term":[{"taxonomy":"marka","embeddable":true,"href":"https:\/\/sportyheaven.pl\/en\/wp-json\/wp\/v2\/marka?post=3533"},{"taxonomy":"product_cat","embeddable":true,"href":"https:\/\/sportyheaven.pl\/en\/wp-json\/wp\/v2\/product_cat?post=3533"},{"taxonomy":"product_tag","embeddable":true,"href":"https:\/\/sportyheaven.pl\/en\/wp-json\/wp\/v2\/product_tag?post=3533"}],"curies":[{"name":"wp","href":"https:\/\/api.w.org\/{rel}","templated":true}]}}