{"id":3524,"date":"2023-12-13T13:20:45","date_gmt":"2023-12-13T12:20:45","guid":{"rendered":"https:\/\/sportyheaven.pl\/produkty\/rekawice-bokserskie-crab-skora-naturalna\/"},"modified":"2025-04-29T09:47:35","modified_gmt":"2025-04-29T07:47:35","slug":"rekawice-bokserskie-crab-skora-naturalna","status":"publish","type":"product","link":"https:\/\/sportyheaven.pl\/en\/sklep\/rekawice-bokserskie-crab-skora-naturalna\/","title":{"rendered":"R\u0119kawice bokserskie CRAB &#8211; sk\u00f3ra naturalna"},"content":{"rendered":"<div style=\"text-align:justify;\"><span style=\"font-family:'Open Sans', sans-serif;font-size:10pt;\"><strong>R\u0119kawice bokserskie CRAB<br \/><\/strong><\/span><br \/><span style=\"font-size:10pt;font-family:'Open Sans', sans-serif;\">Ta r\u0119kawica zapewnia idealn\u0105 r\u00f3wnowag\u0119 mi\u0119dzy ochron\u0105, wygod\u0105 i uderzeniami. Jej zakrzywiony kszta\u0142t instynktownie ustawia d\u0142o\u0144 w idealnej pozycji do mocnego uderzenia, bez konieczno\u015bci wysi\u0142ku. Kciuk i nadgarstek s\u0105 wzmocnione dla lepszego wsparcia i ochrony.<\/span><br \/><span style=\"font-size:10pt;font-family:'Open Sans', sans-serif;\">Uszyte z najwy\u017cszej jako\u015bci naturalnej sk\u00f3ry.<\/span><br \/><span style=\"font-size:10pt;font-family:'Open Sans', sans-serif;\">Za popularno\u015bci\u0105 tego modelu z pewno\u015bci\u0105 stoi ultra solidna i r\u0119cznie szyta konstrukcja plus najwy\u017cszej jako\u015bci sk\u00f3ra bydl\u0119ca kt\u00f3ra zniesie najci\u0119\u017csze treningi. Kupuj\u0105c te r\u0119kawice mo\u017cesz by\u0107 pewien, \u017ce wybra\u0142e\u015b topowy produkt w swojej klasie!<\/span><\/p>\n<p><span style=\"font-size:10pt;\"><strong><span style=\"font-family:'Open Sans', sans-serif;\">Opis:<\/span><\/strong><\/span><br \/><span style=\"font-size:10pt;\"><strong><span style=\"font-family:'Open Sans', sans-serif;\">&#8211; 100% prawdziwej, wysokogatunkowej sk\u00f3ry<\/span><\/strong><\/span><br \/><span style=\"font-size:10pt;font-family:'Open Sans', sans-serif;\">&#8211; Profilowane dla lepszego dopasowania<\/span><br \/><span style=\"font-size:10pt;font-family:'Open Sans', sans-serif;\">&#8211; R\u0119cznie szyte dla zapewnienia maksymalnej trwa\u0142o\u015bci<\/span><br \/><span style=\"font-size:10pt;font-family:'Open Sans', sans-serif;\">&#8211; Szerokie zapi\u0119cie na rzep stabilizuje nadgarstek i chroni przed kontuzjami<\/span><br \/><span style=\"font-size:10pt;font-family:'Open Sans', sans-serif;\">&#8211; Kciuk \u0142\u0105czony z g\u0142\u00f3wn\u0105 cz\u0119\u015bci\u0105 r\u0119kawicy dla wi\u0119kszego bezpiecze\u0144stwa<\/span><\/p>\n<p><span style=\"font-size:10pt;\"><strong><span style=\"font-family:'Open Sans', sans-serif;\">Opinie o r\u0119kawicy CRAB:<\/span><\/strong><\/span><br \/><span style=\"font-family:'Open Sans', sans-serif;font-size:10pt;\"><em>&#8220;Konstrukcja domykaj\u0105ca pi\u0119\u015bci sprawia, \u017ce podczas sparing\u00f3w nie traci si\u0119 si\u0142y aby domyka\u0107 pi\u0119\u015b\u0107 przy wyprowadzaniu uderze\u0144&#8221;<\/em><\/span><br \/><span style=\"font-family:'Open Sans', sans-serif;font-size:10pt;\"><em>&#8220;R\u0119kawice CRAB s\u0105 bardzo wygodne niezale\u017cnie od wielko\u015bci d\u0142oni. Doskonale dopasowuj\u0105 si\u0119 do jej kszta\u0142tu&#8221;<\/em><\/span><br \/><span style=\"font-family:'Open Sans', sans-serif;font-size:10pt;\"><em>&#8220;Wewn\u0119trzny materia\u0142 jest bardzo przyjemny dla d\u0142oni&#8221;<\/em><\/span><\/p>\n<p><span style=\"font-size:10pt;font-family:'Open Sans', sans-serif;\">Zastosowanie: Walki amatorskie, sparingi, trening na tarczach, trening na worku.<\/span><\/p>\n<\/div>\n","protected":false},"excerpt":{"rendered":"<p>YAKIMASPORT<br \/>\nEAN: 5903796711073<\/p>\n","protected":false},"featured_media":3522,"template":"","meta":{"_acf_changed":false},"marka":[],"product_cat":[119,118,123],"product_tag":[],"class_list":{"0":"post-3524","1":"product","2":"type-product","3":"status-publish","4":"has-post-thumbnail","6":"product_cat-akcesoria-do-sportow-walki","7":"product_cat-sporty-walki","8":"product_cat-yakimasport","10":"first","11":"instock","12":"taxable","13":"shipping-taxable","14":"purchasable","15":"product-type-simple"},"acf":[],"_links":{"self":[{"href":"https:\/\/sportyheaven.pl\/en\/wp-json\/wp\/v2\/product\/3524","targetHints":{"allow":["GET"]}}],"collection":[{"href":"https:\/\/sportyheaven.pl\/en\/wp-json\/wp\/v2\/product"}],"about":[{"href":"https:\/\/sportyheaven.pl\/en\/wp-json\/wp\/v2\/types\/product"}],"version-history":[{"count":0,"href":"https:\/\/sportyheaven.pl\/en\/wp-json\/wp\/v2\/product\/3524\/revisions"}],"wp:featuredmedia":[{"embeddable":true,"href":"https:\/\/sportyheaven.pl\/en\/wp-json\/wp\/v2\/media\/3522"}],"wp:attachment":[{"href":"https:\/\/sportyheaven.pl\/en\/wp-json\/wp\/v2\/media?parent=3524"}],"wp:term":[{"taxonomy":"marka","embeddable":true,"href":"https:\/\/sportyheaven.pl\/en\/wp-json\/wp\/v2\/marka?post=3524"},{"taxonomy":"product_cat","embeddable":true,"href":"https:\/\/sportyheaven.pl\/en\/wp-json\/wp\/v2\/product_cat?post=3524"},{"taxonomy":"product_tag","embeddable":true,"href":"https:\/\/sportyheaven.pl\/en\/wp-json\/wp\/v2\/product_tag?post=3524"}],"curies":[{"name":"wp","href":"https:\/\/api.w.org\/{rel}","templated":true}]}}