{"id":3518,"date":"2023-12-13T13:20:42","date_gmt":"2023-12-13T12:20:42","guid":{"rendered":"https:\/\/sportyheaven.pl\/produkty\/rekawice-bokserskie-tiger-gold-v\/"},"modified":"2025-04-29T09:42:04","modified_gmt":"2025-04-29T07:42:04","slug":"rekawice-bokserskie-tiger-gold-v","status":"publish","type":"product","link":"https:\/\/sportyheaven.pl\/en\/sklep\/rekawice-bokserskie-tiger-gold-v\/","title":{"rendered":"R\u0119kawice bokserskie TIGER GOLD V"},"content":{"rendered":"<div style=\"text-align:justify;\"><span style=\"font-family:'Open Sans', sans-serif;font-size:10pt;\"><strong>R\u0119kawice bokserskie TIGER Gold\/Black V\u00a0 &#8211; Seria PRO2.0<\/strong><\/p>\n<p><\/span><\/p>\n<div style=\"text-align:justify;\"><span style=\"font-family:'Open Sans', sans-serif;font-size:10pt;\">R\u0119kawica bokserska Tiger z serii\u00a0<strong>PRO 2.0<\/strong>\u00a0jest ergonomicznie zaprojektowana aby idealnie dopasowa\u0107 si\u0119 do d\u0142oni. U\u017cyta\u00a0<strong>technologia DUAL FORCE<\/strong>\u00a0maksymalizuje przeniesienie mocy ciosu.<br \/>R\u0119kawica\u00a0posiada zewn\u0119trzn\u0105 warstw\u0119 o ultra wysokiej g\u0119sto\u015bci, kt\u00f3ra zapewnia zewn\u0119trzn\u0105 sztywno\u015b\u0107, jakiej nigdy wcze\u015bniej nie osi\u0105gni\u0119to w r\u0119kawicach bokserskich. Dzi\u0119ki temu r\u0119kawice maj\u0105 wyj\u0105tkow\u0105 odporno\u015b\u0107 na uderzenia. U\u017cyta naturalna sk\u00f3ra ciel\u0119ca zosta\u0142a poddana specjalnej obr\u00f3bce w celu jej usztywnienia i wzmocnienia. Dodatek silnie ch\u0142onnej warstwy wewn\u0119trznej gwarantuje wi\u0119ksz\u0105 ochron\u0119 \u015br\u00f3dr\u0119cza, zapewniaj\u0105c jednocze\u015bnie maksymalny poziom komfortu.<\/span><\/div>\n<div style=\"text-align:justify;\"><span style=\"font-family:'Open Sans', sans-serif;font-size:10pt;\">Zgodnie z zaleceniami zawodowych pi\u0119\u015bciarzy zesp\u00f3\u0142 projektant\u00f3w zoptymalizowa\u0142 r\u00f3wnie\u017c kszta\u0142t r\u0119kawicy i jej chwyt, poniewa\u017c u\u0142o\u017cenie d\u0142oni jest niezb\u0119dne, aby unikn\u0105\u0107 kontuzji. W r\u0119kawicach Tiger r\u0119ka boksera jest naturalnie zamkni\u0119ta.<\/p>\n<p><\/span><\/div>\n<div style=\"text-align:justify;\"><span style=\"font-family:'Open Sans', sans-serif;font-size:10pt;\">R\u0119kawice z\u00a0<strong>serii PRO 2.0<\/strong>\u00a0doskonale nadaj\u0105 si\u0119 do walk turniejowych, sparing\u00f3w oraz pracy z trenerem lub na worku.<\/span><\/div>\n<div style=\"text-align:justify;\"><span style=\"font-family:'Open Sans', sans-serif;font-size:10pt;\">\u00a0<\/span><\/div>\n<div style=\"text-align:justify;\"><span style=\"font-family:'Open Sans', sans-serif;font-size:10pt;\">\u2022 Idealne do walk zawodowych oraz sparing\u00f3w<\/span><\/div>\n<div style=\"text-align:justify;\"><span style=\"font-family:'Open Sans', sans-serif;font-size:10pt;\">\u2022 Wyprodukowane pod \u015bcis\u0142\u0105 kontrol\u0105 jako\u015bci z najwy\u017cszej jako\u015bci naturalnej sk\u00f3ry<\/span><\/div>\n<div style=\"text-align:justify;\"><span style=\"font-family:'Open Sans', sans-serif;font-size:10pt;\">\u2022 Lateksowy wk\u0142ad o d\u0142ugiej \u017cywotno\u015bci<\/span><\/div>\n<div style=\"text-align:justify;\"><span style=\"font-family:'Open Sans', sans-serif;font-size:10pt;\">\u2022 Kciuk \u0142\u0105czony z g\u0142\u00f3wn\u0105 cz\u0119\u015bci\u0105 r\u0119kawicy dla bezpiecze\u0144stwa<\/span><\/div>\n<div style=\"text-align:justify;\"><span style=\"font-family:'Open Sans', sans-serif;font-size:10pt;\">\u2022 Odporna na wilgo\u0107 podszewka<\/span><\/div>\n<div style=\"text-align:justify;\"><span style=\"font-family:'Open Sans', sans-serif;font-size:10pt;\">\u2022 Anatomiczny kszta\u0142t<\/p>\n<p>Kod: 100395<\/p>\n<p><\/span><video width=\"513\" height=\"335\" controls=\"\"><source src=\"\/img\/cms\/R%C4%99kawice%20bokserskie%20sparnigowe.mp4\" type=\"video\/mp4\"><\/source><\/video><\/p>\n<p><iframe width=\"425\" height=\"350\" src=\"\/\/www.youtube.com\/embed\/DqFJXRXQ3mE\"><\/iframe><\/div>\n<\/div>\n","protected":false},"excerpt":{"rendered":"<p>YAKIMASPORT<br \/>\nEAN: 5903796711035<\/p>\n","protected":false},"featured_media":3516,"template":"","meta":{"_acf_changed":false},"marka":[],"product_cat":[119,118,123],"product_tag":[],"class_list":{"0":"post-3518","1":"product","2":"type-product","3":"status-publish","4":"has-post-thumbnail","6":"product_cat-akcesoria-do-sportow-walki","7":"product_cat-sporty-walki","8":"product_cat-yakimasport","10":"first","11":"instock","12":"taxable","13":"shipping-taxable","14":"purchasable","15":"product-type-simple"},"acf":[],"_links":{"self":[{"href":"https:\/\/sportyheaven.pl\/en\/wp-json\/wp\/v2\/product\/3518","targetHints":{"allow":["GET"]}}],"collection":[{"href":"https:\/\/sportyheaven.pl\/en\/wp-json\/wp\/v2\/product"}],"about":[{"href":"https:\/\/sportyheaven.pl\/en\/wp-json\/wp\/v2\/types\/product"}],"version-history":[{"count":0,"href":"https:\/\/sportyheaven.pl\/en\/wp-json\/wp\/v2\/product\/3518\/revisions"}],"wp:featuredmedia":[{"embeddable":true,"href":"https:\/\/sportyheaven.pl\/en\/wp-json\/wp\/v2\/media\/3516"}],"wp:attachment":[{"href":"https:\/\/sportyheaven.pl\/en\/wp-json\/wp\/v2\/media?parent=3518"}],"wp:term":[{"taxonomy":"marka","embeddable":true,"href":"https:\/\/sportyheaven.pl\/en\/wp-json\/wp\/v2\/marka?post=3518"},{"taxonomy":"product_cat","embeddable":true,"href":"https:\/\/sportyheaven.pl\/en\/wp-json\/wp\/v2\/product_cat?post=3518"},{"taxonomy":"product_tag","embeddable":true,"href":"https:\/\/sportyheaven.pl\/en\/wp-json\/wp\/v2\/product_tag?post=3518"}],"curies":[{"name":"wp","href":"https:\/\/api.w.org\/{rel}","templated":true}]}}