{"id":3509,"date":"2023-12-13T13:20:40","date_gmt":"2023-12-13T12:20:40","guid":{"rendered":"https:\/\/sportyheaven.pl\/produkty\/rekawice-bokserskie-wolf-white-v\/"},"modified":"2024-11-29T06:31:32","modified_gmt":"2024-11-29T05:31:32","slug":"rekawice-bokserskie-wolf-white-v","status":"publish","type":"product","link":"https:\/\/sportyheaven.pl\/en\/sklep\/rekawice-bokserskie-wolf-white-v\/","title":{"rendered":"R\u0119kawice bokserskie WOLF WHITE V"},"content":{"rendered":"<p id=\"tw-target-text\" dir=\"ltr\" style=\"text-align:left;\"><span style=\"font-size:10pt;font-family:'Open Sans', sans-serif;\"><strong>R\u0119kawice bokserskie WOLF s\u0105 klas\u0105 sam\u0105 w sobie<\/strong>.<\/span><\/p>\n<p><span style=\"font-size:10pt;font-family:'Open Sans', sans-serif;\">R\u0119kawica laminowana piank\u0105 EVA o du\u017cej g\u0119sto\u015bci i doskonale skrojon\u0105 wy\u015bci\u00f3\u0142k\u0105 jest efektem wsp\u00f3\u0142pracy Yakima z zawodowymi pi\u0119\u015bciarzami.<br \/>Stworzyli\u015bmy r\u0119kawic\u0119, kt\u00f3ra zdoby\u0142a zaufanie wielu sportowc\u00f3w szukaj\u0105cych r\u0119kawicy twardej sprawiaj\u0105cej, \u017ce uderzenia s\u0105 mocniejsze ale r\u00f3wnie\u017c bardzo wygodnej i elastycznej.<\/span><br \/><span style=\"font-size:10pt;font-family:'Open Sans', sans-serif;\">Na polskich ringach r\u0119kawice mo\u017cemy zobaczy\u0107 w akcji podczas walk m.in Fiodora Czerkaszyna, Kamila Bednarka, Damiana Wrzesi\u0144skiego czy Kamila Ku\u017adzienia.<\/span><\/p>\n<p><span style=\"font-size:10pt;font-family:'Open Sans', sans-serif;\">R\u0119kawica WOLF najnowszy produkt YAKIMA nale\u017cy do serii PRO SERIES, kt\u00f3ra gwarantuje, \u017ce r\u0119kawica sprawdzi si\u0119 podczas najci\u0119\u017cszych ringowych walk.<\/p>\n<p>kod: 100528<\/span><\/p>\n","protected":false},"excerpt":{"rendered":"<p>YAKIMASPORT<br \/>\nEAN: <\/p>\n","protected":false},"featured_media":3507,"template":"","meta":{"_acf_changed":false},"marka":[],"product_cat":[119,118,123],"product_tag":[],"class_list":{"0":"post-3509","1":"product","2":"type-product","3":"status-publish","4":"has-post-thumbnail","6":"product_cat-akcesoria-do-sportow-walki","7":"product_cat-sporty-walki","8":"product_cat-yakimasport","10":"first","11":"instock","12":"taxable","13":"shipping-taxable","14":"purchasable","15":"product-type-simple"},"acf":[],"_links":{"self":[{"href":"https:\/\/sportyheaven.pl\/en\/wp-json\/wp\/v2\/product\/3509","targetHints":{"allow":["GET"]}}],"collection":[{"href":"https:\/\/sportyheaven.pl\/en\/wp-json\/wp\/v2\/product"}],"about":[{"href":"https:\/\/sportyheaven.pl\/en\/wp-json\/wp\/v2\/types\/product"}],"version-history":[{"count":0,"href":"https:\/\/sportyheaven.pl\/en\/wp-json\/wp\/v2\/product\/3509\/revisions"}],"wp:featuredmedia":[{"embeddable":true,"href":"https:\/\/sportyheaven.pl\/en\/wp-json\/wp\/v2\/media\/3507"}],"wp:attachment":[{"href":"https:\/\/sportyheaven.pl\/en\/wp-json\/wp\/v2\/media?parent=3509"}],"wp:term":[{"taxonomy":"marka","embeddable":true,"href":"https:\/\/sportyheaven.pl\/en\/wp-json\/wp\/v2\/marka?post=3509"},{"taxonomy":"product_cat","embeddable":true,"href":"https:\/\/sportyheaven.pl\/en\/wp-json\/wp\/v2\/product_cat?post=3509"},{"taxonomy":"product_tag","embeddable":true,"href":"https:\/\/sportyheaven.pl\/en\/wp-json\/wp\/v2\/product_tag?post=3509"}],"curies":[{"name":"wp","href":"https:\/\/api.w.org\/{rel}","templated":true}]}}