{"id":3488,"date":"2023-12-13T13:20:32","date_gmt":"2023-12-13T12:20:32","guid":{"rendered":"https:\/\/sportyheaven.pl\/produkty\/rekawice-bokserskie-wolf-black-l\/"},"modified":"2025-04-29T09:30:09","modified_gmt":"2025-04-29T07:30:09","slug":"rekawice-bokserskie-wolf-black-l","status":"publish","type":"product","link":"https:\/\/sportyheaven.pl\/en\/sklep\/rekawice-bokserskie-wolf-black-l\/","title":{"rendered":"R\u0119kawice bokserskie WOLF BLACK L"},"content":{"rendered":"<p id=\"tw-target-text\" dir=\"ltr\" style=\"text-align: left;\"><span style=\"font-size: 10pt; font-family: 'Open Sans', sans-serif;\"><strong>R\u0119kawice bokserskie WOLF s\u0105 klas\u0105 sam\u0105 w sobie<\/strong>.<\/span><\/p>\n<p><span style=\"font-size: 10pt; font-family: 'Open Sans', sans-serif;\">R\u0119kawica laminowana piank\u0105 EVA o du\u017cej g\u0119sto\u015bci i doskonale skrojon\u0105 wy\u015bci\u00f3\u0142k\u0105 jest efektem wsp\u00f3\u0142pracy Yakima z zawodowymi pi\u0119\u015bciarzami.<br \/>Stworzyli\u015bmy r\u0119kawic\u0119, kt\u00f3ra zdoby\u0142a zaufanie wielu sportowc\u00f3w szukaj\u0105cych r\u0119kawicy twardej sprawiaj\u0105cej, \u017ce uderzenia s\u0105 mocniejsze ale r\u00f3wnie\u017c bardzo wygodnej i elastycznej.<\/span><br \/><span style=\"font-size: 10pt; font-family: 'Open Sans', sans-serif;\">Na polskich ringach r\u0119kawice mo\u017cemy zobaczy\u0107 w akcji podczas walk zawodowych.<\/span><\/p>\n<p><span style=\"font-size: 10pt; font-family: 'Open Sans', sans-serif;\">R\u0119kawica WOLF najnowszy produkt YAKIMA nale\u017cy do serii PRO SERIES, kt\u00f3ra gwarantuje, \u017ce r\u0119kawica sprawdzi si\u0119 podczas najci\u0119\u017cszych ringowych walk..<\/p>\n<p>kod: 100522<\/span><\/p>\n","protected":false},"excerpt":{"rendered":"<p>YAKIMASPORT<br \/>\nEAN: 5903796713473<\/p>\n","protected":false},"featured_media":3486,"template":"","meta":{"_acf_changed":false},"marka":[],"product_cat":[119,118,123],"product_tag":[],"class_list":{"0":"post-3488","1":"product","2":"type-product","3":"status-publish","4":"has-post-thumbnail","6":"product_cat-akcesoria-do-sportow-walki","7":"product_cat-sporty-walki","8":"product_cat-yakimasport","10":"first","11":"instock","12":"taxable","13":"shipping-taxable","14":"purchasable","15":"product-type-simple"},"acf":[],"_links":{"self":[{"href":"https:\/\/sportyheaven.pl\/en\/wp-json\/wp\/v2\/product\/3488","targetHints":{"allow":["GET"]}}],"collection":[{"href":"https:\/\/sportyheaven.pl\/en\/wp-json\/wp\/v2\/product"}],"about":[{"href":"https:\/\/sportyheaven.pl\/en\/wp-json\/wp\/v2\/types\/product"}],"version-history":[{"count":2,"href":"https:\/\/sportyheaven.pl\/en\/wp-json\/wp\/v2\/product\/3488\/revisions"}],"predecessor-version":[{"id":5928,"href":"https:\/\/sportyheaven.pl\/en\/wp-json\/wp\/v2\/product\/3488\/revisions\/5928"}],"wp:featuredmedia":[{"embeddable":true,"href":"https:\/\/sportyheaven.pl\/en\/wp-json\/wp\/v2\/media\/3486"}],"wp:attachment":[{"href":"https:\/\/sportyheaven.pl\/en\/wp-json\/wp\/v2\/media?parent=3488"}],"wp:term":[{"taxonomy":"marka","embeddable":true,"href":"https:\/\/sportyheaven.pl\/en\/wp-json\/wp\/v2\/marka?post=3488"},{"taxonomy":"product_cat","embeddable":true,"href":"https:\/\/sportyheaven.pl\/en\/wp-json\/wp\/v2\/product_cat?post=3488"},{"taxonomy":"product_tag","embeddable":true,"href":"https:\/\/sportyheaven.pl\/en\/wp-json\/wp\/v2\/product_tag?post=3488"}],"curies":[{"name":"wp","href":"https:\/\/api.w.org\/{rel}","templated":true}]}}