{"id":3467,"date":"2023-12-13T13:20:23","date_gmt":"2023-12-13T12:20:23","guid":{"rendered":"https:\/\/sportyheaven.pl\/produkty\/slupki-do-siatkowki-aluminiowe\/"},"modified":"2023-12-13T16:19:30","modified_gmt":"2023-12-13T15:19:30","slug":"slupki-do-siatkowki-aluminiowe","status":"publish","type":"product","link":"https:\/\/sportyheaven.pl\/en\/sklep\/slupki-do-siatkowki-aluminiowe\/","title":{"rendered":"S\u0142upki do siatk\u00f3wki aluminiowe"},"content":{"rendered":"<p><span style=\"font-size:10pt;font-family:'Open Sans', sans-serif;\"><strong>S\u0142upki do siatk\u00f3wki aluminiowe<\/strong><\/span><\/p>\n<p><span style=\"font-size:10pt;font-family:'Open Sans', sans-serif;\">&#8211; Wysoko\u015b\u0107 s\u0142upk\u00f3w &#8211; 3 m<\/span><br \/><span style=\"font-size:10pt;font-family:'Open Sans', sans-serif;\">&#8211; Aluminiowy profil owalny 120&#215;100 mm;<\/span><br \/><span style=\"font-size:10pt;font-family:'Open Sans', sans-serif;\">&#8211; S\u0142upki mocowane w tulejach;<\/span><br \/><span style=\"font-size:10pt;font-family:'Open Sans', sans-serif;\">&#8211; Komplet sk\u0142ada si\u0119 z dw\u00f3ch s\u0142upk\u00f3w, jeden z napinaczem \u015brubowym siatki, drugi z elementami zaczepowymi siatki;<\/span><br \/><span style=\"font-size:10pt;font-family:'Open Sans', sans-serif;\">&#8211; Bezstopniowa regulacja zawieszenia siatki w zakresie 1,07-2,43 m umo\u017cliwia wykorzystanie ich do gry w siatk\u00f3wk\u0119, tenisa oraz badmintona;<\/span><br \/><span style=\"font-size:10pt;font-family:'Open Sans', sans-serif;\">&#8211; S\u0142upki mog\u0105 by\u0107 stosowane do siatk\u00f3wki pla\u017cowej;<\/span><br \/><span style=\"font-size:10pt;font-family:'Open Sans', sans-serif;\">&#8211; Zgodno\u015b\u0107 z przepisami PZPS oraz norm\u0105 PN-EN 1271:2006 p.4<\/span><br \/><span style=\"font-size:10pt;font-family:'Open Sans', sans-serif;\">&#8211; Certyfikat bezpiecze\u0144stwa wydany przez Instytut Sportu.<\/span><br \/><span style=\"font-size:10pt;font-family:'Open Sans', sans-serif;\">&#8211; Cena obejmuje komplet 2 s\u0142upk\u00f3w bez tulei i siatki.<\/span><\/p>\n","protected":false},"excerpt":{"rendered":"<p>MARKA: Yakima<br \/>\nEAN: <\/p>\n","protected":false},"featured_media":3465,"template":"","meta":{"_acf_changed":false},"marka":[],"product_cat":[112,110,123],"product_tag":[],"class_list":{"0":"post-3467","1":"product","2":"type-product","3":"status-publish","4":"has-post-thumbnail","6":"product_cat-akcesoria-siatkarskie","7":"product_cat-siatkowka","8":"product_cat-yakimasport","10":"first","11":"instock","12":"taxable","13":"shipping-taxable","14":"purchasable","15":"product-type-simple"},"acf":[],"_links":{"self":[{"href":"https:\/\/sportyheaven.pl\/en\/wp-json\/wp\/v2\/product\/3467","targetHints":{"allow":["GET"]}}],"collection":[{"href":"https:\/\/sportyheaven.pl\/en\/wp-json\/wp\/v2\/product"}],"about":[{"href":"https:\/\/sportyheaven.pl\/en\/wp-json\/wp\/v2\/types\/product"}],"version-history":[{"count":0,"href":"https:\/\/sportyheaven.pl\/en\/wp-json\/wp\/v2\/product\/3467\/revisions"}],"wp:featuredmedia":[{"embeddable":true,"href":"https:\/\/sportyheaven.pl\/en\/wp-json\/wp\/v2\/media\/3465"}],"wp:attachment":[{"href":"https:\/\/sportyheaven.pl\/en\/wp-json\/wp\/v2\/media?parent=3467"}],"wp:term":[{"taxonomy":"marka","embeddable":true,"href":"https:\/\/sportyheaven.pl\/en\/wp-json\/wp\/v2\/marka?post=3467"},{"taxonomy":"product_cat","embeddable":true,"href":"https:\/\/sportyheaven.pl\/en\/wp-json\/wp\/v2\/product_cat?post=3467"},{"taxonomy":"product_tag","embeddable":true,"href":"https:\/\/sportyheaven.pl\/en\/wp-json\/wp\/v2\/product_tag?post=3467"}],"curies":[{"name":"wp","href":"https:\/\/api.w.org\/{rel}","templated":true}]}}