{"id":3464,"date":"2023-12-13T13:20:22","date_gmt":"2023-12-13T12:20:22","guid":{"rendered":"https:\/\/sportyheaven.pl\/produkty\/tablica-wynikow-hala\/"},"modified":"2025-04-29T09:16:12","modified_gmt":"2025-04-29T07:16:12","slug":"tablica-wynikow-hala","status":"publish","type":"product","link":"https:\/\/sportyheaven.pl\/en\/sklep\/tablica-wynikow-hala\/","title":{"rendered":"Tablica wynik\u00f3w- hala"},"content":{"rendered":"<p><span style=\"font-family:'Open Sans', sans-serif;font-size:10pt;\"><strong>TZG 100\u00a0<\/strong><strong>Tablica uniwersalna<\/strong><\/span><\/p>\n<p><span style=\"font-family:'Open Sans', sans-serif;font-size:10pt;\">-Tablica przeznaczona do obs\u0142ugi koszyk\u00f3wki, siatk\u00f3wki, pi\u0142ki r\u0119cznej,\u00a0pi\u0142ki no\u017cnej, badmintona i innych<\/span><\/p>\n<p><span style=\"font-family:'Open Sans', sans-serif;font-size:10pt;\"><strong>Dane techniczne:<\/strong><\/span><br \/><span style=\"font-family:'Open Sans', sans-serif;font-size:10pt;\">&#8211; Wymiary: 130&#215;85 cm<\/span><br \/><span style=\"font-family:'Open Sans', sans-serif;font-size:10pt;\">&#8211; Wielko\u015b\u0107 wy\u015bwietlaczy: 15 cm<\/span><br \/><span style=\"font-family:'Open Sans', sans-serif;font-size:10pt;\">&#8211; Sterowanie bezprzewodowe &#8211; z pilota radiowego lub przewodowe z pulpitu.<\/span><br \/><span style=\"font-family:'Open Sans', sans-serif;font-size:10pt;\">&#8211; Sygna\u0142 d\u017awi\u0119kowy automatycznie po zako\u0144czeniu ka\u017cdej cz\u0119\u015bci gry i meczu<\/span><br \/><span style=\"font-family:'Open Sans', sans-serif;font-size:10pt;\">&#8211; Dobra czytelno\u015b\u0107 do 50 m ka\u017cdego punktu hali<\/span><\/p>\n<p><span style=\"font-family:'Open Sans', sans-serif;font-size:10pt;\"><strong>Funkcje sportowe:<\/strong><\/span><br \/><span style=\"font-family:'Open Sans', sans-serif;font-size:10pt;\">&#8211; Wy\u015bwietlanie czasu gry w trybie START &#8211; STOP<\/span><br \/><span style=\"font-family:'Open Sans', sans-serif;font-size:10pt;\">&#8211; Funkcja szybkiego wybierania czasu gry: 5,10,20,30 min.\u00a0\/ narastaj\u0105co lub malej\u0105co \/<\/span><br \/><span style=\"font-family:'Open Sans', sans-serif;font-size:10pt;\">&#8211; Programowanie dowolnego czasu gry \/ narastaj\u0105co lub malej\u0105co \/\u00a0w zakresie 1 do 99 min.\/<\/span><br \/><span style=\"font-family:'Open Sans', sans-serif;font-size:10pt;\">&#8211; Wy\u015bwietlanie trzycyfrowego wyniku<\/span><br \/><span style=\"font-family:'Open Sans', sans-serif;font-size:10pt;\">&#8211; Wynik w setach<\/span><br \/><span style=\"font-family:'Open Sans', sans-serif;font-size:10pt;\">&#8211; Cz\u0119\u015b\u0107 gry \/ nr seta, po\u0142owy, kwarty itp. \/<\/span><br \/><span style=\"font-family:'Open Sans', sans-serif;font-size:10pt;\">&#8211; Ilo\u015b\u0107 przewinie\u0144 dru\u017cyny<\/span><br \/><span style=\"font-family:'Open Sans', sans-serif;font-size:10pt;\">&#8211; Dodatkowa sygnalizacja d\u017awi\u0119kowa z pilota \/ pulpitu<\/span><\/p>\n<p><span style=\"font-family:'Open Sans', sans-serif;font-size:10pt;\"><strong>Wymagane instalacje:<\/strong><\/span><br \/><span style=\"font-family:'Open Sans', sans-serif;font-size:10pt;\">&#8211; Gniazdo przy tablicy: zasilanie ~ 230 V \/ 50 Hz<\/span><span style=\"font-family:'Open Sans', sans-serif;font-size:10pt;\"><strong><br \/><\/strong><\/span><br \/><span style=\"font-family:'Open Sans', sans-serif;font-size:10pt;\">Kod produktu:\u00a0TZG 100<\/p>\n<p>Czas realizacji +\/-\u00a03 tygodnie<br \/><\/span><\/p>\n","protected":false},"excerpt":{"rendered":"<p>Yakima<br \/>\nEAN: <\/p>\n","protected":false},"featured_media":3462,"template":"","meta":{"_acf_changed":false},"marka":[],"product_cat":[130,131,137,136,123],"product_tag":[],"class_list":{"0":"post-3464","1":"product","2":"type-product","3":"status-publish","4":"has-post-thumbnail","6":"product_cat-akcesoria-dla-szkol","7":"product_cat-pozostale-akcesoria-dla-szkol","8":"product_cat-pozostale-wyposazenie","9":"product_cat-wyposazenie","10":"product_cat-yakimasport","12":"first","13":"instock","14":"taxable","15":"shipping-taxable","16":"purchasable","17":"product-type-simple"},"acf":[],"_links":{"self":[{"href":"https:\/\/sportyheaven.pl\/en\/wp-json\/wp\/v2\/product\/3464","targetHints":{"allow":["GET"]}}],"collection":[{"href":"https:\/\/sportyheaven.pl\/en\/wp-json\/wp\/v2\/product"}],"about":[{"href":"https:\/\/sportyheaven.pl\/en\/wp-json\/wp\/v2\/types\/product"}],"version-history":[{"count":0,"href":"https:\/\/sportyheaven.pl\/en\/wp-json\/wp\/v2\/product\/3464\/revisions"}],"wp:featuredmedia":[{"embeddable":true,"href":"https:\/\/sportyheaven.pl\/en\/wp-json\/wp\/v2\/media\/3462"}],"wp:attachment":[{"href":"https:\/\/sportyheaven.pl\/en\/wp-json\/wp\/v2\/media?parent=3464"}],"wp:term":[{"taxonomy":"marka","embeddable":true,"href":"https:\/\/sportyheaven.pl\/en\/wp-json\/wp\/v2\/marka?post=3464"},{"taxonomy":"product_cat","embeddable":true,"href":"https:\/\/sportyheaven.pl\/en\/wp-json\/wp\/v2\/product_cat?post=3464"},{"taxonomy":"product_tag","embeddable":true,"href":"https:\/\/sportyheaven.pl\/en\/wp-json\/wp\/v2\/product_tag?post=3464"}],"curies":[{"name":"wp","href":"https:\/\/api.w.org\/{rel}","templated":true}]}}