{"id":3461,"date":"2023-12-13T13:20:21","date_gmt":"2023-12-13T12:20:21","guid":{"rendered":"https:\/\/sportyheaven.pl\/produkty\/tablica-wynikow\/"},"modified":"2025-04-29T09:16:11","modified_gmt":"2025-04-29T07:16:11","slug":"tablica-wynikow","status":"publish","type":"product","link":"https:\/\/sportyheaven.pl\/en\/sklep\/tablica-wynikow\/","title":{"rendered":"Tablica wynik\u00f3w"},"content":{"rendered":"<p><span style=\"font-family:'Open Sans', sans-serif;font-size:10pt;\"><strong>Tablica TZG ST10\u00a0<\/p>\n<p>Dane techniczne:\u00a0<br \/><\/strong><\/span><span style=\"font-family:'Open Sans', sans-serif;font-size:10pt;\">&#8211; Wymiary: 150 x 100 x 7 cm\u00a0<\/span><br \/><span style=\"font-family:'Open Sans', sans-serif;font-size:10pt;\">&#8211; Obudowa z profili ALUMINIOWYCH<\/span><br \/><span style=\"font-family:'Open Sans', sans-serif;font-size:10pt;\">&#8211; Wielko\u015b\u0107 wy\u015bwietlaczy: 33 cm \/ czas gry, wynik \/,\u00a0<\/span><br \/><span style=\"font-family:'Open Sans', sans-serif;font-size:10pt;\">&#8211; W wy\u015bwietlaczach zastosowano super &#8211; jasne diody \/ok. 6000 \u00a0&#8211; 6500 mcd\/<\/span><br \/><span style=\"font-family:'Open Sans', sans-serif;font-size:10pt;\">&#8211; K\u0105t \u015bwiecenia diod 130 stopni zapewnia dobr\u0105 czytelno\u015b\u0107 z wszystkich\u00a0<\/span><br \/><span style=\"font-family:'Open Sans', sans-serif;font-size:10pt;\">miejsc stadionu.\u00a0<\/span><br \/><span style=\"font-family:'Open Sans', sans-serif;font-size:10pt;\">&#8211; Kolor wy\u015bwietlaczy: czerwony<\/span><\/p>\n<p><span style=\"font-family:'Open Sans', sans-serif;font-size:10pt;\">&#8211; Sta\u0142y napis GOSPODARZE, GO\u015aCIE\u00a0<\/span><br \/><span style=\"font-family:'Open Sans', sans-serif;font-size:10pt;\">&#8211; Sterowanie z bezprzewodowe z pilota\u00a0radiowego<\/span><br \/><span style=\"font-family:'Open Sans', sans-serif;font-size:10pt;\">&#8211; Zasi\u0119g pilota &#8211; 100 m\u00a0<\/span><br \/><span style=\"font-family:'Open Sans', sans-serif;font-size:10pt;\">&#8211; Dobra czytelno\u015b\u0107: 120 do 150 m\u00a0<\/span><\/p>\n<p><span style=\"font-family:'Open Sans', sans-serif;font-size:10pt;\"><strong>Funkcje sportowe:\u00a0<br \/><\/strong><\/span><span style=\"font-family:'Open Sans', sans-serif;font-size:10pt;\">&#8211; Wy\u015bwietlanie czasu gry w trybie START-STOP\u00a0<\/span><br \/><span style=\"font-family:'Open Sans', sans-serif;font-size:10pt;\">&#8211; Programowanie dowolnego czasu gry &#8211; <\/span><span style=\"font-family:'Open Sans', sans-serif;font-size:10pt;\">narastaj\u0105co lub malej\u0105co \/ w zakresie 1 do 99 min.<\/span><br \/><span style=\"font-family:'Open Sans', sans-serif;font-size:10pt;\">&#8211; Wy\u015bwietlanie \u00a0wyniku do 9\u00a0<\/span><br \/><span style=\"font-family:'Open Sans', sans-serif;font-size:10pt;\">&#8211; Czas gry &#8211; minuty\u00a0<\/span><br \/><span style=\"font-family:'Open Sans', sans-serif;font-size:10pt;\">&#8211; Pulsuj\u0105cy czerwony punkt \/ w odst\u0119pach sekundowych \/ <\/span><span style=\"font-family:'Open Sans', sans-serif;font-size:10pt;\">oznaczaj\u0105cy odliczanie czasu gry.\u00a0<\/span><\/p>\n<p><span style=\"font-family:'Open Sans', sans-serif;font-size:10pt;\"><strong>Wymagane instalacje:<\/strong>\u00a0<\/span><br \/><span style=\"font-family:'Open Sans', sans-serif;font-size:10pt;\">&#8211; Gniazdo przy tablicy: zasilanie ~ 230 V \/ 50Hz<\/span><\/p>\n<p><span style=\"font-family:'Open Sans', sans-serif;font-size:10pt;\">Cena dotyczy tablicy (bez stela\u017ca).<\/span><br \/><span style=\"font-size:10pt;font-family:'Open Sans', sans-serif;\"><\/span><\/p>\n<p><span style=\"font-size:10pt;font-family:'Open Sans', sans-serif;\">Kod produktu:\u00a0100069<\/p>\n<p>Czas realizacji +\/-\u00a03 tygodnie<\/span><\/p>\n","protected":false},"excerpt":{"rendered":"<p>Yakima<br \/>\nEAN: <\/p>\n","protected":false},"featured_media":3459,"template":"","meta":{"_acf_changed":false},"marka":[],"product_cat":[130,131,137,136,123],"product_tag":[],"class_list":{"0":"post-3461","1":"product","2":"type-product","3":"status-publish","4":"has-post-thumbnail","6":"product_cat-akcesoria-dla-szkol","7":"product_cat-pozostale-akcesoria-dla-szkol","8":"product_cat-pozostale-wyposazenie","9":"product_cat-wyposazenie","10":"product_cat-yakimasport","12":"first","13":"instock","14":"taxable","15":"shipping-taxable","16":"purchasable","17":"product-type-simple"},"acf":[],"_links":{"self":[{"href":"https:\/\/sportyheaven.pl\/en\/wp-json\/wp\/v2\/product\/3461","targetHints":{"allow":["GET"]}}],"collection":[{"href":"https:\/\/sportyheaven.pl\/en\/wp-json\/wp\/v2\/product"}],"about":[{"href":"https:\/\/sportyheaven.pl\/en\/wp-json\/wp\/v2\/types\/product"}],"version-history":[{"count":0,"href":"https:\/\/sportyheaven.pl\/en\/wp-json\/wp\/v2\/product\/3461\/revisions"}],"wp:featuredmedia":[{"embeddable":true,"href":"https:\/\/sportyheaven.pl\/en\/wp-json\/wp\/v2\/media\/3459"}],"wp:attachment":[{"href":"https:\/\/sportyheaven.pl\/en\/wp-json\/wp\/v2\/media?parent=3461"}],"wp:term":[{"taxonomy":"marka","embeddable":true,"href":"https:\/\/sportyheaven.pl\/en\/wp-json\/wp\/v2\/marka?post=3461"},{"taxonomy":"product_cat","embeddable":true,"href":"https:\/\/sportyheaven.pl\/en\/wp-json\/wp\/v2\/product_cat?post=3461"},{"taxonomy":"product_tag","embeddable":true,"href":"https:\/\/sportyheaven.pl\/en\/wp-json\/wp\/v2\/product_tag?post=3461"}],"curies":[{"name":"wp","href":"https:\/\/api.w.org\/{rel}","templated":true}]}}