{"id":3455,"date":"2023-12-13T13:20:17","date_gmt":"2023-12-13T12:20:17","guid":{"rendered":"https:\/\/sportyheaven.pl\/produkty\/lawka-rezerwowych-skladana-6-osob\/"},"modified":"2024-03-16T23:36:07","modified_gmt":"2024-03-16T22:36:07","slug":"lawka-rezerwowych-skladana-6-osob","status":"publish","type":"product","link":"https:\/\/sportyheaven.pl\/en\/sklep\/lawka-rezerwowych-skladana-6-osob\/","title":{"rendered":"\u0141awka rezerwowych sk\u0142adana &#8211; 6 os\u00f3b"},"content":{"rendered":"<div id=\"KnM9nf\"><span class=\"tw-menu-btn KTDgic hide-focus-ring\" id=\"tw-cst\" style=\"font-family:'Open Sans', sans-serif;\"><span class=\"tw-menu-btn-image z1asCe wuXmqc\" title=\"Wyczy\u015b\u0107 tekst \u017ar\u00f3d\u0142owy\"><span style=\"font-size:10pt;\"><strong>\u0141awka rezerwowych<\/strong><\/p>\n<p>Sk\u0142adana \u0142awka modu\u0142owa to sk\u0142adana wersja siedze\u0144 dla dru\u017cyn sportowych. Posiada oparcie dzi\u0119ki czemu\u00a0zwi\u0119ksza komfort odpoczynku podczas rozgrywek. \u0141awka zosta\u0142a dodatkowo wzmocniona strategiczn\u0105 ta\u015bm\u0105 w\u00a0miejscach najbardziej obci\u0105\u017conych i nara\u017conych na uszkodzenie. Dzi\u0119ki wzmocnieniu spodu ka\u017cdej z n\u00f3g \u0142awki\u00a0osi\u0105gni\u0119to bardzo dobr\u0105 stabilno\u015b\u0107 nawet na mi\u0119kkich pod\u0142o\u017cach.<\/span><\/p>\n<p><span style=\"font-size:10pt;\">&#8211; Sk\u0142adana w specjaln\u0105 torb\u0119 &#8211; roz\u0142o\u017cenie zajmuje 3 sekundy!<\/span><br \/><span style=\"font-size:10pt;\">&#8211; Oparcie dla lepszego komfortu<\/span><br \/><span style=\"font-size:10pt;\">&#8211; Wytrzyma\u0142a stalowa rama<\/span><br \/><span style=\"font-size:10pt;\">&#8211; Wzmocniona ta\u015bma w strategicznych miejscach<\/span><br \/><span style=\"font-size:10pt;\">&#8211; Ka\u017cde siedzenie ma szeroko\u015b\u0107 ok. 45 cm<\/span><br \/><span style=\"font-size:10pt;\">&#8211; \u0141atwy transport<\/span><br \/><span style=\"font-size:10pt;\">&#8211; Liczba miejsc: 6<\/p>\n<p>kod: 100465<\/span><\/span><\/span><\/div>\n","protected":false},"excerpt":{"rendered":"<p>YAKIMASPORT<br \/>\nEAN: 5906718236883<\/p>\n","protected":false},"featured_media":3453,"template":"","meta":{"_acf_changed":false},"marka":[],"product_cat":[293,292,367],"product_tag":[],"class_list":{"0":"post-3455","1":"product","2":"type-product","3":"status-publish","4":"has-post-thumbnail","6":"product_cat-football-accessories","7":"product_cat-football","8":"product_cat-yakimasport-en","10":"first","11":"instock","12":"taxable","13":"shipping-taxable","14":"purchasable","15":"product-type-simple"},"acf":{"informacje_o_zakupach":"Bezpieczne zakupy, 12 miesi\u0119czna gwarancja!","informacje_o_dostawie_ys":"Szybka realizacja zam\u00f3wienia i dostawa","informacje_o_zwrocie":"14-dniowa mo\u017cliwo\u015b\u0107 zwrotu!"},"_links":{"self":[{"href":"https:\/\/sportyheaven.pl\/en\/wp-json\/wp\/v2\/product\/3455","targetHints":{"allow":["GET"]}}],"collection":[{"href":"https:\/\/sportyheaven.pl\/en\/wp-json\/wp\/v2\/product"}],"about":[{"href":"https:\/\/sportyheaven.pl\/en\/wp-json\/wp\/v2\/types\/product"}],"version-history":[{"count":0,"href":"https:\/\/sportyheaven.pl\/en\/wp-json\/wp\/v2\/product\/3455\/revisions"}],"wp:featuredmedia":[{"embeddable":true,"href":"https:\/\/sportyheaven.pl\/en\/wp-json\/wp\/v2\/media\/3453"}],"wp:attachment":[{"href":"https:\/\/sportyheaven.pl\/en\/wp-json\/wp\/v2\/media?parent=3455"}],"wp:term":[{"taxonomy":"marka","embeddable":true,"href":"https:\/\/sportyheaven.pl\/en\/wp-json\/wp\/v2\/marka?post=3455"},{"taxonomy":"product_cat","embeddable":true,"href":"https:\/\/sportyheaven.pl\/en\/wp-json\/wp\/v2\/product_cat?post=3455"},{"taxonomy":"product_tag","embeddable":true,"href":"https:\/\/sportyheaven.pl\/en\/wp-json\/wp\/v2\/product_tag?post=3455"}],"curies":[{"name":"wp","href":"https:\/\/api.w.org\/{rel}","templated":true}]}}