{"id":3452,"date":"2023-12-13T13:20:16","date_gmt":"2023-12-13T12:20:16","guid":{"rendered":"https:\/\/sportyheaven.pl\/produkty\/tablica-do-zmian-zawodnikow-podwojna\/"},"modified":"2025-04-29T09:16:11","modified_gmt":"2025-04-29T07:16:11","slug":"tablica-do-zmian-zawodnikow-podwojna","status":"publish","type":"product","link":"https:\/\/sportyheaven.pl\/en\/sklep\/tablica-do-zmian-zawodnikow-podwojna\/","title":{"rendered":"Tablica do zmian zawodnik\u00f3w podw\u00f3jna"},"content":{"rendered":"<p><span style=\"font-family: 'Open Sans', sans-serif; font-size: 10pt;\"><strong>Tablica zmian zawodnik\u00f3w dwustronna<\/strong><\/span><\/p>\n<p><span style=\"font-family: 'Open Sans', sans-serif; font-size: 10pt;\"><strong>&#8211; Wymiary:<\/strong> 84 x 38 cm<\/span><br \/><span style=\"font-family: 'Open Sans', sans-serif; font-size: 10pt;\"><strong>&#8211; Wielko\u015b\u0107 cyfr:<\/strong> 30 x 17 cm<\/span><br \/><span style=\"font-family: 'Open Sans', sans-serif; font-size: 10pt;\">&#8211; Cyfry zmienia si\u0119 przez przekr\u0119canie mocowanych gum\u0105 element\u00f3w z kolorowej strony na czarn\u0105.<\/span><br \/><span style=\"font-family: 'Open Sans', sans-serif; font-size: 10pt;\">&#8211; Tablica mo\u017ce s\u0142u\u017cy\u0107 do pokazywania zmian zawodnik\u00f3w w pi\u0142ce no\u017cnej lub jako prosta tablica wynik\u00f3w do gier szkolnych: pi\u0142ka no\u017cna, pi\u0142ka r\u0119czna itp.<\/span><\/p>\n<p><span style=\"font-family: 'Open Sans', sans-serif; font-size: 10pt;\">kod: 100445<\/span><\/p>\n","protected":false},"excerpt":{"rendered":"<p>YAKIMASPORT<br \/>\nEAN: 5903796712872<\/p>\n","protected":false},"featured_media":3450,"template":"","meta":{"_acf_changed":false},"marka":[],"product_cat":[123,74,79],"product_tag":[],"class_list":{"0":"post-3452","1":"product","2":"type-product","3":"status-publish","4":"has-post-thumbnail","6":"product_cat-yakimasport","7":"product_cat-pilka-nozna","8":"product_cat-akcesoria-sedziowskie","10":"first","11":"instock","12":"taxable","13":"shipping-taxable","14":"purchasable","15":"product-type-simple"},"acf":[],"_links":{"self":[{"href":"https:\/\/sportyheaven.pl\/en\/wp-json\/wp\/v2\/product\/3452","targetHints":{"allow":["GET"]}}],"collection":[{"href":"https:\/\/sportyheaven.pl\/en\/wp-json\/wp\/v2\/product"}],"about":[{"href":"https:\/\/sportyheaven.pl\/en\/wp-json\/wp\/v2\/types\/product"}],"version-history":[{"count":1,"href":"https:\/\/sportyheaven.pl\/en\/wp-json\/wp\/v2\/product\/3452\/revisions"}],"predecessor-version":[{"id":5562,"href":"https:\/\/sportyheaven.pl\/en\/wp-json\/wp\/v2\/product\/3452\/revisions\/5562"}],"wp:featuredmedia":[{"embeddable":true,"href":"https:\/\/sportyheaven.pl\/en\/wp-json\/wp\/v2\/media\/3450"}],"wp:attachment":[{"href":"https:\/\/sportyheaven.pl\/en\/wp-json\/wp\/v2\/media?parent=3452"}],"wp:term":[{"taxonomy":"marka","embeddable":true,"href":"https:\/\/sportyheaven.pl\/en\/wp-json\/wp\/v2\/marka?post=3452"},{"taxonomy":"product_cat","embeddable":true,"href":"https:\/\/sportyheaven.pl\/en\/wp-json\/wp\/v2\/product_cat?post=3452"},{"taxonomy":"product_tag","embeddable":true,"href":"https:\/\/sportyheaven.pl\/en\/wp-json\/wp\/v2\/product_tag?post=3452"}],"curies":[{"name":"wp","href":"https:\/\/api.w.org\/{rel}","templated":true}]}}