{"id":3449,"date":"2023-12-13T13:20:15","date_gmt":"2023-12-13T12:20:15","guid":{"rendered":"https:\/\/sportyheaven.pl\/produkty\/tablica-do-zmian-zawodnikow-manualna\/"},"modified":"2025-04-29T09:16:11","modified_gmt":"2025-04-29T07:16:11","slug":"tablica-do-zmian-zawodnikow-manualna","status":"publish","type":"product","link":"https:\/\/sportyheaven.pl\/en\/sklep\/tablica-do-zmian-zawodnikow-manualna\/","title":{"rendered":"Tablica do zmian zawodnik\u00f3w manualna"},"content":{"rendered":"<p><span style=\"font-size: 11pt; font-family: 'Open Sans', sans-serif;\"><span style=\"font-size: 10pt;\"><strong>Tablica do zmian zawodnik\u00f3w manualna<\/strong><\/span><\/p>\n<p><span style=\"font-size: 10pt;\">&#8211; Tablica mo\u017ce s\u0142u\u017cy\u0107 do pokazywania zmian zawodnik\u00f3w w pi\u0142ce no\u017cnej lub jako prosta tablica wynik\u00f3w do gier szkolnych: pi\u0142ka no\u017cna, pi\u0142ka r\u0119czna itp.<\/span><br \/><span style=\"font-size: 10pt;\">&#8211; Wymiary: 43cm x 38cm<\/span><br \/><span style=\"font-size: 10pt;\">&#8211; Wielko\u015b\u0107 cyfr: 30cm x 17cm<\/span><\/p>\n<p><span style=\"font-size: 10pt;\">kod: 100446<\/span> <\/span><\/p>\n","protected":false},"excerpt":{"rendered":"<p>YAKIMASPORT<br \/>\nEAN: 5903796712322<\/p>\n","protected":false},"featured_media":3447,"template":"","meta":{"_acf_changed":false},"marka":[],"product_cat":[123,74,79],"product_tag":[],"class_list":{"0":"post-3449","1":"product","2":"type-product","3":"status-publish","4":"has-post-thumbnail","6":"product_cat-yakimasport","7":"product_cat-pilka-nozna","8":"product_cat-akcesoria-sedziowskie","10":"first","11":"instock","12":"taxable","13":"shipping-taxable","14":"purchasable","15":"product-type-simple"},"acf":[],"_links":{"self":[{"href":"https:\/\/sportyheaven.pl\/en\/wp-json\/wp\/v2\/product\/3449","targetHints":{"allow":["GET"]}}],"collection":[{"href":"https:\/\/sportyheaven.pl\/en\/wp-json\/wp\/v2\/product"}],"about":[{"href":"https:\/\/sportyheaven.pl\/en\/wp-json\/wp\/v2\/types\/product"}],"version-history":[{"count":1,"href":"https:\/\/sportyheaven.pl\/en\/wp-json\/wp\/v2\/product\/3449\/revisions"}],"predecessor-version":[{"id":5508,"href":"https:\/\/sportyheaven.pl\/en\/wp-json\/wp\/v2\/product\/3449\/revisions\/5508"}],"wp:featuredmedia":[{"embeddable":true,"href":"https:\/\/sportyheaven.pl\/en\/wp-json\/wp\/v2\/media\/3447"}],"wp:attachment":[{"href":"https:\/\/sportyheaven.pl\/en\/wp-json\/wp\/v2\/media?parent=3449"}],"wp:term":[{"taxonomy":"marka","embeddable":true,"href":"https:\/\/sportyheaven.pl\/en\/wp-json\/wp\/v2\/marka?post=3449"},{"taxonomy":"product_cat","embeddable":true,"href":"https:\/\/sportyheaven.pl\/en\/wp-json\/wp\/v2\/product_cat?post=3449"},{"taxonomy":"product_tag","embeddable":true,"href":"https:\/\/sportyheaven.pl\/en\/wp-json\/wp\/v2\/product_tag?post=3449"}],"curies":[{"name":"wp","href":"https:\/\/api.w.org\/{rel}","templated":true}]}}