{"id":3443,"date":"2023-12-13T13:20:13","date_gmt":"2023-12-13T12:20:13","guid":{"rendered":"https:\/\/sportyheaven.pl\/produkty\/elektroniczna-tablica-zmiany-zawodnikow-jednostronna\/"},"modified":"2025-04-29T09:03:26","modified_gmt":"2025-04-29T07:03:26","slug":"elektroniczna-tablica-zmiany-zawodnikow-jednostronna","status":"publish","type":"product","link":"https:\/\/sportyheaven.pl\/en\/sklep\/elektroniczna-tablica-zmiany-zawodnikow-jednostronna\/","title":{"rendered":"Elektroniczna tablica zmiany zawodnik\u00f3w &#8211; jednostronna"},"content":{"rendered":"<div style=\"text-align: justify;\"><span style=\"font-family: 'Open Sans', sans-serif; font-size: 10pt;\">\u2705 Jednostronny wy\u015bwietlacz:\u00a0Wyra\u017ane i jasne cyfry widoczne nawet z du\u017cej odleg\u0142o\u015bci, zapewniaj\u0105c \u0142atw\u0105 identyfikacj\u0119 w ka\u017cdej sytuacji.<\/span><\/div>\n<div style=\"text-align: justify;\"><span style=\"font-family: 'Open Sans', sans-serif; font-size: 10pt;\">\u2705 Prosta obs\u0142uga:\u00a0Intuicyjny system operacyjny pozwala na szybkie aktualizowanie zmian zawodnik\u00f3w<\/span><\/div>\n<div style=\"text-align: justify;\"><span style=\"font-family: 'Open Sans', sans-serif; font-size: 10pt;\">\u2705 Lekka i trwa\u0142a konstrukcja:\u00a0Wykonana z wysokiej jako\u015bci materia\u0142\u00f3w, co gwarantuje d\u0142ugowieczno\u015b\u0107 i odporno\u015b\u0107 na zniszczenia oraz zmienne warunki atmosferyczne.<\/span><\/div>\n<div style=\"text-align: justify;\"><span style=\"font-family: 'Open Sans', sans-serif; font-size: 10pt;\">\u2705 Zasilanie:\u00a0Wydajna bateria umo\u017cliwia d\u0142ug\u0105 prac\u0119 bez konieczno\u015bci cz\u0119stego \u0142adowania, co jest idealnym rozwi\u0105zaniem podczas mecz\u00f3w wyjazdowych.<\/span><\/div>\n<div style=\"text-align: justify;\"><span style=\"font-family: 'Open Sans', sans-serif; font-size: 10pt;\">\u2705 Kompaktowy design:\u00a0\u0141atwa do transportu i przechowywania, co czyni j\u0105 praktycznym wyborem dla ka\u017cdej ekipy sportowej<\/span><\/div>\n","protected":false},"excerpt":{"rendered":"<p>Yakima<br \/>\nEAN: 5906718236623<\/p>\n","protected":false},"featured_media":3441,"template":"","meta":{"_acf_changed":false},"marka":[],"product_cat":[123,74,79],"product_tag":[],"class_list":{"0":"post-3443","1":"product","2":"type-product","3":"status-publish","4":"has-post-thumbnail","6":"product_cat-yakimasport","7":"product_cat-pilka-nozna","8":"product_cat-akcesoria-sedziowskie","10":"first","11":"instock","12":"taxable","13":"shipping-taxable","14":"purchasable","15":"product-type-simple"},"acf":[],"_links":{"self":[{"href":"https:\/\/sportyheaven.pl\/en\/wp-json\/wp\/v2\/product\/3443","targetHints":{"allow":["GET"]}}],"collection":[{"href":"https:\/\/sportyheaven.pl\/en\/wp-json\/wp\/v2\/product"}],"about":[{"href":"https:\/\/sportyheaven.pl\/en\/wp-json\/wp\/v2\/types\/product"}],"version-history":[{"count":2,"href":"https:\/\/sportyheaven.pl\/en\/wp-json\/wp\/v2\/product\/3443\/revisions"}],"predecessor-version":[{"id":5917,"href":"https:\/\/sportyheaven.pl\/en\/wp-json\/wp\/v2\/product\/3443\/revisions\/5917"}],"wp:featuredmedia":[{"embeddable":true,"href":"https:\/\/sportyheaven.pl\/en\/wp-json\/wp\/v2\/media\/3441"}],"wp:attachment":[{"href":"https:\/\/sportyheaven.pl\/en\/wp-json\/wp\/v2\/media?parent=3443"}],"wp:term":[{"taxonomy":"marka","embeddable":true,"href":"https:\/\/sportyheaven.pl\/en\/wp-json\/wp\/v2\/marka?post=3443"},{"taxonomy":"product_cat","embeddable":true,"href":"https:\/\/sportyheaven.pl\/en\/wp-json\/wp\/v2\/product_cat?post=3443"},{"taxonomy":"product_tag","embeddable":true,"href":"https:\/\/sportyheaven.pl\/en\/wp-json\/wp\/v2\/product_tag?post=3443"}],"curies":[{"name":"wp","href":"https:\/\/api.w.org\/{rel}","templated":true}]}}