{"id":3440,"date":"2023-12-13T13:20:12","date_gmt":"2023-12-13T12:20:12","guid":{"rendered":"https:\/\/sportyheaven.pl\/produkty\/wozek-do-oznaczani-linii\/"},"modified":"2025-04-29T09:03:25","modified_gmt":"2025-04-29T07:03:25","slug":"wozek-do-oznaczani-linii","status":"publish","type":"product","link":"https:\/\/sportyheaven.pl\/en\/sklep\/wozek-do-oznaczani-linii\/","title":{"rendered":"W\u00f3zek do oznaczania linii"},"content":{"rendered":"<p><span style=\"font-family: 'Open Sans', sans-serif; font-size: 10pt;\">\u2705 Profesjonalny w\u00f3zek do malowania linii na boiskach, nawierzchniach trawiastych \u2013 murawie pi\u0142karskiej oraz m\u0105czce ceglanej \u2013 korty tenisowe<\/span><br \/><span style=\"font-family: 'Open Sans', sans-serif; font-size: 10pt;\">\u2705 Najbardziej odpowiednim materia\u0142em do sypania linii z zastosowaniem tego w\u00f3zka jest wapno lub kreda<\/span><br \/><span style=\"font-family: 'Open Sans', sans-serif; font-size: 10pt;\">\u2705 Szeroko\u015b\u0107 mo\u017ce wynosi\u0107 od 7 do 15 cm (przepisowa szeroko\u015b\u0107 linii boiska pi\u0142karskiego to 12 cm)<\/span><\/p>\n","protected":false},"excerpt":{"rendered":"<p>Yakima<br \/>\nEAN: 5903137554178<\/p>\n","protected":false},"featured_media":5408,"template":"","meta":{"_acf_changed":false},"marka":[],"product_cat":[123,74,80],"product_tag":[],"class_list":{"0":"post-3440","1":"product","2":"type-product","3":"status-publish","4":"has-post-thumbnail","6":"product_cat-yakimasport","7":"product_cat-pilka-nozna","8":"product_cat-akcesoria-pilkarskie","10":"first","11":"instock","12":"taxable","13":"shipping-taxable","14":"purchasable","15":"product-type-simple"},"acf":[],"_links":{"self":[{"href":"https:\/\/sportyheaven.pl\/en\/wp-json\/wp\/v2\/product\/3440","targetHints":{"allow":["GET"]}}],"collection":[{"href":"https:\/\/sportyheaven.pl\/en\/wp-json\/wp\/v2\/product"}],"about":[{"href":"https:\/\/sportyheaven.pl\/en\/wp-json\/wp\/v2\/types\/product"}],"version-history":[{"count":2,"href":"https:\/\/sportyheaven.pl\/en\/wp-json\/wp\/v2\/product\/3440\/revisions"}],"predecessor-version":[{"id":5916,"href":"https:\/\/sportyheaven.pl\/en\/wp-json\/wp\/v2\/product\/3440\/revisions\/5916"}],"wp:featuredmedia":[{"embeddable":true,"href":"https:\/\/sportyheaven.pl\/en\/wp-json\/wp\/v2\/media\/5408"}],"wp:attachment":[{"href":"https:\/\/sportyheaven.pl\/en\/wp-json\/wp\/v2\/media?parent=3440"}],"wp:term":[{"taxonomy":"marka","embeddable":true,"href":"https:\/\/sportyheaven.pl\/en\/wp-json\/wp\/v2\/marka?post=3440"},{"taxonomy":"product_cat","embeddable":true,"href":"https:\/\/sportyheaven.pl\/en\/wp-json\/wp\/v2\/product_cat?post=3440"},{"taxonomy":"product_tag","embeddable":true,"href":"https:\/\/sportyheaven.pl\/en\/wp-json\/wp\/v2\/product_tag?post=3440"}],"curies":[{"name":"wp","href":"https:\/\/api.w.org\/{rel}","templated":true}]}}