{"id":3437,"date":"2023-12-13T13:20:11","date_gmt":"2023-12-13T12:20:11","guid":{"rendered":"https:\/\/sportyheaven.pl\/produkty\/flagi-narozne-na-sprezynach-wbijane-choragiewka-4szt\/"},"modified":"2025-04-29T09:03:25","modified_gmt":"2025-04-29T07:03:25","slug":"flagi-narozne-na-sprezynach-wbijane-choragiewka-4szt","status":"publish","type":"product","link":"https:\/\/sportyheaven.pl\/en\/sklep\/flagi-narozne-na-sprezynach-wbijane-choragiewka-4szt\/","title":{"rendered":"Flagi naro\u017cne na spr\u0119\u017cynach wbijane, chor\u0105giewki 4 sztuki"},"content":{"rendered":"<p><span style=\"font-family: 'Open Sans', sans-serif; font-size: 10pt;\">\u2705 Flagi wbijane na spr\u0119\u017cynie.<\/span><br \/><span style=\"font-family: 'Open Sans', sans-serif; font-size: 10pt;\">\u2705 Czerwona flaga na bia\u0142ym tyczce.<\/span><br \/><span style=\"font-family: 'Open Sans', sans-serif; font-size: 10pt;\">\u2705 Cena zawiera komplet chor\u0105giewek 4 szt.<\/span><\/p>\n","protected":false},"excerpt":{"rendered":"<p>YAKIMASPORT<br \/>\nEAN: 5903137554659<\/p>\n","protected":false},"featured_media":5869,"template":"","meta":{"_acf_changed":false},"marka":[],"product_cat":[123,74,82],"product_tag":[],"class_list":{"0":"post-3437","1":"product","2":"type-product","3":"status-publish","4":"has-post-thumbnail","6":"product_cat-yakimasport","7":"product_cat-pilka-nozna","8":"product_cat-sprzet-treningowy-pilka-nozna","10":"first","11":"instock","12":"taxable","13":"shipping-taxable","14":"purchasable","15":"product-type-simple"},"acf":[],"_links":{"self":[{"href":"https:\/\/sportyheaven.pl\/en\/wp-json\/wp\/v2\/product\/3437","targetHints":{"allow":["GET"]}}],"collection":[{"href":"https:\/\/sportyheaven.pl\/en\/wp-json\/wp\/v2\/product"}],"about":[{"href":"https:\/\/sportyheaven.pl\/en\/wp-json\/wp\/v2\/types\/product"}],"version-history":[{"count":3,"href":"https:\/\/sportyheaven.pl\/en\/wp-json\/wp\/v2\/product\/3437\/revisions"}],"predecessor-version":[{"id":5871,"href":"https:\/\/sportyheaven.pl\/en\/wp-json\/wp\/v2\/product\/3437\/revisions\/5871"}],"wp:featuredmedia":[{"embeddable":true,"href":"https:\/\/sportyheaven.pl\/en\/wp-json\/wp\/v2\/media\/5869"}],"wp:attachment":[{"href":"https:\/\/sportyheaven.pl\/en\/wp-json\/wp\/v2\/media?parent=3437"}],"wp:term":[{"taxonomy":"marka","embeddable":true,"href":"https:\/\/sportyheaven.pl\/en\/wp-json\/wp\/v2\/marka?post=3437"},{"taxonomy":"product_cat","embeddable":true,"href":"https:\/\/sportyheaven.pl\/en\/wp-json\/wp\/v2\/product_cat?post=3437"},{"taxonomy":"product_tag","embeddable":true,"href":"https:\/\/sportyheaven.pl\/en\/wp-json\/wp\/v2\/product_tag?post=3437"}],"curies":[{"name":"wp","href":"https:\/\/api.w.org\/{rel}","templated":true}]}}