{"id":3431,"date":"2023-12-13T13:20:09","date_gmt":"2023-12-13T12:20:09","guid":{"rendered":"https:\/\/sportyheaven.pl\/produkty\/bramka-pilkarska-giza-18m-x-12m-180cm-x-120cm\/"},"modified":"2025-04-29T09:03:25","modified_gmt":"2025-04-29T07:03:25","slug":"bramka-pilkarska-giza-18m-x-12m-180cm-x-120cm","status":"publish","type":"product","link":"https:\/\/sportyheaven.pl\/en\/sklep\/bramka-pilkarska-giza-18m-x-12m-180cm-x-120cm\/","title":{"rendered":"Bramka pi\u0142karska GIZA 1,8m x 1,2m | 180cm x 120cm"},"content":{"rendered":"<p><span style=\"font-family: 'Open Sans', sans-serif; font-size: 10pt;\"><strong><strong>\u2705 <\/strong><\/strong>Solidna stalowa konstrukcja doci\u0105\u017cona wzmocnion\u0105 ram\u0105 tyln\u0105.<\/span><br \/><span style=\"font-family: 'Open Sans', sans-serif; font-size: 10pt;\">\u2705 Wymiary wynosz\u0105ce 180cm \u00d7120cm \u00d7 100cm.<\/span><br \/><span style=\"font-family: 'Open Sans', sans-serif; font-size: 10pt;\">\u2705 Waga rz\u0119du 15 kg.\u00a0 \u00a0 \u00a0<\/span><br \/><span style=\"font-family: 'Open Sans', sans-serif; font-size: 10pt;\">\u2705\u00a0Mo\u017cliwo\u015b\u0107 dokupienia maty celowniczej.<\/span><\/p>\n","protected":false},"excerpt":{"rendered":"<p>YAKIMASPORT<br \/>\nEAN: 5903796710878<\/p>\n","protected":false},"featured_media":3429,"template":"","meta":{"_acf_changed":false},"marka":[],"product_cat":[123,74,76],"product_tag":[],"class_list":{"0":"post-3431","1":"product","2":"type-product","3":"status-publish","4":"has-post-thumbnail","6":"product_cat-yakimasport","7":"product_cat-pilka-nozna","8":"product_cat-bramki-pilka-nozna","10":"first","11":"instock","12":"taxable","13":"shipping-taxable","14":"purchasable","15":"product-type-simple"},"acf":[],"_links":{"self":[{"href":"https:\/\/sportyheaven.pl\/en\/wp-json\/wp\/v2\/product\/3431","targetHints":{"allow":["GET"]}}],"collection":[{"href":"https:\/\/sportyheaven.pl\/en\/wp-json\/wp\/v2\/product"}],"about":[{"href":"https:\/\/sportyheaven.pl\/en\/wp-json\/wp\/v2\/types\/product"}],"version-history":[{"count":1,"href":"https:\/\/sportyheaven.pl\/en\/wp-json\/wp\/v2\/product\/3431\/revisions"}],"predecessor-version":[{"id":5624,"href":"https:\/\/sportyheaven.pl\/en\/wp-json\/wp\/v2\/product\/3431\/revisions\/5624"}],"wp:featuredmedia":[{"embeddable":true,"href":"https:\/\/sportyheaven.pl\/en\/wp-json\/wp\/v2\/media\/3429"}],"wp:attachment":[{"href":"https:\/\/sportyheaven.pl\/en\/wp-json\/wp\/v2\/media?parent=3431"}],"wp:term":[{"taxonomy":"marka","embeddable":true,"href":"https:\/\/sportyheaven.pl\/en\/wp-json\/wp\/v2\/marka?post=3431"},{"taxonomy":"product_cat","embeddable":true,"href":"https:\/\/sportyheaven.pl\/en\/wp-json\/wp\/v2\/product_cat?post=3431"},{"taxonomy":"product_tag","embeddable":true,"href":"https:\/\/sportyheaven.pl\/en\/wp-json\/wp\/v2\/product_tag?post=3431"}],"curies":[{"name":"wp","href":"https:\/\/api.w.org\/{rel}","templated":true}]}}