{"id":3428,"date":"2023-12-13T13:20:07","date_gmt":"2023-12-13T12:20:07","guid":{"rendered":"https:\/\/sportyheaven.pl\/produkty\/bramka-pilkarska-giza-12m-x-08m-120x80cm\/"},"modified":"2025-04-29T08:39:22","modified_gmt":"2025-04-29T06:39:22","slug":"bramka-pilkarska-giza-12m-x-08m-120x80cm","status":"publish","type":"product","link":"https:\/\/sportyheaven.pl\/en\/sklep\/bramka-pilkarska-giza-12m-x-08m-120x80cm\/","title":{"rendered":"Bramka pi\u0142karska GIZA 1,2m x 0,8m | 120cmx80cm"},"content":{"rendered":"<p><span style=\"font-size:10pt;font-family:'Open Sans', sans-serif;\"><strong>\u2705\u00a0<\/strong>Solidna stalowa konstrukcja doci\u0105\u017cona wzmocnion\u0105 ram\u0105 tyln\u0105.<strong><br \/><\/strong><strong>\u2705\u00a0<\/strong><strong><\/strong>Wymiary wynosz\u0105ce 120cm \u00d7 80cm \u00d7 100cm; waga 9kg.\u00a0 \u00a0<br \/><strong>\u2705\u00a0<\/strong>Siatka do bramki oraz \u015bledzie mocuj\u0105ce w zestawie.<strong><br \/><\/strong><strong>\u2705\u00a0<\/strong>Mo\u017cliwo\u015b\u0107 zakupu maty do celno\u015bci strza\u0142\u00f3w.<br \/>\u2705 Mo\u017cliwo\u015b\u0107 zakupu siatki w innym kolorze<br \/><\/span><\/p>\n","protected":false},"excerpt":{"rendered":"<p>YAKIMASPORT<br \/>\nEAN: 5903137554000<\/p>\n","protected":false},"featured_media":5865,"template":"","meta":{"_acf_changed":false},"marka":[],"product_cat":[123,74,76],"product_tag":[],"class_list":{"0":"post-3428","1":"product","2":"type-product","3":"status-publish","4":"has-post-thumbnail","6":"product_cat-yakimasport","7":"product_cat-pilka-nozna","8":"product_cat-bramki-pilka-nozna","10":"first","11":"instock","12":"taxable","13":"shipping-taxable","14":"purchasable","15":"product-type-simple"},"acf":[],"_links":{"self":[{"href":"https:\/\/sportyheaven.pl\/en\/wp-json\/wp\/v2\/product\/3428","targetHints":{"allow":["GET"]}}],"collection":[{"href":"https:\/\/sportyheaven.pl\/en\/wp-json\/wp\/v2\/product"}],"about":[{"href":"https:\/\/sportyheaven.pl\/en\/wp-json\/wp\/v2\/types\/product"}],"version-history":[{"count":4,"href":"https:\/\/sportyheaven.pl\/en\/wp-json\/wp\/v2\/product\/3428\/revisions"}],"predecessor-version":[{"id":5945,"href":"https:\/\/sportyheaven.pl\/en\/wp-json\/wp\/v2\/product\/3428\/revisions\/5945"}],"wp:featuredmedia":[{"embeddable":true,"href":"https:\/\/sportyheaven.pl\/en\/wp-json\/wp\/v2\/media\/5865"}],"wp:attachment":[{"href":"https:\/\/sportyheaven.pl\/en\/wp-json\/wp\/v2\/media?parent=3428"}],"wp:term":[{"taxonomy":"marka","embeddable":true,"href":"https:\/\/sportyheaven.pl\/en\/wp-json\/wp\/v2\/marka?post=3428"},{"taxonomy":"product_cat","embeddable":true,"href":"https:\/\/sportyheaven.pl\/en\/wp-json\/wp\/v2\/product_cat?post=3428"},{"taxonomy":"product_tag","embeddable":true,"href":"https:\/\/sportyheaven.pl\/en\/wp-json\/wp\/v2\/product_tag?post=3428"}],"curies":[{"name":"wp","href":"https:\/\/api.w.org\/{rel}","templated":true}]}}