{"id":3410,"date":"2023-12-13T13:19:55","date_gmt":"2023-12-13T12:19:55","guid":{"rendered":"https:\/\/sportyheaven.pl\/produkty\/bramka-skladana-uni-12m-x-08m-120x80cm\/"},"modified":"2025-04-29T09:01:15","modified_gmt":"2025-04-29T07:01:15","slug":"bramka-skladana-uni-12m-x-08m-120x80cm","status":"publish","type":"product","link":"https:\/\/sportyheaven.pl\/en\/sklep\/bramka-skladana-uni-12m-x-08m-120x80cm\/","title":{"rendered":"Bramka sk\u0142adana UNI 1,2M X 0,8M | 120X80CM"},"content":{"rendered":"<p><span style=\"font-family: 'Open Sans', sans-serif; font-size: 10pt;\"><strong>\u2705<\/strong>\u00a0 Rozmiar bramki 120cm x 80cm.<\/span><br \/><span style=\"font-family: 'Open Sans', sans-serif; font-size: 10pt;\"><strong>\u2705<\/strong> \u00a0W komplecie zestaw mocuj\u0105cy bramk\u0119 zar\u00f3wno do pod\u0142o\u017ca naturalnego jak i nawierzchni twardych typu Orlik lub hala.<\/span><br \/><span style=\"font-family: 'Open Sans', sans-serif; font-size: 10pt;\"><strong>\u2705<\/strong> \u00a0W komplecie praktyczna torba do transportu i magazynowania bramek.<\/span><\/p>\n","protected":false},"excerpt":{"rendered":"<p>YAKIMASPORT<br \/>\nEAN: 5903137554772<\/p>\n","protected":false},"featured_media":5619,"template":"","meta":{"_acf_changed":false},"marka":[],"product_cat":[123,74,76],"product_tag":[],"class_list":{"0":"post-3410","1":"product","2":"type-product","3":"status-publish","4":"has-post-thumbnail","6":"product_cat-yakimasport","7":"product_cat-pilka-nozna","8":"product_cat-bramki-pilka-nozna","10":"first","11":"instock","12":"taxable","13":"shipping-taxable","14":"purchasable","15":"product-type-simple"},"acf":[],"_links":{"self":[{"href":"https:\/\/sportyheaven.pl\/en\/wp-json\/wp\/v2\/product\/3410","targetHints":{"allow":["GET"]}}],"collection":[{"href":"https:\/\/sportyheaven.pl\/en\/wp-json\/wp\/v2\/product"}],"about":[{"href":"https:\/\/sportyheaven.pl\/en\/wp-json\/wp\/v2\/types\/product"}],"version-history":[{"count":3,"href":"https:\/\/sportyheaven.pl\/en\/wp-json\/wp\/v2\/product\/3410\/revisions"}],"predecessor-version":[{"id":5621,"href":"https:\/\/sportyheaven.pl\/en\/wp-json\/wp\/v2\/product\/3410\/revisions\/5621"}],"wp:featuredmedia":[{"embeddable":true,"href":"https:\/\/sportyheaven.pl\/en\/wp-json\/wp\/v2\/media\/5619"}],"wp:attachment":[{"href":"https:\/\/sportyheaven.pl\/en\/wp-json\/wp\/v2\/media?parent=3410"}],"wp:term":[{"taxonomy":"marka","embeddable":true,"href":"https:\/\/sportyheaven.pl\/en\/wp-json\/wp\/v2\/marka?post=3410"},{"taxonomy":"product_cat","embeddable":true,"href":"https:\/\/sportyheaven.pl\/en\/wp-json\/wp\/v2\/product_cat?post=3410"},{"taxonomy":"product_tag","embeddable":true,"href":"https:\/\/sportyheaven.pl\/en\/wp-json\/wp\/v2\/product_tag?post=3410"}],"curies":[{"name":"wp","href":"https:\/\/api.w.org\/{rel}","templated":true}]}}