{"id":3407,"date":"2023-12-13T13:19:54","date_gmt":"2023-12-13T12:19:54","guid":{"rendered":"https:\/\/sportyheaven.pl\/produkty\/mata-do-celnosci-strzalow-5x2-m\/"},"modified":"2025-04-29T08:57:43","modified_gmt":"2025-04-29T06:57:43","slug":"mata-do-celnosci-strzalow-5x2-m","status":"publish","type":"product","link":"https:\/\/sportyheaven.pl\/en\/sklep\/mata-do-celnosci-strzalow-5x2-m\/","title":{"rendered":"Mata do celno\u015bci strza\u0142\u00f3w 5&#215;2 m"},"content":{"rendered":"<div>\n<p style=\"text-align: left;\"><span style=\"font-family: 'Open Sans', sans-serif; font-size: 10pt;\">\u2705 \u0141atwy monta\u017c:\u00a0System szybkiego mocowania umo\u017cliwia szybkie za\u0142o\u017cenie i zdj\u0119cie maty, co czyni j\u0105 idealnym rozwi\u0105zaniem na treningi indywidualne lub dru\u017cynowe.<\/span><br \/><span style=\"font-size: 10pt;\"><span style=\"font-family: 'Open Sans', sans-serif;\">\u2705 Poprawa celno\u015bci:\u00a0Regularne u\u017cywanie maty skutecznie poprawia precyzj\u0119 strza\u0142\u00f3w i umiej\u0119tno\u015bci ofensywne.<br \/>\u2705 Odporno\u015b\u0107 na warunki zewn\u0119trzne:\u00a0Trwa\u0142y materia\u0142 jest odporny na dzia\u0142anie czynnik\u00f3w atmosferycznych, co pozwala na jej u\u017cytkowanie przez ca\u0142y rok<\/span><\/span><\/p>\n<\/div>\n","protected":false},"excerpt":{"rendered":"<p>YAKIMASPORT<br \/>\nEAN: 5906718236418<\/p>\n","protected":false},"featured_media":5343,"template":"","meta":{"_acf_changed":false},"marka":[],"product_cat":[292,299,367],"product_tag":[],"class_list":{"0":"post-3407","1":"product","2":"type-product","3":"status-publish","4":"has-post-thumbnail","6":"product_cat-football","7":"product_cat-football-training-equipment","8":"product_cat-yakimasport-en","10":"first","11":"instock","12":"taxable","13":"shipping-taxable","14":"purchasable","15":"product-type-simple"},"acf":[],"_links":{"self":[{"href":"https:\/\/sportyheaven.pl\/en\/wp-json\/wp\/v2\/product\/3407","targetHints":{"allow":["GET"]}}],"collection":[{"href":"https:\/\/sportyheaven.pl\/en\/wp-json\/wp\/v2\/product"}],"about":[{"href":"https:\/\/sportyheaven.pl\/en\/wp-json\/wp\/v2\/types\/product"}],"version-history":[{"count":2,"href":"https:\/\/sportyheaven.pl\/en\/wp-json\/wp\/v2\/product\/3407\/revisions"}],"predecessor-version":[{"id":5915,"href":"https:\/\/sportyheaven.pl\/en\/wp-json\/wp\/v2\/product\/3407\/revisions\/5915"}],"wp:featuredmedia":[{"embeddable":true,"href":"https:\/\/sportyheaven.pl\/en\/wp-json\/wp\/v2\/media\/5343"}],"wp:attachment":[{"href":"https:\/\/sportyheaven.pl\/en\/wp-json\/wp\/v2\/media?parent=3407"}],"wp:term":[{"taxonomy":"marka","embeddable":true,"href":"https:\/\/sportyheaven.pl\/en\/wp-json\/wp\/v2\/marka?post=3407"},{"taxonomy":"product_cat","embeddable":true,"href":"https:\/\/sportyheaven.pl\/en\/wp-json\/wp\/v2\/product_cat?post=3407"},{"taxonomy":"product_tag","embeddable":true,"href":"https:\/\/sportyheaven.pl\/en\/wp-json\/wp\/v2\/product_tag?post=3407"}],"curies":[{"name":"wp","href":"https:\/\/api.w.org\/{rel}","templated":true}]}}