{"id":3386,"date":"2023-12-13T13:19:47","date_gmt":"2023-12-13T12:19:47","guid":{"rendered":"https:\/\/sportyheaven.pl\/produkty\/siatka-na-bramke-zak-3x155m\/"},"modified":"2025-04-29T08:49:35","modified_gmt":"2025-04-29T06:49:35","slug":"siatka-na-bramke-zak-3x155m","status":"publish","type":"product","link":"https:\/\/sportyheaven.pl\/en\/sklep\/siatka-na-bramke-zak-3x155m\/","title":{"rendered":"Siatka na bramk\u0119 \u017bAK 3&#215;1,55m"},"content":{"rendered":"<div style=\"text-align: left;\"><span style=\"font-size: 10pt; font-family: 'Open Sans', sans-serif;\">\u2705 Wymiary: 3m x 1,55; do\u0142 1m, g\u00f3ra 0,8m<\/span><\/div>\n<div style=\"text-align: left;\"><span style=\"font-size: 10pt; font-family: 'Open Sans', sans-serif;\">\u2705 Kolor: bia\u0142y<\/span><\/div>\n<div style=\"text-align: left;\"><span style=\"font-size: 10pt; font-family: 'Open Sans', sans-serif;\">\u2705\u00a0Estetyka:\u00a0Siatka prezentuje si\u0119 elegancko i profesjonalnie dzi\u0119ki starannej konstrukcji i jednolitemu kolorowi<\/span><\/div>\n<div style=\"text-align: left;\"><span style=\"font-size: 10pt; font-family: 'Open Sans', sans-serif;\"><strong>\u2705 <\/strong>Odporno\u015b\u0107 na warunki atmosferyczne:\u00a0Nie straszne jej ani deszcz, ani promieniowanie UV, co sprawia, \u017ce przez lata zachowuje swoje w\u0142a\u015bciwo\u015bci<\/span><\/div>\n","protected":false},"excerpt":{"rendered":"<p>YAKIMASPORT<br \/>\nEAN: 5903796710434<\/p>\n","protected":false},"featured_media":3384,"template":"","meta":{"_acf_changed":false},"marka":[],"product_cat":[123,74,77],"product_tag":[],"class_list":{"0":"post-3386","1":"product","2":"type-product","3":"status-publish","4":"has-post-thumbnail","6":"product_cat-yakimasport","7":"product_cat-pilka-nozna","8":"product_cat-siatki-pilka-nozna","10":"first","11":"instock","12":"taxable","13":"shipping-taxable","14":"purchasable","15":"product-type-simple"},"acf":[],"_links":{"self":[{"href":"https:\/\/sportyheaven.pl\/en\/wp-json\/wp\/v2\/product\/3386","targetHints":{"allow":["GET"]}}],"collection":[{"href":"https:\/\/sportyheaven.pl\/en\/wp-json\/wp\/v2\/product"}],"about":[{"href":"https:\/\/sportyheaven.pl\/en\/wp-json\/wp\/v2\/types\/product"}],"version-history":[{"count":3,"href":"https:\/\/sportyheaven.pl\/en\/wp-json\/wp\/v2\/product\/3386\/revisions"}],"predecessor-version":[{"id":5913,"href":"https:\/\/sportyheaven.pl\/en\/wp-json\/wp\/v2\/product\/3386\/revisions\/5913"}],"wp:featuredmedia":[{"embeddable":true,"href":"https:\/\/sportyheaven.pl\/en\/wp-json\/wp\/v2\/media\/3384"}],"wp:attachment":[{"href":"https:\/\/sportyheaven.pl\/en\/wp-json\/wp\/v2\/media?parent=3386"}],"wp:term":[{"taxonomy":"marka","embeddable":true,"href":"https:\/\/sportyheaven.pl\/en\/wp-json\/wp\/v2\/marka?post=3386"},{"taxonomy":"product_cat","embeddable":true,"href":"https:\/\/sportyheaven.pl\/en\/wp-json\/wp\/v2\/product_cat?post=3386"},{"taxonomy":"product_tag","embeddable":true,"href":"https:\/\/sportyheaven.pl\/en\/wp-json\/wp\/v2\/product_tag?post=3386"}],"curies":[{"name":"wp","href":"https:\/\/api.w.org\/{rel}","templated":true}]}}