{"id":3374,"date":"2023-12-13T13:19:43","date_gmt":"2023-12-13T12:19:43","guid":{"rendered":"https:\/\/sportyheaven.pl\/produkty\/bramka-do-pilki-recznej-aluminiowa-przenosna-stacjonarna-3x2-m\/"},"modified":"2025-04-29T08:48:22","modified_gmt":"2025-04-29T06:48:22","slug":"bramka-do-pilki-recznej-aluminiowa-przenosna-stacjonarna-3x2-m","status":"publish","type":"product","link":"https:\/\/sportyheaven.pl\/en\/sklep\/bramka-do-pilki-recznej-aluminiowa-przenosna-stacjonarna-3x2-m\/","title":{"rendered":"Bramka do pi\u0142ki r\u0119cznej aluminiowa przeno\u015bna\/stacjonarna 3&#215;2 m"},"content":{"rendered":"<div><span style=\"font-family: 'Open Sans', sans-serif; font-size: 10pt;\"><strong>Bramka aluminiowa przeno\u015bna albo stacjonarna<\/p>\n<p><\/strong>&#8211; Wymiary bramki: 3&#215;2 m, g\u0142\u0119boko\u015b\u0107 80\/100 cm (g\u00f3ra\/d\u00f3\u0142);<\/span><br \/><span style=\"font-family: 'Open Sans', sans-serif; font-size: 10pt;\">&#8211; Kwadratowy profil aluminiowy 80&#215;80 mm;<\/span><br \/><span style=\"font-family: 'Open Sans', sans-serif; font-size: 10pt;\">&#8211; Bramka mocowana do pod\u0142o\u017ca za pomoc\u0105 szpilek (naturalna trawa), talerzyk\u00f3w (hale), b\u0105d\u017a obci\u0105\u017cnik\u00f3w (sztuczna trawa i beton);<\/span><br \/><span style=\"font-family: 'Open Sans', sans-serif; font-size: 10pt;\">&#8211; Mocowanie siatki do ramy g\u0142\u00f3wnej za pomoc\u0105 haczyk\u00f3w z tworzywa sztucznego (haczyki w zestawie);<\/span><br \/><span style=\"font-family: 'Open Sans', sans-serif; font-size: 10pt;\">&#8211; Pa\u0142\u0105ki podtrzymuj\u0105ce siatk\u0119 sk\u0142adane;<\/span><br \/><span style=\"font-family: 'Open Sans', sans-serif; font-size: 10pt;\">&#8211; Kolor: bia\u0142o-czerwony;<\/span><br \/><span style=\"font-family: 'Open Sans', sans-serif; font-size: 10pt;\">&#8211; Zgodno\u015b\u0107 z przepisami do gry w pi\u0142k\u0119 r\u0119czn\u0105, oraz norm\u0105 PN-EN 749-2006;<\/span><br \/><span style=\"font-family: 'Open Sans', sans-serif; font-size: 10pt;\">&#8211; Certyfikat bezpiecze\u0144stwa wydany przez Instytut Sportu.<\/span><br \/><span style=\"font-family: 'Open Sans', sans-serif; font-size: 10pt;\">&#8211; Cena nie obejmuje siatki. Cena\u00a0siatki 129z\u0142.\u00a0\u00a0<\/span><br \/><span style=\"font-family: 'Open Sans', sans-serif; font-size: 10pt;\">&#8211; Istnieje r\u00f3wnie\u017c mo\u017cliwo\u015b\u0107 zam\u00f3wienia bramki w rozmiarze 3&#215;2 m z profilem owalnym przeznaczonej typowo do pi\u0142ki no\u017cnej (zdj\u0119cie nr 2) za dop\u0142at\u0105.<\/span><br \/><span style=\"font-family: 'Open Sans', sans-serif; font-size: 10pt;\">&#8211; Ka\u017cda z bramek mo\u017ce by\u0107 zam\u00f3wiona w opcji przeno\u015bnej albo stacjonarnej (dodatkowo trzeba doliczy\u0107 koszt tulei &#8211; 290\u00a0z\u0142 brutto)<\/span><br \/><span style=\"font-family: 'Open Sans', sans-serif; font-size: 10pt;\"><\/span><span style=\"font-size: 10pt;\"><strong><span style=\"font-family: 'Open Sans', sans-serif;\">&#8211; Zam\u00f3wienie realizowane po otrzymaniu przedp\u0142aty &#8211; nie wysy\u0142amy bramek za pobraniem.<\/span><\/strong><\/span><\/div>\n<div><span style=\"font-size: 10pt;\"><strong><span style=\"font-family: 'Open Sans', sans-serif;\">&#8211; Jest mo\u017cliwo\u015b\u0107 dowozu bramki w dowolne miejsce w Polsce- koszt transportu WYCENIANY INDYWIDUALNIE. <\/span><\/strong><\/span><\/div>\n<div><span style=\"font-size: 10pt; font-family: 'Open Sans', sans-serif;\"><br \/>Kod produktu:\u00a0BR0002<\/span><\/div>\n","protected":false},"excerpt":{"rendered":"<p>Yakima<br \/>\nEAN: <\/p>\n","protected":false},"featured_media":5328,"template":"","meta":{"_acf_changed":false},"marka":[],"product_cat":[123,106,108],"product_tag":[],"class_list":{"0":"post-3374","1":"product","2":"type-product","3":"status-publish","4":"has-post-thumbnail","6":"product_cat-yakimasport","7":"product_cat-pilka-reczna","8":"product_cat-akcesoria-do-pilki-recznej","10":"first","11":"instock","12":"taxable","13":"shipping-taxable","14":"purchasable","15":"product-type-simple"},"acf":[],"_links":{"self":[{"href":"https:\/\/sportyheaven.pl\/en\/wp-json\/wp\/v2\/product\/3374","targetHints":{"allow":["GET"]}}],"collection":[{"href":"https:\/\/sportyheaven.pl\/en\/wp-json\/wp\/v2\/product"}],"about":[{"href":"https:\/\/sportyheaven.pl\/en\/wp-json\/wp\/v2\/types\/product"}],"version-history":[{"count":1,"href":"https:\/\/sportyheaven.pl\/en\/wp-json\/wp\/v2\/product\/3374\/revisions"}],"predecessor-version":[{"id":5693,"href":"https:\/\/sportyheaven.pl\/en\/wp-json\/wp\/v2\/product\/3374\/revisions\/5693"}],"wp:featuredmedia":[{"embeddable":true,"href":"https:\/\/sportyheaven.pl\/en\/wp-json\/wp\/v2\/media\/5328"}],"wp:attachment":[{"href":"https:\/\/sportyheaven.pl\/en\/wp-json\/wp\/v2\/media?parent=3374"}],"wp:term":[{"taxonomy":"marka","embeddable":true,"href":"https:\/\/sportyheaven.pl\/en\/wp-json\/wp\/v2\/marka?post=3374"},{"taxonomy":"product_cat","embeddable":true,"href":"https:\/\/sportyheaven.pl\/en\/wp-json\/wp\/v2\/product_cat?post=3374"},{"taxonomy":"product_tag","embeddable":true,"href":"https:\/\/sportyheaven.pl\/en\/wp-json\/wp\/v2\/product_tag?post=3374"}],"curies":[{"name":"wp","href":"https:\/\/api.w.org\/{rel}","templated":true}]}}