{"id":3371,"date":"2023-12-13T13:19:42","date_gmt":"2023-12-13T12:19:42","guid":{"rendered":"https:\/\/sportyheaven.pl\/produkty\/bramka-pilkarska-3x155-m\/"},"modified":"2025-04-29T08:48:22","modified_gmt":"2025-04-29T06:48:22","slug":"bramka-pilkarska-3x155-m","status":"publish","type":"product","link":"https:\/\/sportyheaven.pl\/en\/sklep\/bramka-pilkarska-3x155-m\/","title":{"rendered":"Bramka pi\u0142karska 3&#215;1,55 m"},"content":{"rendered":"<p><span style=\"font-size:10pt;\"><span style=\"font-family:arial, helvetica, sans-serif;\"><strong>Bramka 3&#215;1,5 m<\/p>\n<p><\/strong>&#8211; Spawana rama bramki o profilu 80&#215;80 mm wykonana z anodowanego stopu aluminium<strong>.<br \/>&#8211; Bramka spe\u0142nia wymogi nowego wymiaru rekomendowanego przez Polski Zwi\u0105zek Pi\u0142ki No\u017cnej.<br \/><\/strong>&#8211; W sk\u0142ad kompletu wchodz\u0105 aluminiowe sk\u0142adane ramiona boczne o \u015brednicy 38 mm, \u0142\u0105cznik dolny ramion oraz uchwyty mocuj\u0105ce bramk\u0119 do pod\u0142ogi i do pod\u0142o\u017ca na boisku.<br \/>&#8211; Rama i ramiona wyposa\u017cone s\u0105 w zaczepy do mocowania siatki.<br \/>&#8211; Wymiary bramki w \u015bwietle 3&#215;1,5 m, standardowa g\u0142\u0119boko\u015b\u0107 bez s\u0142upk\u00f3w 1,5 m, po z\u0142o\u017ceniu grubo\u015b\u0107 bramki 0,15 m.<br \/>&#8211; Wszystkie elementy bramki s\u0105 po\u0142\u0105czone ze sob\u0105 w spos\u00f3b umo\u017cliwiaj\u0105cy \u0142atw\u0105 wymian\u0119 ka\u017cdego detalu.<br \/>&#8211; Zgodno\u015b\u0107 z przepisami FIFA, PZPN oraz norm\u0105 PN-EN 748:2006;<br \/>&#8211; Certyfikat bezpiecze\u0144stwa wydany przez Instytut Sportu<\/span><span style=\"font-family:sans-serif;\"><br \/><span style=\"font-family:arial, helvetica, sans-serif;\">&#8211; Mo\u017cliwy zakup bramki o profilu owalnym 120 x 100 mm za dop\u0142at\u0105 200z\u0142 brutto\/szt.<\/span><br \/><span style=\"font-family:arial, helvetica, sans-serif;\">&#8211; Mo\u017cliwo\u015b\u0107 dokupienia odwa\u017cnik\u00f3w do bramki, maj\u0105cych na celu zabezpieczenie bramki na sztucznych murawach typu Orlik.<\/span><br \/><span style=\"font-family:arial, helvetica, sans-serif;\">&#8211; Cena nie obejmuje\u00a0siatki.<br \/><\/span>&#8211; Zam\u00f3wienie realizowane po otrzymaniu przedp\u0142aty- nie wysy\u0142amy bramek\u00a0za pobraniem.<br \/>&#8211; Jest mo\u017cliwo\u015b\u0107 dowozu bramki w dowolne miejsce w Polsce- koszt transportu WYCENIANY INDYWIDUALNIE. <\/p>\n<p><\/span><span style=\"font-family:sans-serif;\"><span style=\"font-family:arial, helvetica, sans-serif;\">Kod produktu:\u00a0BR0003<\/span><\/span><\/span><\/p>\n","protected":false},"excerpt":{"rendered":"<p>Yakima<br \/>\nEAN: <\/p>\n","protected":false},"featured_media":5326,"template":"","meta":{"_acf_changed":false},"marka":[],"product_cat":[123,74,76],"product_tag":[],"class_list":{"0":"post-3371","1":"product","2":"type-product","3":"status-publish","4":"has-post-thumbnail","6":"product_cat-yakimasport","7":"product_cat-pilka-nozna","8":"product_cat-bramki-pilka-nozna","10":"first","11":"instock","12":"taxable","13":"shipping-taxable","14":"purchasable","15":"product-type-simple"},"acf":[],"_links":{"self":[{"href":"https:\/\/sportyheaven.pl\/en\/wp-json\/wp\/v2\/product\/3371","targetHints":{"allow":["GET"]}}],"collection":[{"href":"https:\/\/sportyheaven.pl\/en\/wp-json\/wp\/v2\/product"}],"about":[{"href":"https:\/\/sportyheaven.pl\/en\/wp-json\/wp\/v2\/types\/product"}],"version-history":[{"count":0,"href":"https:\/\/sportyheaven.pl\/en\/wp-json\/wp\/v2\/product\/3371\/revisions"}],"wp:featuredmedia":[{"embeddable":true,"href":"https:\/\/sportyheaven.pl\/en\/wp-json\/wp\/v2\/media\/5326"}],"wp:attachment":[{"href":"https:\/\/sportyheaven.pl\/en\/wp-json\/wp\/v2\/media?parent=3371"}],"wp:term":[{"taxonomy":"marka","embeddable":true,"href":"https:\/\/sportyheaven.pl\/en\/wp-json\/wp\/v2\/marka?post=3371"},{"taxonomy":"product_cat","embeddable":true,"href":"https:\/\/sportyheaven.pl\/en\/wp-json\/wp\/v2\/product_cat?post=3371"},{"taxonomy":"product_tag","embeddable":true,"href":"https:\/\/sportyheaven.pl\/en\/wp-json\/wp\/v2\/product_tag?post=3371"}],"curies":[{"name":"wp","href":"https:\/\/api.w.org\/{rel}","templated":true}]}}