{"id":3365,"date":"2023-12-13T13:19:38","date_gmt":"2023-12-13T12:19:38","guid":{"rendered":"https:\/\/sportyheaven.pl\/produkty\/pilka-lekarska-akuafit-ball-40cm-do-34kg-z-ciezarem-wody-aqua\/"},"modified":"2024-10-30T00:43:24","modified_gmt":"2024-10-29T23:43:24","slug":"pilka-lekarska-akuafit-ball-40cm-do-34kg-z-ciezarem-wody-aqua","status":"publish","type":"product","link":"https:\/\/sportyheaven.pl\/en\/sklep\/pilka-lekarska-akuafit-ball-40cm-do-34kg-z-ciezarem-wody-aqua\/","title":{"rendered":"Pi\u0142ka lekarska, AKUAFIT BALL 40cm do 34kg z ci\u0119\u017carem wody AQUA"},"content":{"rendered":"<div style=\"text-align:justify;\"><span style=\"font-size:10pt;\"><strong><span style=\"font-family:'Open Sans', sans-serif;\">Pi\u0142ka AKUAFIT BALL 40cm do 34kg z ci\u0119\u017carem wody<\/p>\n<p><\/span><\/strong><\/span><\/div>\n<div style=\"text-align:justify;\"><span style=\"font-size:10pt;font-family:'Open Sans', sans-serif;\">Innowacyjny produkt do treningu si\u0142owego.\u00a0<\/span><\/div>\n<div style=\"text-align:justify;\"><span style=\"font-size:10pt;font-family:'Open Sans', sans-serif;\">Pi\u0142ka wype\u0142niona ciecz\u0105 podczas ruchu sprawia, \u017ce wszystkie Twoje mi\u0119\u015bnie b\u0119d\u0105 pracowa\u0107 jednocze\u015bnie, a efekty osi\u0105gniesz w kr\u00f3tszym czasie. \u0106wiczysz tu\u0142\u00f3w, ramiona, biodra i nogi.<\/p>\n<p>Jest to produkt wielofunkcyjny, idealne narz\u0119dzie fitness do ka\u017cdego treningu funkcjonalnego, oferuje szerok\u0105 gam\u0119 ruch\u00f3w: podnoszenie, przenoszenie, rzucanie, ko\u0142ysanie, wios\u0142owanie, pchanie.<\/span><\/div>\n<div style=\"text-align:justify;\"><span style=\"font-size:10pt;font-family:'Open Sans', sans-serif;\">Ruch wody wewn\u0105trz pi\u0142ki przyczynia si\u0119 do wi\u0119kszej aktywacji wielu obszar\u00f3w mi\u0119\u015bniowych, poprawy r\u00f3wnowagi i odporno\u015bci na kontuzje.<\/span><\/div>\n<div style=\"text-align:justify;\"><span style=\"font-size:10pt;font-family:'Open Sans', sans-serif;\">Pi\u0142ka jest lekka i \u0142atwa w transporcie.<br \/><\/span><span style=\"font-size:10pt;font-family:'Open Sans', sans-serif;\"><br \/>Mo\u017cna \u0142atwo regulowa\u0107 wag\u0119 wlewaj\u0105c mniej lub wi\u0119cej wody.<\/p>\n<p>\u015arednica 40cm (waga do 34kg).<\/p>\n<p>Istnieje mo\u017cliwo\u015b\u0107 dokupienia innych produkt\u00f3w z serii\u00a0AKUAFIT\u00a0<\/span><span style=\"font-size:10pt;font-family:'Open Sans', sans-serif;\"><\/p>\n<p><\/span><img fetchpriority=\"high\" decoding=\"async\" src=\"https:\/\/yakimasport.com\/img\/cms\/giphy.gif\" alt=\"\" width=\"480\" height=\"480\" \/><\/p>\n<p><img decoding=\"async\" src=\"https:\/\/yakimasport.com\/img\/cms\/giphy-downsized-large_2_800x800.gif\" alt=\"\" width=\"476\" height=\"357\" \/><\/div>\n","protected":false},"excerpt":{"rendered":"<p>YAKIMASPORT<br \/>\nEAN: <\/p>\n","protected":false},"featured_media":3363,"template":"","meta":{"_acf_changed":false},"marka":[],"product_cat":[127,128,123],"product_tag":[],"class_list":{"0":"post-3365","1":"product","2":"type-product","3":"status-publish","4":"has-post-thumbnail","6":"product_cat-pilki","7":"product_cat-pilki-lekarskie","8":"product_cat-yakimasport","10":"first","11":"instock","12":"taxable","13":"shipping-taxable","14":"purchasable","15":"product-type-simple"},"acf":[],"_links":{"self":[{"href":"https:\/\/sportyheaven.pl\/en\/wp-json\/wp\/v2\/product\/3365","targetHints":{"allow":["GET"]}}],"collection":[{"href":"https:\/\/sportyheaven.pl\/en\/wp-json\/wp\/v2\/product"}],"about":[{"href":"https:\/\/sportyheaven.pl\/en\/wp-json\/wp\/v2\/types\/product"}],"version-history":[{"count":0,"href":"https:\/\/sportyheaven.pl\/en\/wp-json\/wp\/v2\/product\/3365\/revisions"}],"wp:featuredmedia":[{"embeddable":true,"href":"https:\/\/sportyheaven.pl\/en\/wp-json\/wp\/v2\/media\/3363"}],"wp:attachment":[{"href":"https:\/\/sportyheaven.pl\/en\/wp-json\/wp\/v2\/media?parent=3365"}],"wp:term":[{"taxonomy":"marka","embeddable":true,"href":"https:\/\/sportyheaven.pl\/en\/wp-json\/wp\/v2\/marka?post=3365"},{"taxonomy":"product_cat","embeddable":true,"href":"https:\/\/sportyheaven.pl\/en\/wp-json\/wp\/v2\/product_cat?post=3365"},{"taxonomy":"product_tag","embeddable":true,"href":"https:\/\/sportyheaven.pl\/en\/wp-json\/wp\/v2\/product_tag?post=3365"}],"curies":[{"name":"wp","href":"https:\/\/api.w.org\/{rel}","templated":true}]}}