{"id":3362,"date":"2023-12-13T13:19:38","date_gmt":"2023-12-13T12:19:38","guid":{"rendered":"https:\/\/sportyheaven.pl\/produkty\/flex-band-strong-resistance-power-band-guma-gimnastyczna\/"},"modified":"2025-04-29T08:39:22","modified_gmt":"2025-04-29T06:39:22","slug":"flex-band-strong-resistance-power-band-guma-gimnastyczna","status":"publish","type":"product","link":"https:\/\/sportyheaven.pl\/en\/sklep\/flex-band-strong-resistance-power-band-guma-gimnastyczna\/","title":{"rendered":"Flex Band Strong Resistance, Power band, guma gimnastyczna"},"content":{"rendered":"<p><span style=\"font-family: 'Open Sans', sans-serif; font-size: 10pt;\">\u2705 Progress- Zarz\u0105dzaj oporem stopniowo,\u00a0Kolor czerwony- mocny op\u00f3r<\/span><br \/><span style=\"font-family: 'Open Sans', sans-serif; font-size: 10pt;\">\u2705 Super lekka i \u0142atwa do spakowania, dzi\u0119ki czemu mo\u017cesz zabra\u0107 ze sob\u0105 swoj\u0105 si\u0142owni\u0119 na ca\u0142y \u015bwiat<\/span><br \/><span style=\"font-family: 'Open Sans', sans-serif; font-size: 10pt;\">\u2705 Super mi\u0119kki i g\u0142adki materia\u0142, dzi\u0119ki czemu mo\u017cesz przej\u015b\u0107 trening bez otar\u0107 i siniak\u00f3w<\/span> <\/p>\n","protected":false},"excerpt":{"rendered":"<p>YAKIMASPORT<br \/>\nEAN: 5903796712988<\/p>\n","protected":false},"featured_media":3360,"template":"","meta":{"_acf_changed":false},"marka":[],"product_cat":[365,364,367],"product_tag":[],"class_list":{"0":"post-3362","1":"product","2":"type-product","3":"status-publish","4":"has-post-thumbnail","6":"product_cat-gymnastics","7":"product_cat-equipment","8":"product_cat-yakimasport-en","10":"first","11":"instock","12":"taxable","13":"shipping-taxable","14":"purchasable","15":"product-type-simple"},"acf":[],"_links":{"self":[{"href":"https:\/\/sportyheaven.pl\/en\/wp-json\/wp\/v2\/product\/3362","targetHints":{"allow":["GET"]}}],"collection":[{"href":"https:\/\/sportyheaven.pl\/en\/wp-json\/wp\/v2\/product"}],"about":[{"href":"https:\/\/sportyheaven.pl\/en\/wp-json\/wp\/v2\/types\/product"}],"version-history":[{"count":1,"href":"https:\/\/sportyheaven.pl\/en\/wp-json\/wp\/v2\/product\/3362\/revisions"}],"predecessor-version":[{"id":5825,"href":"https:\/\/sportyheaven.pl\/en\/wp-json\/wp\/v2\/product\/3362\/revisions\/5825"}],"wp:featuredmedia":[{"embeddable":true,"href":"https:\/\/sportyheaven.pl\/en\/wp-json\/wp\/v2\/media\/3360"}],"wp:attachment":[{"href":"https:\/\/sportyheaven.pl\/en\/wp-json\/wp\/v2\/media?parent=3362"}],"wp:term":[{"taxonomy":"marka","embeddable":true,"href":"https:\/\/sportyheaven.pl\/en\/wp-json\/wp\/v2\/marka?post=3362"},{"taxonomy":"product_cat","embeddable":true,"href":"https:\/\/sportyheaven.pl\/en\/wp-json\/wp\/v2\/product_cat?post=3362"},{"taxonomy":"product_tag","embeddable":true,"href":"https:\/\/sportyheaven.pl\/en\/wp-json\/wp\/v2\/product_tag?post=3362"}],"curies":[{"name":"wp","href":"https:\/\/api.w.org\/{rel}","templated":true}]}}