{"id":3356,"date":"2023-12-13T13:19:35","date_gmt":"2023-12-13T12:19:35","guid":{"rendered":"https:\/\/sportyheaven.pl\/produkty\/tasmy-materialowe-gumy-guma-flex-band-power-band-zestaw\/"},"modified":"2025-04-29T08:37:38","modified_gmt":"2025-04-29T06:37:38","slug":"tasmy-materialowe-gumy-guma-flex-band-power-band-zestaw","status":"publish","type":"product","link":"https:\/\/sportyheaven.pl\/en\/sklep\/tasmy-materialowe-gumy-guma-flex-band-power-band-zestaw\/","title":{"rendered":"Ta\u015bmy materia\u0142owe gumy guma Flex Band, Power band- zestaw"},"content":{"rendered":"<p><span style=\"font-size: 10pt; font-family: 'Open Sans', sans-serif;\">\u2705\u00a0Zestaw zawiera 3 gumy materia\u0142owe, ka\u017cdy op\u00f3r lekki, \u015bredni oraz mocny<\/span><br \/><span style=\"font-size: 10pt; font-family: 'Open Sans', sans-serif;\">\u2705 Super lekka i \u0142atwa do spakowania, dzi\u0119ki czemu mo\u017cesz zabra\u0107 ze sob\u0105 swoj\u0105 si\u0142owni\u0119 na ca\u0142y \u015bwiat<\/span><br \/><span style=\"font-size: 10pt; font-family: 'Open Sans', sans-serif;\">\u2705 Super mi\u0119kki i g\u0142adki materia\u0142, dzi\u0119ki czemu mo\u017cesz przej\u015b\u0107 trening bez otar\u0107 i siniak\u00f3w<\/span><\/p>\n","protected":false},"excerpt":{"rendered":"<p>YAKIMASPORT<br \/>\nEAN: 5903796713008<\/p>\n","protected":false},"featured_media":3354,"template":"","meta":{"_acf_changed":false},"marka":[145],"product_cat":[138,136,123,61,72],"product_tag":[],"class_list":{"0":"post-3356","1":"product","2":"type-product","3":"status-publish","4":"has-post-thumbnail","6":"marka-yakimasport","7":"product_cat-gimnastyka","8":"product_cat-wyposazenie","9":"product_cat-yakimasport","10":"product_cat-silownia-fitness","11":"product_cat-akcesoria-fitness","13":"first","14":"instock","15":"taxable","16":"shipping-taxable","17":"purchasable","18":"product-type-simple"},"acf":[],"_links":{"self":[{"href":"https:\/\/sportyheaven.pl\/en\/wp-json\/wp\/v2\/product\/3356","targetHints":{"allow":["GET"]}}],"collection":[{"href":"https:\/\/sportyheaven.pl\/en\/wp-json\/wp\/v2\/product"}],"about":[{"href":"https:\/\/sportyheaven.pl\/en\/wp-json\/wp\/v2\/types\/product"}],"version-history":[{"count":1,"href":"https:\/\/sportyheaven.pl\/en\/wp-json\/wp\/v2\/product\/3356\/revisions"}],"predecessor-version":[{"id":5823,"href":"https:\/\/sportyheaven.pl\/en\/wp-json\/wp\/v2\/product\/3356\/revisions\/5823"}],"wp:featuredmedia":[{"embeddable":true,"href":"https:\/\/sportyheaven.pl\/en\/wp-json\/wp\/v2\/media\/3354"}],"wp:attachment":[{"href":"https:\/\/sportyheaven.pl\/en\/wp-json\/wp\/v2\/media?parent=3356"}],"wp:term":[{"taxonomy":"marka","embeddable":true,"href":"https:\/\/sportyheaven.pl\/en\/wp-json\/wp\/v2\/marka?post=3356"},{"taxonomy":"product_cat","embeddable":true,"href":"https:\/\/sportyheaven.pl\/en\/wp-json\/wp\/v2\/product_cat?post=3356"},{"taxonomy":"product_tag","embeddable":true,"href":"https:\/\/sportyheaven.pl\/en\/wp-json\/wp\/v2\/product_tag?post=3356"}],"curies":[{"name":"wp","href":"https:\/\/api.w.org\/{rel}","templated":true}]}}