{"id":3353,"date":"2023-12-13T13:19:33","date_gmt":"2023-12-13T12:19:33","guid":{"rendered":"https:\/\/sportyheaven.pl\/produkty\/zestaw-epp-do-masazu-zielony\/"},"modified":"2025-04-07T20:52:26","modified_gmt":"2025-04-07T18:52:26","slug":"zestaw-epp-do-masazu-zielony","status":"publish","type":"product","link":"https:\/\/sportyheaven.pl\/en\/sklep\/zestaw-epp-do-masazu-zielony\/","title":{"rendered":"Zestaw EPP do masa\u017cu zielony"},"content":{"rendered":"<p><span style=\"font-family: 'Open Sans', sans-serif; font-size: 10pt;\">\u2705 3 produkty w zestawie<\/span><br \/><span style=\"font-family: 'Open Sans', sans-serif; font-size: 10pt;\">\u2705 Regularne u\u017cywanie roller\u00f3w zmniejsza ryzyko wyst\u0105pienia kontuzji<\/span><\/p>\n","protected":false},"excerpt":{"rendered":"<p>YAKIMASPORT<br \/>\nEAN: 5903796711639<\/p>\n","protected":false},"featured_media":5558,"template":"","meta":{"_acf_changed":false},"marka":[145],"product_cat":[137,136,123,61,72],"product_tag":[],"class_list":{"0":"post-3353","1":"product","2":"type-product","3":"status-publish","4":"has-post-thumbnail","6":"marka-yakimasport","7":"product_cat-pozostale-wyposazenie","8":"product_cat-wyposazenie","9":"product_cat-yakimasport","10":"product_cat-silownia-fitness","11":"product_cat-akcesoria-fitness","13":"first","14":"instock","15":"taxable","16":"shipping-taxable","17":"purchasable","18":"product-type-simple"},"acf":[],"_links":{"self":[{"href":"https:\/\/sportyheaven.pl\/en\/wp-json\/wp\/v2\/product\/3353","targetHints":{"allow":["GET"]}}],"collection":[{"href":"https:\/\/sportyheaven.pl\/en\/wp-json\/wp\/v2\/product"}],"about":[{"href":"https:\/\/sportyheaven.pl\/en\/wp-json\/wp\/v2\/types\/product"}],"version-history":[{"count":1,"href":"https:\/\/sportyheaven.pl\/en\/wp-json\/wp\/v2\/product\/3353\/revisions"}],"predecessor-version":[{"id":5837,"href":"https:\/\/sportyheaven.pl\/en\/wp-json\/wp\/v2\/product\/3353\/revisions\/5837"}],"wp:featuredmedia":[{"embeddable":true,"href":"https:\/\/sportyheaven.pl\/en\/wp-json\/wp\/v2\/media\/5558"}],"wp:attachment":[{"href":"https:\/\/sportyheaven.pl\/en\/wp-json\/wp\/v2\/media?parent=3353"}],"wp:term":[{"taxonomy":"marka","embeddable":true,"href":"https:\/\/sportyheaven.pl\/en\/wp-json\/wp\/v2\/marka?post=3353"},{"taxonomy":"product_cat","embeddable":true,"href":"https:\/\/sportyheaven.pl\/en\/wp-json\/wp\/v2\/product_cat?post=3353"},{"taxonomy":"product_tag","embeddable":true,"href":"https:\/\/sportyheaven.pl\/en\/wp-json\/wp\/v2\/product_tag?post=3353"}],"curies":[{"name":"wp","href":"https:\/\/api.w.org\/{rel}","templated":true}]}}