{"id":3350,"date":"2023-12-13T13:19:31","date_gmt":"2023-12-13T12:19:31","guid":{"rendered":"https:\/\/sportyheaven.pl\/produkty\/zestaw-epp-do-masazu-niebieski\/"},"modified":"2025-04-29T08:37:38","modified_gmt":"2025-04-29T06:37:38","slug":"zestaw-epp-do-masazu-niebieski","status":"publish","type":"product","link":"https:\/\/sportyheaven.pl\/en\/sklep\/zestaw-epp-do-masazu-niebieski\/","title":{"rendered":"Zestaw EPP do masa\u017cu niebieski"},"content":{"rendered":"<p><span style=\"font-family: 'Open Sans', sans-serif; font-size: 10pt;\">\u2705 3 produkty w zestawie<\/span><br \/><span style=\"font-family: 'Open Sans', sans-serif; font-size: 10pt;\">\u2705 Regularne u\u017cywanie roller\u00f3w zmniejsza ryzyko wyst\u0105pienia kontuzji<\/span><\/p>\n","protected":false},"excerpt":{"rendered":"<p>YAKIMASPORT<br \/>\nEAN: 5903796711615<\/p>\n","protected":false},"featured_media":5556,"template":"","meta":{"_acf_changed":false},"marka":[145],"product_cat":[72,137,61,136,123],"product_tag":[],"class_list":{"0":"post-3350","1":"product","2":"type-product","3":"status-publish","4":"has-post-thumbnail","6":"marka-yakimasport","7":"product_cat-akcesoria-fitness","8":"product_cat-pozostale-wyposazenie","9":"product_cat-silownia-fitness","10":"product_cat-wyposazenie","11":"product_cat-yakimasport","13":"first","14":"instock","15":"taxable","16":"shipping-taxable","17":"purchasable","18":"product-type-simple"},"acf":[],"_links":{"self":[{"href":"https:\/\/sportyheaven.pl\/en\/wp-json\/wp\/v2\/product\/3350","targetHints":{"allow":["GET"]}}],"collection":[{"href":"https:\/\/sportyheaven.pl\/en\/wp-json\/wp\/v2\/product"}],"about":[{"href":"https:\/\/sportyheaven.pl\/en\/wp-json\/wp\/v2\/types\/product"}],"version-history":[{"count":1,"href":"https:\/\/sportyheaven.pl\/en\/wp-json\/wp\/v2\/product\/3350\/revisions"}],"predecessor-version":[{"id":5836,"href":"https:\/\/sportyheaven.pl\/en\/wp-json\/wp\/v2\/product\/3350\/revisions\/5836"}],"wp:featuredmedia":[{"embeddable":true,"href":"https:\/\/sportyheaven.pl\/en\/wp-json\/wp\/v2\/media\/5556"}],"wp:attachment":[{"href":"https:\/\/sportyheaven.pl\/en\/wp-json\/wp\/v2\/media?parent=3350"}],"wp:term":[{"taxonomy":"marka","embeddable":true,"href":"https:\/\/sportyheaven.pl\/en\/wp-json\/wp\/v2\/marka?post=3350"},{"taxonomy":"product_cat","embeddable":true,"href":"https:\/\/sportyheaven.pl\/en\/wp-json\/wp\/v2\/product_cat?post=3350"},{"taxonomy":"product_tag","embeddable":true,"href":"https:\/\/sportyheaven.pl\/en\/wp-json\/wp\/v2\/product_tag?post=3350"}],"curies":[{"name":"wp","href":"https:\/\/api.w.org\/{rel}","templated":true}]}}