{"id":3338,"date":"2023-12-13T13:19:26","date_gmt":"2023-12-13T12:19:26","guid":{"rendered":"https:\/\/sportyheaven.pl\/produkty\/pilka-lekarska-slam-ball-pro-8-kg\/"},"modified":"2025-03-24T11:52:00","modified_gmt":"2025-03-24T10:52:00","slug":"pilka-lekarska-slam-ball-pro-8-kg","status":"publish","type":"product","link":"https:\/\/sportyheaven.pl\/en\/sklep\/pilka-lekarska-slam-ball-pro-8-kg\/","title":{"rendered":"Pi\u0142ka Lekarska Slam Ball PRO 8 kg"},"content":{"rendered":"<div style=\"text-align: justify;\"><span style=\"font-family: 'Open Sans', sans-serif; font-size: 10pt;\">\u2705 Zosta\u0142a wykonana z\u00a0wytrzyma\u0142ego i odpornego\u00a0na \u015bcieranie materia\u0142u PVC najwy\u017cszej jako\u015bci.<\/span><\/div>\n<div style=\"text-align: justify;\"><span style=\"font-family: 'Open Sans', sans-serif; font-size: 10pt;\">\u2705 Antypo\u015blizgowa powierzchnia\u00a0i specjalny wz\u00f3r zabezpieczaj\u0105 przed wy\u015blizgiwaniem si\u0119 pi\u0142ki z mokrych d\u0142oni.<\/span><\/div>\n<div style=\"text-align: justify;\"><span style=\"font-family: 'Open Sans', sans-serif; font-size: 10pt;\">\u2705 Wentyl bezpiecze\u0144stwa\u00a0zabezpiecza przed wybuchem pi\u0142ki\u00a0na skutek zwi\u0119kszonego ci\u015bnienia spowodowanego uderzeniami.<\/span><\/div>\n<div style=\"text-align: justify;\"><span style=\"font-family: 'Open Sans', sans-serif; font-size: 10pt;\">\u2705 System Anti-Bounce\u00a0zapobiega odbijaniu si\u0119 pi\u0142ki<strong>.\u00a0<\/strong>Nie jest ona wype\u0142niona w ca\u0142o\u015bci, dzi\u0119ki czemu sp\u0142aszcza si\u0119 przy l\u0105dowaniu, co amortyzuje jej p\u0119d.<\/span><\/div>\n<div style=\"text-align: justify;\"><span style=\"font-family: 'Open Sans', sans-serif; font-size: 10pt;\">\u2705 Jest idealnie wywa\u017cona, co zwi\u0119ksza komfort \u0107wicze\u0144<\/span><\/div>\n","protected":false},"excerpt":{"rendered":"<p>YAKIMASPORT<br \/>\nEAN: 5903796710373<\/p>\n","protected":false},"featured_media":3336,"template":"","meta":{"_acf_changed":false},"marka":[],"product_cat":[127,128,123],"product_tag":[],"class_list":{"0":"post-3338","1":"product","2":"type-product","3":"status-publish","4":"has-post-thumbnail","6":"product_cat-pilki","7":"product_cat-pilki-lekarskie","8":"product_cat-yakimasport","10":"first","11":"instock","12":"taxable","13":"shipping-taxable","14":"purchasable","15":"product-type-simple"},"acf":[],"_links":{"self":[{"href":"https:\/\/sportyheaven.pl\/en\/wp-json\/wp\/v2\/product\/3338","targetHints":{"allow":["GET"]}}],"collection":[{"href":"https:\/\/sportyheaven.pl\/en\/wp-json\/wp\/v2\/product"}],"about":[{"href":"https:\/\/sportyheaven.pl\/en\/wp-json\/wp\/v2\/types\/product"}],"version-history":[{"count":1,"href":"https:\/\/sportyheaven.pl\/en\/wp-json\/wp\/v2\/product\/3338\/revisions"}],"predecessor-version":[{"id":5899,"href":"https:\/\/sportyheaven.pl\/en\/wp-json\/wp\/v2\/product\/3338\/revisions\/5899"}],"wp:featuredmedia":[{"embeddable":true,"href":"https:\/\/sportyheaven.pl\/en\/wp-json\/wp\/v2\/media\/3336"}],"wp:attachment":[{"href":"https:\/\/sportyheaven.pl\/en\/wp-json\/wp\/v2\/media?parent=3338"}],"wp:term":[{"taxonomy":"marka","embeddable":true,"href":"https:\/\/sportyheaven.pl\/en\/wp-json\/wp\/v2\/marka?post=3338"},{"taxonomy":"product_cat","embeddable":true,"href":"https:\/\/sportyheaven.pl\/en\/wp-json\/wp\/v2\/product_cat?post=3338"},{"taxonomy":"product_tag","embeddable":true,"href":"https:\/\/sportyheaven.pl\/en\/wp-json\/wp\/v2\/product_tag?post=3338"}],"curies":[{"name":"wp","href":"https:\/\/api.w.org\/{rel}","templated":true}]}}