{"id":3323,"date":"2023-12-13T13:19:16","date_gmt":"2023-12-13T12:19:16","guid":{"rendered":"https:\/\/sportyheaven.pl\/produkty\/bosu-trainer\/"},"modified":"2025-04-29T08:32:41","modified_gmt":"2025-04-29T06:32:41","slug":"bosu-trainer","status":"publish","type":"product","link":"https:\/\/sportyheaven.pl\/en\/sklep\/bosu-trainer\/","title":{"rendered":"Platforma balansuj\u0105ca fitness"},"content":{"rendered":"<div style=\"text-align: justify;\"><strong data-start=\"1070\" data-end=\"1089\">\u26a1 Wszechstronno\u015b\u0107<\/strong> \u2013 idealna do treningu si\u0142owego, r\u00f3wnowagi, koordynacji i cardio.<br data-start=\"1154\" data-end=\"1157\" \/> \u26a1 <strong data-start=\"1159\" data-end=\"1174\">Efektywno\u015b\u0107<\/strong> \u2013 anga\u017cuje mi\u0119\u015bnie g\u0142\u0119bokie, poprawia stabilizacj\u0119 i postaw\u0119.<br data-start=\"1236\" data-end=\"1239\" \/> \u26a1 <strong data-start=\"1241\" data-end=\"1257\">Dostosowanie<\/strong> \u2013 odpowiednia zar\u00f3wno dla pocz\u0105tkuj\u0105cych, jak i zaawansowanych u\u017cytkownik\u00f3w.<br data-start=\"1334\" data-end=\"1337\" \/> \u26a1 <strong data-start=\"1339\" data-end=\"1360\">Kompaktowy design<\/strong> \u2013 lekka i \u0142atwa do przechowywania, zmie\u015bci si\u0119 w ka\u017cdej przestrzeni treningowej.<br data-start=\"1441\" data-end=\"1444\" \/> \u26a1 <strong data-start=\"1446\" data-end=\"1464\">Bezpiecze\u0144stwo<\/strong><\/p>\n<p>\u2013 wykonana z wysokiej jako\u015bci materia\u0142\u00f3w, z antypo\u015blizgow\u0105 powierzchni\u0105 dla maksymalnego komfortu.<\/p>\n<\/div>\n","protected":false},"excerpt":{"rendered":"<p>YAKIMASPORT<br \/>\nEAN: 5903137554666<\/p>\n","protected":false},"featured_media":3321,"template":"","meta":{"_acf_changed":false},"marka":[145],"product_cat":[123,61,72],"product_tag":[],"class_list":{"0":"post-3323","1":"product","2":"type-product","3":"status-publish","4":"has-post-thumbnail","6":"marka-yakimasport","7":"product_cat-yakimasport","8":"product_cat-silownia-fitness","9":"product_cat-akcesoria-fitness","11":"first","12":"instock","13":"featured","14":"taxable","15":"shipping-taxable","16":"purchasable","17":"product-type-simple"},"acf":[],"_links":{"self":[{"href":"https:\/\/sportyheaven.pl\/en\/wp-json\/wp\/v2\/product\/3323","targetHints":{"allow":["GET"]}}],"collection":[{"href":"https:\/\/sportyheaven.pl\/en\/wp-json\/wp\/v2\/product"}],"about":[{"href":"https:\/\/sportyheaven.pl\/en\/wp-json\/wp\/v2\/types\/product"}],"version-history":[{"count":2,"href":"https:\/\/sportyheaven.pl\/en\/wp-json\/wp\/v2\/product\/3323\/revisions"}],"predecessor-version":[{"id":5936,"href":"https:\/\/sportyheaven.pl\/en\/wp-json\/wp\/v2\/product\/3323\/revisions\/5936"}],"wp:featuredmedia":[{"embeddable":true,"href":"https:\/\/sportyheaven.pl\/en\/wp-json\/wp\/v2\/media\/3321"}],"wp:attachment":[{"href":"https:\/\/sportyheaven.pl\/en\/wp-json\/wp\/v2\/media?parent=3323"}],"wp:term":[{"taxonomy":"marka","embeddable":true,"href":"https:\/\/sportyheaven.pl\/en\/wp-json\/wp\/v2\/marka?post=3323"},{"taxonomy":"product_cat","embeddable":true,"href":"https:\/\/sportyheaven.pl\/en\/wp-json\/wp\/v2\/product_cat?post=3323"},{"taxonomy":"product_tag","embeddable":true,"href":"https:\/\/sportyheaven.pl\/en\/wp-json\/wp\/v2\/product_tag?post=3323"}],"curies":[{"name":"wp","href":"https:\/\/api.w.org\/{rel}","templated":true}]}}