{"id":3320,"date":"2023-12-13T13:19:15","date_gmt":"2023-12-13T12:19:15","guid":{"rendered":"https:\/\/sportyheaven.pl\/produkty\/beret-stabilizacyjny-dysk-pompowany\/"},"modified":"2025-04-29T08:28:47","modified_gmt":"2025-04-29T06:28:47","slug":"beret-stabilizacyjny-dysk-pompowany","status":"publish","type":"product","link":"https:\/\/sportyheaven.pl\/en\/sklep\/beret-stabilizacyjny-dysk-pompowany\/","title":{"rendered":"Beret stabilizacyjny, dysk pompowany"},"content":{"rendered":"<p><span style=\"font-family: 'Open Sans', sans-serif; font-size: 10pt;\">\u2705 Poprawa r\u00f3wnowagi i koordynacji ruchowej.<\/span><br \/><span style=\"font-family: 'Open Sans', sans-serif; font-size: 10pt;\">\u2705 Wzmocnienie mi\u0119\u015bni g\u0142\u0119bokich, brzucha, plec\u00f3w oraz ko\u0144czyn dolnych.<\/span><br \/><span style=\"font-family: 'Open Sans', sans-serif; font-size: 10pt;\">\u2705 Wsparcie w procesie rehabilitacji po urazach.<\/span><br \/><span style=\"font-family: 'Open Sans', sans-serif; font-size: 10pt;\">\u2705 Redukcja b\u00f3lu plec\u00f3w dzi\u0119ki poprawie postawy cia\u0142a.<\/span><br \/><span style=\"font-family: 'Open Sans', sans-serif; font-size: 10pt;\">\u2705 Mo\u017cliwo\u015b\u0107 wykorzystania jako alternatywa dla krzes\u0142a, wspomagaj\u0105c aktywne siedzenie<\/span><\/p>\n","protected":false},"excerpt":{"rendered":"<p>YAKIMASPORT<br \/>\nEAN: 5903796711592<\/p>\n","protected":false},"featured_media":3318,"template":"","meta":{"_acf_changed":false},"marka":[145],"product_cat":[123,61,72],"product_tag":[],"class_list":{"0":"post-3320","1":"product","2":"type-product","3":"status-publish","4":"has-post-thumbnail","6":"marka-yakimasport","7":"product_cat-yakimasport","8":"product_cat-silownia-fitness","9":"product_cat-akcesoria-fitness","11":"first","12":"instock","13":"taxable","14":"shipping-taxable","15":"purchasable","16":"product-type-simple"},"acf":[],"_links":{"self":[{"href":"https:\/\/sportyheaven.pl\/en\/wp-json\/wp\/v2\/product\/3320","targetHints":{"allow":["GET"]}}],"collection":[{"href":"https:\/\/sportyheaven.pl\/en\/wp-json\/wp\/v2\/product"}],"about":[{"href":"https:\/\/sportyheaven.pl\/en\/wp-json\/wp\/v2\/types\/product"}],"version-history":[{"count":1,"href":"https:\/\/sportyheaven.pl\/en\/wp-json\/wp\/v2\/product\/3320\/revisions"}],"predecessor-version":[{"id":5907,"href":"https:\/\/sportyheaven.pl\/en\/wp-json\/wp\/v2\/product\/3320\/revisions\/5907"}],"wp:featuredmedia":[{"embeddable":true,"href":"https:\/\/sportyheaven.pl\/en\/wp-json\/wp\/v2\/media\/3318"}],"wp:attachment":[{"href":"https:\/\/sportyheaven.pl\/en\/wp-json\/wp\/v2\/media?parent=3320"}],"wp:term":[{"taxonomy":"marka","embeddable":true,"href":"https:\/\/sportyheaven.pl\/en\/wp-json\/wp\/v2\/marka?post=3320"},{"taxonomy":"product_cat","embeddable":true,"href":"https:\/\/sportyheaven.pl\/en\/wp-json\/wp\/v2\/product_cat?post=3320"},{"taxonomy":"product_tag","embeddable":true,"href":"https:\/\/sportyheaven.pl\/en\/wp-json\/wp\/v2\/product_tag?post=3320"}],"curies":[{"name":"wp","href":"https:\/\/api.w.org\/{rel}","templated":true}]}}