{"id":3314,"date":"2023-12-13T13:19:12","date_gmt":"2023-12-13T12:19:12","guid":{"rendered":"https:\/\/sportyheaven.pl\/produkty\/kolko-treningowe-podwojne-exercise-wheel-double\/"},"modified":"2025-04-29T08:28:47","modified_gmt":"2025-04-29T06:28:47","slug":"kolko-treningowe-podwojne-exercise-wheel-double","status":"publish","type":"product","link":"https:\/\/sportyheaven.pl\/en\/sklep\/kolko-treningowe-podwojne-exercise-wheel-double\/","title":{"rendered":"K\u00f3\u0142ko treningowe do \u0107wicze\u0144 mi\u0119\u015bni brzucha"},"content":{"rendered":"<p><span style=\"font-family: 'Open Sans', sans-serif; font-size: 10pt;\">\u2705 Skuteczne narz\u0119dzie do \u0107wicze\u0144<\/span><br \/><span style=\"font-family: 'Open Sans', sans-serif; font-size: 10pt;\">\u2705 Posiada podw\u00f3jne ko\u0142o zapewniaj\u0105ce bardziej stabiln\u0105 przyczepno\u015b\u0107<\/span><br \/><span style=\"font-family: 'Open Sans', sans-serif; font-size: 10pt;\">\u2705 Kompaktowa i lekka konstrukcja zapewniaj\u0105ca lepsz\u0105 mobilno\u015b\u0107<\/span><br \/><span style=\"font-family: 'Open Sans', sans-serif; font-size: 10pt;\">\u2705 Posiada antypo\u015blizgowe, neoprenowe uchwyty zapewniaj\u0105ce wygodny chwyt<\/span><br \/><span style=\"font-family: 'Open Sans', sans-serif; font-size: 10pt;\">\u2705 Wzmacnia mi\u0119\u015bnie brzucha, d\u0142oni, ramion i plec\u00f3w<\/span><\/p>\n","protected":false},"excerpt":{"rendered":"<p>YAKIMASPORT<br \/>\nEAN: 5903796711875<\/p>\n","protected":false},"featured_media":3312,"template":"","meta":{"_acf_changed":false},"marka":[145],"product_cat":[123,61,72],"product_tag":[],"class_list":{"0":"post-3314","1":"product","2":"type-product","3":"status-publish","4":"has-post-thumbnail","6":"marka-yakimasport","7":"product_cat-yakimasport","8":"product_cat-silownia-fitness","9":"product_cat-akcesoria-fitness","11":"first","12":"instock","13":"taxable","14":"shipping-taxable","15":"purchasable","16":"product-type-simple"},"acf":[],"_links":{"self":[{"href":"https:\/\/sportyheaven.pl\/en\/wp-json\/wp\/v2\/product\/3314","targetHints":{"allow":["GET"]}}],"collection":[{"href":"https:\/\/sportyheaven.pl\/en\/wp-json\/wp\/v2\/product"}],"about":[{"href":"https:\/\/sportyheaven.pl\/en\/wp-json\/wp\/v2\/types\/product"}],"version-history":[{"count":1,"href":"https:\/\/sportyheaven.pl\/en\/wp-json\/wp\/v2\/product\/3314\/revisions"}],"predecessor-version":[{"id":5835,"href":"https:\/\/sportyheaven.pl\/en\/wp-json\/wp\/v2\/product\/3314\/revisions\/5835"}],"wp:featuredmedia":[{"embeddable":true,"href":"https:\/\/sportyheaven.pl\/en\/wp-json\/wp\/v2\/media\/3312"}],"wp:attachment":[{"href":"https:\/\/sportyheaven.pl\/en\/wp-json\/wp\/v2\/media?parent=3314"}],"wp:term":[{"taxonomy":"marka","embeddable":true,"href":"https:\/\/sportyheaven.pl\/en\/wp-json\/wp\/v2\/marka?post=3314"},{"taxonomy":"product_cat","embeddable":true,"href":"https:\/\/sportyheaven.pl\/en\/wp-json\/wp\/v2\/product_cat?post=3314"},{"taxonomy":"product_tag","embeddable":true,"href":"https:\/\/sportyheaven.pl\/en\/wp-json\/wp\/v2\/product_tag?post=3314"}],"curies":[{"name":"wp","href":"https:\/\/api.w.org\/{rel}","templated":true}]}}