{"id":3308,"date":"2023-12-13T13:19:10","date_gmt":"2023-12-13T12:19:10","guid":{"rendered":"https:\/\/sportyheaven.pl\/produkty\/zimny-bandaz\/"},"modified":"2025-02-23T02:08:19","modified_gmt":"2025-02-23T01:08:19","slug":"zimny-bandaz","status":"publish","type":"product","link":"https:\/\/sportyheaven.pl\/en\/sklep\/zimny-bandaz\/","title":{"rendered":"Zimny banda\u017c"},"content":{"rendered":"<p><span style=\"font-family: 'Open Sans', sans-serif;\"><span style=\"font-size: 10pt;\">\u2705 Banda\u017c ch\u0142odz\u0105cy pomaga zmniejszy\u0107 czas regeneracji, \u0142\u0105cz\u0105c zar\u00f3wno ch\u0142odzenie i proces kompresji w jednym.<br \/>\u2705 Banda\u017c zosta\u0142 stworzony ze elastycznego materia\u0142u, kt\u00f3ry po kontakcie ze sk\u00f3r\u0105, ch\u0142odzi.\u00a0<br \/>\u2705 Zastosowanie:\u00a0st\u0142uczenia, skr\u0119cenia, zwichni\u0119cia.<br \/><\/span><span style=\"font-size: 10pt;\">\u2705 Zalety:\u00a0\u0142agodzi b\u00f3l i obrz\u0119ki, usztywnia miejsce, ch\u0142odzi miejsce.<br \/><\/span><span style=\"font-size: 10pt;\">\u2705 Wymiary:\u00a07,5 x 350 cm<br \/>\u2705 Materia\u0142:\u00a0bawe\u0142na, elastan, poliester<\/span><\/span><\/p>\n","protected":false},"excerpt":{"rendered":"<p>YAKIMASPORT<br \/>\nEAN: 5906718236197<\/p>\n","protected":false},"featured_media":3306,"template":"","meta":{"_acf_changed":false},"marka":[145],"product_cat":[137,136,123,61,72],"product_tag":[],"class_list":{"0":"post-3308","1":"product","2":"type-product","3":"status-publish","4":"has-post-thumbnail","6":"marka-yakimasport","7":"product_cat-pozostale-wyposazenie","8":"product_cat-wyposazenie","9":"product_cat-yakimasport","10":"product_cat-silownia-fitness","11":"product_cat-akcesoria-fitness","13":"first","14":"instock","15":"taxable","16":"shipping-taxable","17":"purchasable","18":"product-type-simple"},"acf":[],"_links":{"self":[{"href":"https:\/\/sportyheaven.pl\/en\/wp-json\/wp\/v2\/product\/3308","targetHints":{"allow":["GET"]}}],"collection":[{"href":"https:\/\/sportyheaven.pl\/en\/wp-json\/wp\/v2\/product"}],"about":[{"href":"https:\/\/sportyheaven.pl\/en\/wp-json\/wp\/v2\/types\/product"}],"version-history":[{"count":1,"href":"https:\/\/sportyheaven.pl\/en\/wp-json\/wp\/v2\/product\/3308\/revisions"}],"predecessor-version":[{"id":5882,"href":"https:\/\/sportyheaven.pl\/en\/wp-json\/wp\/v2\/product\/3308\/revisions\/5882"}],"wp:featuredmedia":[{"embeddable":true,"href":"https:\/\/sportyheaven.pl\/en\/wp-json\/wp\/v2\/media\/3306"}],"wp:attachment":[{"href":"https:\/\/sportyheaven.pl\/en\/wp-json\/wp\/v2\/media?parent=3308"}],"wp:term":[{"taxonomy":"marka","embeddable":true,"href":"https:\/\/sportyheaven.pl\/en\/wp-json\/wp\/v2\/marka?post=3308"},{"taxonomy":"product_cat","embeddable":true,"href":"https:\/\/sportyheaven.pl\/en\/wp-json\/wp\/v2\/product_cat?post=3308"},{"taxonomy":"product_tag","embeddable":true,"href":"https:\/\/sportyheaven.pl\/en\/wp-json\/wp\/v2\/product_tag?post=3308"}],"curies":[{"name":"wp","href":"https:\/\/api.w.org\/{rel}","templated":true}]}}