{"id":3302,"date":"2023-12-13T13:19:08","date_gmt":"2023-12-13T12:19:08","guid":{"rendered":"https:\/\/sportyheaven.pl\/produkty\/apteczka-z-wyposazeniem-torba-medyczna\/"},"modified":"2025-04-29T08:27:44","modified_gmt":"2025-04-29T06:27:44","slug":"apteczka-z-wyposazeniem-torba-medyczna","status":"publish","type":"product","link":"https:\/\/sportyheaven.pl\/en\/sklep\/apteczka-z-wyposazeniem-torba-medyczna\/","title":{"rendered":"Apteczka z wyposa\u017ceniem, torba medyczna"},"content":{"rendered":"<p><span style=\"font-family: 'Open Sans', sans-serif; font-size: 10pt;\">\u2705\u00a0Wymiary: 31x21x12cm <\/span><br \/><span style=\"font-family: 'Open Sans', sans-serif; font-size: 10pt;\">\u2705 Szczeg\u00f3\u0142y wyposa\u017cenia w opisie<\/span><\/p>\n","protected":false},"excerpt":{"rendered":"<p>YAKIMASPORT<br \/>\nEAN: 5906718236203<\/p>\n","protected":false},"featured_media":3300,"template":"","meta":{"_acf_changed":false},"marka":[],"product_cat":[130,131,123,74,80],"product_tag":[],"class_list":{"0":"post-3302","1":"product","2":"type-product","3":"status-publish","4":"has-post-thumbnail","6":"product_cat-akcesoria-dla-szkol","7":"product_cat-pozostale-akcesoria-dla-szkol","8":"product_cat-yakimasport","9":"product_cat-pilka-nozna","10":"product_cat-akcesoria-pilkarskie","12":"first","13":"instock","14":"taxable","15":"shipping-taxable","16":"purchasable","17":"product-type-simple"},"acf":[],"_links":{"self":[{"href":"https:\/\/sportyheaven.pl\/en\/wp-json\/wp\/v2\/product\/3302","targetHints":{"allow":["GET"]}}],"collection":[{"href":"https:\/\/sportyheaven.pl\/en\/wp-json\/wp\/v2\/product"}],"about":[{"href":"https:\/\/sportyheaven.pl\/en\/wp-json\/wp\/v2\/types\/product"}],"version-history":[{"count":1,"href":"https:\/\/sportyheaven.pl\/en\/wp-json\/wp\/v2\/product\/3302\/revisions"}],"predecessor-version":[{"id":5881,"href":"https:\/\/sportyheaven.pl\/en\/wp-json\/wp\/v2\/product\/3302\/revisions\/5881"}],"wp:featuredmedia":[{"embeddable":true,"href":"https:\/\/sportyheaven.pl\/en\/wp-json\/wp\/v2\/media\/3300"}],"wp:attachment":[{"href":"https:\/\/sportyheaven.pl\/en\/wp-json\/wp\/v2\/media?parent=3302"}],"wp:term":[{"taxonomy":"marka","embeddable":true,"href":"https:\/\/sportyheaven.pl\/en\/wp-json\/wp\/v2\/marka?post=3302"},{"taxonomy":"product_cat","embeddable":true,"href":"https:\/\/sportyheaven.pl\/en\/wp-json\/wp\/v2\/product_cat?post=3302"},{"taxonomy":"product_tag","embeddable":true,"href":"https:\/\/sportyheaven.pl\/en\/wp-json\/wp\/v2\/product_tag?post=3302"}],"curies":[{"name":"wp","href":"https:\/\/api.w.org\/{rel}","templated":true}]}}