{"id":3296,"date":"2023-12-13T13:19:06","date_gmt":"2023-12-13T12:19:06","guid":{"rendered":"https:\/\/sportyheaven.pl\/produkty\/skrzynia-plyometryczna\/"},"modified":"2025-04-29T08:27:44","modified_gmt":"2025-04-29T06:27:44","slug":"skrzynia-plyometryczna","status":"publish","type":"product","link":"https:\/\/sportyheaven.pl\/en\/sklep\/skrzynia-plyometryczna\/","title":{"rendered":"Skrzynia plyometryczna"},"content":{"rendered":"<p><span style=\"font-family: 'Open Sans', sans-serif; font-size: 10pt;\">\u2705\u00a0Skrzynia jest z\u0142o\u017cona gotowa do \u0107wicze\u0144<\/span><br \/><span style=\"font-family: 'Open Sans', sans-serif; font-size: 10pt;\">\u2705 Umo\u017cliwia trening na trzech wysoko\u015bciach: 75cm, 60cm, 50cm<\/span><\/p>\n","protected":false},"excerpt":{"rendered":"<p>Yakima<br \/>\nEAN: 5903796712308<\/p>\n","protected":false},"featured_media":3294,"template":"","meta":{"_acf_changed":false},"marka":[145],"product_cat":[123,61,72],"product_tag":[],"class_list":{"0":"post-3296","1":"product","2":"type-product","3":"status-publish","4":"has-post-thumbnail","6":"marka-yakimasport","7":"product_cat-yakimasport","8":"product_cat-silownia-fitness","9":"product_cat-akcesoria-fitness","11":"first","12":"instock","13":"taxable","14":"shipping-taxable","15":"purchasable","16":"product-type-simple"},"acf":[],"_links":{"self":[{"href":"https:\/\/sportyheaven.pl\/en\/wp-json\/wp\/v2\/product\/3296","targetHints":{"allow":["GET"]}}],"collection":[{"href":"https:\/\/sportyheaven.pl\/en\/wp-json\/wp\/v2\/product"}],"about":[{"href":"https:\/\/sportyheaven.pl\/en\/wp-json\/wp\/v2\/types\/product"}],"version-history":[{"count":1,"href":"https:\/\/sportyheaven.pl\/en\/wp-json\/wp\/v2\/product\/3296\/revisions"}],"predecessor-version":[{"id":5785,"href":"https:\/\/sportyheaven.pl\/en\/wp-json\/wp\/v2\/product\/3296\/revisions\/5785"}],"wp:featuredmedia":[{"embeddable":true,"href":"https:\/\/sportyheaven.pl\/en\/wp-json\/wp\/v2\/media\/3294"}],"wp:attachment":[{"href":"https:\/\/sportyheaven.pl\/en\/wp-json\/wp\/v2\/media?parent=3296"}],"wp:term":[{"taxonomy":"marka","embeddable":true,"href":"https:\/\/sportyheaven.pl\/en\/wp-json\/wp\/v2\/marka?post=3296"},{"taxonomy":"product_cat","embeddable":true,"href":"https:\/\/sportyheaven.pl\/en\/wp-json\/wp\/v2\/product_cat?post=3296"},{"taxonomy":"product_tag","embeddable":true,"href":"https:\/\/sportyheaven.pl\/en\/wp-json\/wp\/v2\/product_tag?post=3296"}],"curies":[{"name":"wp","href":"https:\/\/api.w.org\/{rel}","templated":true}]}}